{"id":4399,"date":"2024-11-17T13:48:16","date_gmt":"2024-11-17T12:48:16","guid":{"rendered":"http:\/\/klubmamgdynia.pl\/?post_type=product&#038;p=4399"},"modified":"2026-05-17T22:05:35","modified_gmt":"2026-05-17T20:05:35","slug":"gazelo-balony-zestaw-7951","status":"publish","type":"product","link":"http:\/\/klubmamgdynia.pl\/index.php\/produkt\/gazelo-balony-zestaw-7951\/","title":{"rendered":"Gazelo Balony Zestaw 7951"},"content":{"rendered":"<p>SUPER CENA &#8211; TANIA DOSTAWA ! &#8211; gazelo Balony zestaw G123319 07951 &#8211; PACZKOMAT, POCZTA, KURIER<\/p>\n<h2>Gazelo Balony Zestaw 7951 Gazelo<\/h2>\n<p>dinozaur bajka, flagi \u015bwiata quiz, dawne ko\u0142ysanki teksty, przeczytaj mi wiersz, test narnia lew czarownica i stara szafa, ewelina, el\u017cbieta imi\u0119, cytaty o przyja\u017ani, jak narysowa\u0107 kr\u00f3lika, cytat z ma\u0142ego ksi\u0119cia o przyja\u017ani, pomys\u0142 na prezent dla nastolatki, ela znaczenie imienia, zagadki o zwierz\u0119tach, quiz online, trudne zagadki z odpowiedziami, europa stolice quiz, zak\u0142adka do ksi\u0105\u017cki szablon do druku, opowie\u015b\u0107 wigilijna test z odpowiedziami, lol kolorowanki do druku<\/p>\n<p>yyyyy<\/p>\n<p>&nbsp;<\/p>\n","protected":false},"excerpt":{"rendered":"<p>SUPER CENA &#8211; TANIA DOSTAWA ! &#8211; gazelo Balony zestaw G123319 07951 &#8211; PACZKOMAT, POCZTA, KURIER Gazelo Balony Zestaw 7951 Gazelo dinozaur bajka, flagi \u015bwiata quiz, dawne ko\u0142ysanki teksty, przeczytaj mi wiersz, test narnia lew czarownica i stara szafa, ewelina, el\u017cbieta imi\u0119, cytaty o przyja\u017ani, jak narysowa\u0107 kr\u00f3lika, cytat z ma\u0142ego ksi\u0119cia o przyja\u017ani, pomys\u0142 [&hellip;]<\/p>\n","protected":false},"featured_media":4400,"comment_status":"closed","ping_status":"open","template":"","meta":[],"product_cat":[1213,80],"product_tag":[817,660,789,665],"class_list":["post-4399","product","type-product","status-publish","has-post-thumbnail","hentry","product_cat-gazelo","product_cat-pozostale-zabawki-ogrodowe","product_tag-bajka-terapeutyczna-o-emocjach","product_tag-bianka","product_tag-kaczuszka","product_tag-proste-zagadki"],"_links":{"self":[{"href":"http:\/\/klubmamgdynia.pl\/index.php\/wp-json\/wp\/v2\/product\/4399","targetHints":{"allow":["GET"]}}],"collection":[{"href":"http:\/\/klubmamgdynia.pl\/index.php\/wp-json\/wp\/v2\/product"}],"about":[{"href":"http:\/\/klubmamgdynia.pl\/index.php\/wp-json\/wp\/v2\/types\/product"}],"replies":[{"embeddable":true,"href":"http:\/\/klubmamgdynia.pl\/index.php\/wp-json\/wp\/v2\/comments?post=4399"}],"wp:featuredmedia":[{"embeddable":true,"href":"http:\/\/klubmamgdynia.pl\/index.php\/wp-json\/wp\/v2\/media\/4400"}],"wp:attachment":[{"href":"http:\/\/klubmamgdynia.pl\/index.php\/wp-json\/wp\/v2\/media?parent=4399"}],"wp:term":[{"taxonomy":"product_cat","embeddable":true,"href":"http:\/\/klubmamgdynia.pl\/index.php\/wp-json\/wp\/v2\/product_cat?post=4399"},{"taxonomy":"product_tag","embeddable":true,"href":"http:\/\/klubmamgdynia.pl\/index.php\/wp-json\/wp\/v2\/product_tag?post=4399"}],"curies":[{"name":"wp","href":"https:\/\/api.w.org\/{rel}","templated":true}]}}