{"id":44,"date":"2022-08-19T20:33:20","date_gmt":"2022-08-19T18:33:20","guid":{"rendered":"http:\/\/klubmamgdynia.pl\/?post_type=product&#038;p=44"},"modified":"2026-05-17T23:00:49","modified_gmt":"2026-05-17T21:00:49","slug":"ramiz-pojazd-quad-atv-pompowane-kola-zielony","status":"publish","type":"product","link":"http:\/\/klubmamgdynia.pl\/index.php\/produkt\/ramiz-pojazd-quad-atv-pompowane-kola-zielony\/","title":{"rendered":"Ramiz Pojazd Quad Atv Pompowane Ko\u0142a Zielony"},"content":{"rendered":"<p>Pojazd Quad ATV Pompowane Ko\u0142a Zielony (PA.BDM0906.AIR.ZIE) Nasz Quad ATV dla dzieci to fantastyczny upominek dla ka\u017cdego malucha. Pojazd b\u0119dzie idealny na pocz\u0105tek przygody z motoryzacj\u0105. Przypadnie do gustu zar\u00f3wno ch\u0142opcom jak i dziewcz\u0119tom. Poprzez zabaw\u0119 Twoje dziecko zdob\u0119dzie nowe umiej\u0119tno\u015bci, nauczy si\u0119 panowa\u0107 nad pojazdem, pozna podstawy bezpiecznego poruszania si\u0119 po drodze oraz proste zasady ruchu drogowego i rozwinie w\u0142asn\u0105 motoryk\u0119. To najlepsza zabawa i nauka w jednym! Dlaczego warto naby\u0107 quad na akumulator?Zakup quada to doskona\u0142y spos\u00f3b na urozmaicenie codziennej aktywno\u015bci dziecka i sp\u0119dzenie wsp\u00f3lnych chwil na \u015bwie\u017cym powietrzu. Prezentowany model to zabawka w pe\u0142ni bezpieczna. Jazda pojazdem jest komfortowa, stabilno\u015b\u0107 zapewniaj\u0105 cztery piankowe mi\u0119kkie ko\u0142a. Siedzenie wykonane zosta\u0142o z czarnej ekosk\u00f3ry dla wygody Twojego dziecka. Pojazd je\u017adzi do przodu i ty\u0142u, posiada unikalne \u015bwiat\u0142a LED z przodu pojazdu. Si\u0142a nap\u0119dowa pojazdu to dwa silniki po 45W ka\u017cdy. Pojazd wyposa\u017cony zosta\u0142 w akumulator 12V\/7Ah. Z takim pojazdem Twoje dziecko z ch\u0119ci\u0105 wybierze si\u0119 na ka\u017cdy d\u0142ugi spacer na \u015bwie\u017cym powietrzu! Quad ze wzgl\u0119du na swoje niewielkie gabaryty \u015bwietnie sprawdzi si\u0119 r\u00f3wnie\u017c do jazdy po mieszkaniu. Maksymalne obci\u0105\u017cenie nie powinno przekracza\u0107 30 kg. Dane o poje\u017adzie Quad ATV: pojazd w kolorze zielonym, silnik 2x45W, akumulator 12V\/7Ah, \u0142o\u017cyskowane ko\u0142a pompowane, bieg do przodu i do ty\u0142u, siedzenie z ekosk\u00f3ry, \u015bwiat\u0142a LED z przodu i ty\u0142u pojazdu, w\u0142\u0105cznik START, instrukcja + zestaw monta\u017cowy, \u0142adowarka. Wyposa\u017cenie dodatkowe: panel AUDIO: MP3, radio FM, wej\u015bcie Tf na karty SD, wgrane melodyjki, wej\u015bcie AUX, przyciski z melodyjkami i klaksonem, mo\u017cliwo\u015b\u0107 pod\u0142\u0105czenia USB, wska\u017anik na\u0142adowania, w\u0142\u0105cznik z odg\u0142osami silnika. Wymiary Quad ATV: rozmiar pojazdu ok. 102 cm x 65 cm x 73 cm, ko\u0142a ok. 34 cm x 14 cm, siedzenie ok. 32 cm x 21 cm, prze\u015bwit ok. 23 cm, maksymalne obci\u0105\u017cenie ok. 30 kg, waga pojazdu ok. 19,7 kg, wymiary opakowania ok. 100 cm x 60 cm x 40 cm, waga opakowania ok. 24 kg. Wytyczne u\u017cytkowania quada dla dzieci na akumulator Czas \u0142adowania quada wynosi 8 do 10 godzin. Prawid\u0142owo u\u017cytkowany akumulator nie powinien by\u0107 przetrzymywany po roz\u0142adowaniu, d\u0142u\u017cej ni\u017c dob\u0119, poniewa\u017c mo\u017ce znacznie si\u0119 skr\u00f3ci\u0107 jego \u017cywotno\u015b\u0107. Przed pierwszym uruchomieniem, nale\u017cy zapozna\u0107 si\u0119 z instrukcj\u0105. Co zyskujesz kupuj\u0105c u nas pojazd na akumulator? Posiadamy w ofercie szeroki wyb\u00f3r pojazd\u00f3w na akumulator dla dzieci. S\u0142u\u017cymy rad\u0105 i pomoc\u0105 w wyborze idealnego modelu dla ma\u0142ego kierowcy. Prowadzimy serwis gwarancyjny i pogwarancyjny. Posiadamy wszelkie cz\u0119\u015bci zamienne do oferowanych przez nas pojazd\u00f3w. Do ka\u017cdego modelu do\u0142\u0105czamy tablic\u0119 rejestracyjn\u0105 z imieniem twojej pociechy. Przy zakupie prosimy o wpisanie imienia dziecka w rubryce dodatkowe informacje.<\/p>\n<h2>Ramiz Pojazd Quad Atv Pompowane Ko\u0142a Zielony Ramiz<\/h2>\n<p>esmeralda, kolorowanka lol do druku, transformers kolorowanka, zagadki rymowanki dla dzieci, lol do druku, aneta, magiczne drzewo czerwone krzes\u0142o test, \u0142amig\u0142\u00f3wki dla dzieci, atrakcje dla dzieci warszawa i okolice, dyplom dla przedszkolaka do wydruku, zagadki przyrodnicze, wzruszaj\u0105c\u0105 piosenka dla taty, maciej imie, babciu droga babciu tekst, podchwytliwe zagadki dla dzieci, kolorowanka kotka, czapka g\u00f3rnika kolorowanka, kolorowanka potwory, rymowanki o pisankach<\/p>\n<p>yyyyy<\/p>\n<p>&nbsp;<\/p>\n","protected":false},"excerpt":{"rendered":"<p>Pojazd Quad ATV Pompowane Ko\u0142a Zielony (PA.BDM0906.AIR.ZIE) Nasz Quad ATV dla dzieci to fantastyczny upominek dla ka\u017cdego malucha. Pojazd b\u0119dzie idealny na pocz\u0105tek przygody z motoryzacj\u0105. Przypadnie do gustu zar\u00f3wno ch\u0142opcom jak i dziewcz\u0119tom. Poprzez zabaw\u0119 Twoje dziecko zdob\u0119dzie nowe umiej\u0119tno\u015bci, nauczy si\u0119 panowa\u0107 nad pojazdem, pozna podstawy bezpiecznego poruszania si\u0119 po drodze oraz proste [&hellip;]<\/p>\n","protected":false},"featured_media":45,"comment_status":"closed","ping_status":"open","template":"","meta":[],"product_cat":[36,24],"product_tag":[671,618,821,843,608,714],"class_list":["post-44","product","type-product","status-publish","has-post-thumbnail","hentry","product_cat-ramiz","product_cat-samochody-dla-dzieci","product_tag-cicha-noc-po-angielsku-tekst","product_tag-lato-lato-lato-czeka-tekst","product_tag-marianna","product_tag-smieszne-zagadki-dla-dzieci","product_tag-zagadki-i-odpowiedzi","product_tag-zagadki-logiczne"],"_links":{"self":[{"href":"http:\/\/klubmamgdynia.pl\/index.php\/wp-json\/wp\/v2\/product\/44","targetHints":{"allow":["GET"]}}],"collection":[{"href":"http:\/\/klubmamgdynia.pl\/index.php\/wp-json\/wp\/v2\/product"}],"about":[{"href":"http:\/\/klubmamgdynia.pl\/index.php\/wp-json\/wp\/v2\/types\/product"}],"replies":[{"embeddable":true,"href":"http:\/\/klubmamgdynia.pl\/index.php\/wp-json\/wp\/v2\/comments?post=44"}],"wp:featuredmedia":[{"embeddable":true,"href":"http:\/\/klubmamgdynia.pl\/index.php\/wp-json\/wp\/v2\/media\/45"}],"wp:attachment":[{"href":"http:\/\/klubmamgdynia.pl\/index.php\/wp-json\/wp\/v2\/media?parent=44"}],"wp:term":[{"taxonomy":"product_cat","embeddable":true,"href":"http:\/\/klubmamgdynia.pl\/index.php\/wp-json\/wp\/v2\/product_cat?post=44"},{"taxonomy":"product_tag","embeddable":true,"href":"http:\/\/klubmamgdynia.pl\/index.php\/wp-json\/wp\/v2\/product_tag?post=44"}],"curies":[{"name":"wp","href":"https:\/\/api.w.org\/{rel}","templated":true}]}}