{"id":4405,"date":"2019-09-05T22:42:43","date_gmt":"2019-09-05T20:42:43","guid":{"rendered":"http:\/\/klubmamgdynia.pl\/index.php\/produkt\/miniland-ml89402-0-5l\/"},"modified":"2026-04-06T00:47:50","modified_gmt":"2026-04-05T22:47:50","slug":"miniland-ml89402-0-5l","status":"publish","type":"product","link":"http:\/\/klubmamgdynia.pl\/index.php\/produkt\/miniland-ml89402-0-5l\/","title":{"rendered":"Miniland Ml89402 0.5L"},"content":{"rendered":"<p>Najwa\u017cniejsze cechy: \u2013 bardzo skuteczny \u2013 utrzymuje po\u017c\u0105dan\u0105 temperatur\u0119 przez 24h \u2013 maksymalna odporno\u015b\u0107 i efektywno\u015b\u0107 dzi\u0119ki 3 warstwom izolacyjnym \u2013 podw\u00f3jna warstwa ze stali nierdzewnej (304) z komor\u0105 pr\u00f3\u017cniow\u0105 \u2013 zaw\u00f3r zabezpieczaj\u0105cy przed kapaniem\/wyciekaniem \u2013 wyj\u0105tkowa jako\u015b\u0107 \u2013 \u0142atwy system nalewania p\u0142yn\u00f3w \u2013 idealny aby zabra\u0107 go ze sob\u0105 wsz\u0119dzie \u2013 \u0142atwe czyszczenie \u2013 elementy mo\u017cna \u0142atwo rozebra\u0107 i wyczy\u015bci\u0107<\/p>\n<h2>Miniland Ml89402 0.5L Miniland<\/h2>\n<p>kolorowanki lato, mandale do druku, pch\u0142y na noc, kolorowanki disney, kolorowanka wakacje<\/p>\n<p>yyyyy<\/p>\n<p>&nbsp;<\/p>\n","protected":false},"excerpt":{"rendered":"<p>Najwa\u017cniejsze cechy: \u2013 bardzo skuteczny \u2013 utrzymuje po\u017c\u0105dan\u0105 temperatur\u0119 przez 24h \u2013 maksymalna odporno\u015b\u0107 i efektywno\u015b\u0107 dzi\u0119ki 3 warstwom izolacyjnym \u2013 podw\u00f3jna warstwa ze stali nierdzewnej (304) z komor\u0105 pr\u00f3\u017cniow\u0105 \u2013 zaw\u00f3r zabezpieczaj\u0105cy przed kapaniem\/wyciekaniem \u2013 wyj\u0105tkowa jako\u015b\u0107 \u2013 \u0142atwy system nalewania p\u0142yn\u00f3w \u2013 idealny aby zabra\u0107 go ze sob\u0105 wsz\u0119dzie \u2013 \u0142atwe czyszczenie \u2013 [&hellip;]<\/p>\n","protected":false},"featured_media":4406,"comment_status":"closed","ping_status":"open","template":"","meta":[],"product_cat":[1105,1223],"product_tag":[861,736,634],"class_list":["post-4405","product","type-product","status-publish","has-post-thumbnail","hentry","product_cat-miniland","product_cat-termosy-i-kubki","product_tag-jak-narysowac-psa","product_tag-zabawki-na-roczek","product_tag-zagadki-wielkanocne-dla-dzieci"],"_links":{"self":[{"href":"http:\/\/klubmamgdynia.pl\/index.php\/wp-json\/wp\/v2\/product\/4405","targetHints":{"allow":["GET"]}}],"collection":[{"href":"http:\/\/klubmamgdynia.pl\/index.php\/wp-json\/wp\/v2\/product"}],"about":[{"href":"http:\/\/klubmamgdynia.pl\/index.php\/wp-json\/wp\/v2\/types\/product"}],"replies":[{"embeddable":true,"href":"http:\/\/klubmamgdynia.pl\/index.php\/wp-json\/wp\/v2\/comments?post=4405"}],"wp:featuredmedia":[{"embeddable":true,"href":"http:\/\/klubmamgdynia.pl\/index.php\/wp-json\/wp\/v2\/media\/4406"}],"wp:attachment":[{"href":"http:\/\/klubmamgdynia.pl\/index.php\/wp-json\/wp\/v2\/media?parent=4405"}],"wp:term":[{"taxonomy":"product_cat","embeddable":true,"href":"http:\/\/klubmamgdynia.pl\/index.php\/wp-json\/wp\/v2\/product_cat?post=4405"},{"taxonomy":"product_tag","embeddable":true,"href":"http:\/\/klubmamgdynia.pl\/index.php\/wp-json\/wp\/v2\/product_tag?post=4405"}],"curies":[{"name":"wp","href":"https:\/\/api.w.org\/{rel}","templated":true}]}}