{"id":4407,"date":"2014-12-05T23:10:09","date_gmt":"2014-12-05T22:10:09","guid":{"rendered":"http:\/\/klubmamgdynia.pl\/index.php\/produkt\/mattel-figurka-masters-of-the-universe-origins-orko-gnn93\/"},"modified":"2026-05-01T16:23:12","modified_gmt":"2026-05-01T14:23:12","slug":"mattel-figurka-masters-of-the-universe-origins-orko-gnn93","status":"publish","type":"product","link":"http:\/\/klubmamgdynia.pl\/index.php\/produkt\/mattel-figurka-masters-of-the-universe-origins-orko-gnn93\/","title":{"rendered":"Mattel figurka Masters of the Universe Origins Orko GNN93"},"content":{"rendered":"<p>Figurka Orko o wysoko\u015bci oko\u0142o 14 cm, wyprodukowana przez cenion\u0105 mark\u0119 Mattel. Wzorowana bezpo\u015brednio na oryginalnej serii figurek, jak i animowanym serialu Masters of the Universe \/ W\u0142adcy wszech\u015bwiata.                            <\/p>\n<p>Figurka zosta\u0142a wykonana na styl oryginalnej serii z dawnych lat. Posiada w zestawie dodatkowe akcesoria, oraz jest w pe\u0142ni ruchoma. Zosta\u0142a zapakowana w blister.                            <\/p>\n<p>Masters of The Universe to kultowy film i serial animowany opowiadaj\u0105cy o losach najsilniejszego cz\u0142owieka we wszech\u015bwiecie &#8211; He-Mana oraz jego przyjaci\u00f3\u0142 i ich najwi\u0119kszego wroga z\u0142ego Skeletora, kt\u00f3ry pragnie zdoby\u0107 moc Pos\u0119pnego Czerepu.                            <\/p>\n<p>Zbierz pozosta\u0142e figurki z serii, by wzbogaci\u0107 swoj\u0105 kolekcj\u0119 i wymy\u015bla\u0107 jeszcze wi\u0119cej historyjek                            <\/p>\n<p>            Mattel MASTERS OF THE UNIVERSE Figurka Panthor GVN49<\/p>\n<p>            Mattel MASTERS OF THE UNIVERSE Figurka Ram Man + Akcesoria GVL78<\/p>\n<p>            Mattel MASTERS OF THE UNIVERSE Figurka Clamp Champ + Akcesoria GVL79<\/p>\n<p>            Mattel figurka Masters of the Universe Origins Orko GNN93<\/p>\n<p>            Mattel Masters of The Universe Figurka Skeletor GNN84 GNN88 <\/p>\n<p>            Mattel Masters of The Universe Figurka He Man GNN84 GNN85 <\/p>\n<p>            Mattel Masters of The Universe Scare Glow GNN84 GNN94 <\/p>\n<p>            Mattel Masters of The Universe Prince Adam &amp; Sky Sled GPP30 <\/p>\n<p>            Mattel Masters of The Universe Figurka Battle Cat GNN70<\/p>\n<h2>Mattel figurka Masters of the Universe Origins Orko GNN93 Mattel<\/h2>\n<p>kr\u00f3tkie \u017cyczenia wielkanocne dla dzieci, znaczenie imienia alan, quiz o koniach, roczek prezent, fabian<\/p>\n<p>yyyyy<\/p>\n<p>&nbsp;<\/p>\n","protected":false},"excerpt":{"rendered":"<p>Figurka Orko o wysoko\u015bci oko\u0142o 14 cm, wyprodukowana przez cenion\u0105 mark\u0119 Mattel. Wzorowana bezpo\u015brednio na oryginalnej serii figurek, jak i animowanym serialu Masters of the Universe \/ W\u0142adcy wszech\u015bwiata. Figurka zosta\u0142a wykonana na styl oryginalnej serii z dawnych lat. Posiada w zestawie dodatkowe akcesoria, oraz jest w pe\u0142ni ruchoma. Zosta\u0142a zapakowana w blister. Masters of [&hellip;]<\/p>\n","protected":false},"featured_media":4408,"comment_status":"closed","ping_status":"open","template":"","meta":[],"product_cat":[95,289],"product_tag":[827,769,737,824,721],"class_list":["post-4407","product","type-product","status-publish","has-post-thumbnail","hentry","product_cat-figurki-makiety-i-zestawy","product_cat-mattel","product_tag-bajki-dla-niemowlat","product_tag-psi-patrol-do-czytania","product_tag-test-z-lektury-felix-net-i-nika-oraz-gang-niewidzialnych-ludzi","product_tag-warszawa-atrakcje-dla-dzieci","product_tag-zagadki-matematyczne"],"_links":{"self":[{"href":"http:\/\/klubmamgdynia.pl\/index.php\/wp-json\/wp\/v2\/product\/4407","targetHints":{"allow":["GET"]}}],"collection":[{"href":"http:\/\/klubmamgdynia.pl\/index.php\/wp-json\/wp\/v2\/product"}],"about":[{"href":"http:\/\/klubmamgdynia.pl\/index.php\/wp-json\/wp\/v2\/types\/product"}],"replies":[{"embeddable":true,"href":"http:\/\/klubmamgdynia.pl\/index.php\/wp-json\/wp\/v2\/comments?post=4407"}],"wp:featuredmedia":[{"embeddable":true,"href":"http:\/\/klubmamgdynia.pl\/index.php\/wp-json\/wp\/v2\/media\/4408"}],"wp:attachment":[{"href":"http:\/\/klubmamgdynia.pl\/index.php\/wp-json\/wp\/v2\/media?parent=4407"}],"wp:term":[{"taxonomy":"product_cat","embeddable":true,"href":"http:\/\/klubmamgdynia.pl\/index.php\/wp-json\/wp\/v2\/product_cat?post=4407"},{"taxonomy":"product_tag","embeddable":true,"href":"http:\/\/klubmamgdynia.pl\/index.php\/wp-json\/wp\/v2\/product_tag?post=4407"}],"curies":[{"name":"wp","href":"https:\/\/api.w.org\/{rel}","templated":true}]}}