{"id":4409,"date":"2019-05-18T19:46:46","date_gmt":"2019-05-18T17:46:46","guid":{"rendered":"http:\/\/klubmamgdynia.pl\/index.php\/produkt\/mega-creative-tarcza-z-pil-rzutk-39x46-mc-rzep-pbh-72-144\/"},"modified":"2026-05-17T22:24:26","modified_gmt":"2026-05-17T20:24:26","slug":"mega-creative-tarcza-z-pil-rzutk-39x46-mc-rzep-pbh-72-144","status":"publish","type":"product","link":"http:\/\/klubmamgdynia.pl\/index.php\/produkt\/mega-creative-tarcza-z-pil-rzutk-39x46-mc-rzep-pbh-72-144\/","title":{"rendered":"Mega Creative Tarcza Z Pil Rzutk 39X46 Mc Rzep Pbh 72 144."},"content":{"rendered":"<p>Zalety produktu: nauka koncentracji i skupiania uwagi na celu, rozwijanie pasji, bezpieczne rzutki i pi\u0142eczki na rzep. Rzucamy do celu Kto zbierze wi\u0119cej punkt\u00f3w &#8211; wygrywa Tarcza do Darta MEGA CREATIVE zapewni emocje oraz rywalizacj\u0119 na najwy\u017cszym poziomie Tarcz\u0119 nale\u017cy powiesi\u0107 na \u015bcianie lub innej p\u0142askiej powierzchni. Do celu mo\u017cna rzuca\u0107 na przemian lub seriami po 3 rzuty. Wygrywa ten kto uzbiera najwi\u0119ksz\u0105 liczb\u0119 punkt\u00f3w. Zawarto\u015b\u0107 zestawu: Tarcza, 2 rzutki, 2 pi\u0142ki. Produkt wykonany z plastiku oraz tworzywa sztucznego. Wymiary\/waga\/baterie: wymiary produktu d\u0142. x wys. x g\u0142. cm : 36x36x2, wymiar opakowania d\u0142. x wys. x g\u0142. cm : 39x46x2, waga produktu bez opakowania kg : 0,07 kg, waga produktu w opakowaniu kg : 0,08 kg, nie wymaga zasilania bateriami. Zestaw przeznaczony dla dzieci w wieku: 3 . Pakowany w woreczek z zawieszk\u0105. W kartonie zbiorczym po 72 szt.<\/p>\n<h2>Mega Creative Tarcza Z Pil Rzutk 39X46 Mc Rzep Pbh 72 144. Mega Creative<\/h2>\n<p>my little pony kolorowanki, zagadki na dzie\u0144 przedszkolaka, quizy o koniach, ekskluzywny prezent na roczek<\/p>\n<p>yyyyy<\/p>\n<p>&nbsp;<\/p>\n","protected":false},"excerpt":{"rendered":"<p>Zalety produktu: nauka koncentracji i skupiania uwagi na celu, rozwijanie pasji, bezpieczne rzutki i pi\u0142eczki na rzep. Rzucamy do celu Kto zbierze wi\u0119cej punkt\u00f3w &#8211; wygrywa Tarcza do Darta MEGA CREATIVE zapewni emocje oraz rywalizacj\u0119 na najwy\u017cszym poziomie Tarcz\u0119 nale\u017cy powiesi\u0107 na \u015bcianie lub innej p\u0142askiej powierzchni. Do celu mo\u017cna rzuca\u0107 na przemian lub seriami [&hellip;]<\/p>\n","protected":false},"featured_media":4410,"comment_status":"closed","ping_status":"open","template":"","meta":[],"product_cat":[1224,64],"product_tag":[781,656,709],"class_list":["post-4409","product","type-product","status-publish","has-post-thumbnail","hentry","product_cat-dart","product_cat-mega-creative","product_tag-cytaty-o-wychowaniu-dzieci","product_tag-kolorowanki-lol","product_tag-zagadki-dla-dzieci-6-7-lat"],"_links":{"self":[{"href":"http:\/\/klubmamgdynia.pl\/index.php\/wp-json\/wp\/v2\/product\/4409","targetHints":{"allow":["GET"]}}],"collection":[{"href":"http:\/\/klubmamgdynia.pl\/index.php\/wp-json\/wp\/v2\/product"}],"about":[{"href":"http:\/\/klubmamgdynia.pl\/index.php\/wp-json\/wp\/v2\/types\/product"}],"replies":[{"embeddable":true,"href":"http:\/\/klubmamgdynia.pl\/index.php\/wp-json\/wp\/v2\/comments?post=4409"}],"wp:featuredmedia":[{"embeddable":true,"href":"http:\/\/klubmamgdynia.pl\/index.php\/wp-json\/wp\/v2\/media\/4410"}],"wp:attachment":[{"href":"http:\/\/klubmamgdynia.pl\/index.php\/wp-json\/wp\/v2\/media?parent=4409"}],"wp:term":[{"taxonomy":"product_cat","embeddable":true,"href":"http:\/\/klubmamgdynia.pl\/index.php\/wp-json\/wp\/v2\/product_cat?post=4409"},{"taxonomy":"product_tag","embeddable":true,"href":"http:\/\/klubmamgdynia.pl\/index.php\/wp-json\/wp\/v2\/product_tag?post=4409"}],"curies":[{"name":"wp","href":"https:\/\/api.w.org\/{rel}","templated":true}]}}