{"id":441,"date":"2025-10-12T15:07:35","date_gmt":"2025-10-12T13:07:35","guid":{"rendered":"http:\/\/klubmamgdynia.pl\/index.php\/produkt\/carrera-go-plus-szyna-przylaczeniowa\/"},"modified":"2026-04-27T01:56:42","modified_gmt":"2026-04-26T23:56:42","slug":"carrera-go-plus-szyna-przylaczeniowa","status":"publish","type":"product","link":"http:\/\/klubmamgdynia.pl\/index.php\/produkt\/carrera-go-plus-szyna-przylaczeniowa\/","title":{"rendered":"Carrera Go!!! Plus Szyna Przy\u0142\u0105czeniowa"},"content":{"rendered":"<p>Carrera GO!!! PLUS to system startowy do \u015awiata Wy\u015bcig\u00f3w Carrera, stworzony w skali 1:43. Jest to system Carrera GO!!! wzbogacony o Pit Stop i modu\u0142 Bluetooth pozwalaj\u0105cy na wsp\u00f3\u0142prac\u0119 poprzez bezp\u0142atn\u0105 aplikacj\u0119 z urz\u0105dzeniami dotykowymi z systemem iOS i Android. Dzi\u0119ki aplikacji musimy podczas wy\u015bcigu przeprowadza\u0107 dodatkowe czynno\u015bci na telefonie lub tablecie kt\u00f3re uatrakcyjniaj\u0105 zabaw\u0119. Do dyspozycji mamy kilka tryb\u00f3w zabawy &#8211; nawet wy\u015bcig dla 1 zawodnika ( wy\u015bcig z duchem).Szyna przy\u0142\u0105czeniowa umo\u017cliwia wyb\u00f3r trybu wy\u015bcigu:20 lub 30 okr\u0105\u017ce\u0144Po\u015bcigTreningSamoch\u00f3d widmo (gra jednoosobowa)Dodatkowo zosta\u0142a wyposa\u017cona modu\u0142 bluetooth oraz g\u0142o\u015bnik kt\u00f3ry emituje r\u00f3\u017cne d\u017awi\u0119ki i odg\u0142osy silnik\u00f3w w trakcie wy\u015bcigu. Posiada r\u00f3wnie\u017c gniazdo do pod\u0142\u0105czenia dodatkowych g\u0142o\u015bnik\u00f3w lub s\u0142uchawek<\/p>\n<h2>Carrera Go!!! Plus Szyna Przy\u0142\u0105czeniowa Carrera<\/h2>\n<p>konkurs dla dzieci, cicha noc po angielsku tekst, kolorowanka antystresowa, tymoteusz znaczenie imienia, ptak b\u0105k, szlaczki literopodobne, proste \u017carty na prima aprilis, kr\u00f3tkie \u017cyczenia wielkanocne dla dzieci, zagadki dla doros\u0142ych z odpowiedziami, aforyzmy o dzieciach, gad\u017cety dla nastolatka, kolorowanki do druku kotki, kolorowanka pokemon, dinozaury kolorowanki, prezenty na urodziny dla nastolatk\u00f3w<\/p>\n<p>yyyyy<\/p>\n<p>&nbsp;<\/p>\n","protected":false},"excerpt":{"rendered":"<p>Carrera GO!!! PLUS to system startowy do \u015awiata Wy\u015bcig\u00f3w Carrera, stworzony w skali 1:43. Jest to system Carrera GO!!! wzbogacony o Pit Stop i modu\u0142 Bluetooth pozwalaj\u0105cy na wsp\u00f3\u0142prac\u0119 poprzez bezp\u0142atn\u0105 aplikacj\u0119 z urz\u0105dzeniami dotykowymi z systemem iOS i Android. Dzi\u0119ki aplikacji musimy podczas wy\u015bcigu przeprowadza\u0107 dodatkowe czynno\u015bci na telefonie lub tablecie kt\u00f3re uatrakcyjniaj\u0105 zabaw\u0119. [&hellip;]<\/p>\n","protected":false},"featured_media":442,"comment_status":"closed","ping_status":"open","template":"","meta":[],"product_cat":[140,141],"product_tag":[605,773,615],"class_list":["post-441","product","type-product","status-publish","has-post-thumbnail","hentry","product_cat-carrera","product_cat-parkingi-garaze-i-tory-wyscigowe","product_tag-milena","product_tag-test-z-lektury-opowiesci-z-narnii-lew-czarownica-i-stara-szafa","product_tag-znane-misie-z-filmow-animowanych"],"_links":{"self":[{"href":"http:\/\/klubmamgdynia.pl\/index.php\/wp-json\/wp\/v2\/product\/441","targetHints":{"allow":["GET"]}}],"collection":[{"href":"http:\/\/klubmamgdynia.pl\/index.php\/wp-json\/wp\/v2\/product"}],"about":[{"href":"http:\/\/klubmamgdynia.pl\/index.php\/wp-json\/wp\/v2\/types\/product"}],"replies":[{"embeddable":true,"href":"http:\/\/klubmamgdynia.pl\/index.php\/wp-json\/wp\/v2\/comments?post=441"}],"wp:featuredmedia":[{"embeddable":true,"href":"http:\/\/klubmamgdynia.pl\/index.php\/wp-json\/wp\/v2\/media\/442"}],"wp:attachment":[{"href":"http:\/\/klubmamgdynia.pl\/index.php\/wp-json\/wp\/v2\/media?parent=441"}],"wp:term":[{"taxonomy":"product_cat","embeddable":true,"href":"http:\/\/klubmamgdynia.pl\/index.php\/wp-json\/wp\/v2\/product_cat?post=441"},{"taxonomy":"product_tag","embeddable":true,"href":"http:\/\/klubmamgdynia.pl\/index.php\/wp-json\/wp\/v2\/product_tag?post=441"}],"curies":[{"name":"wp","href":"https:\/\/api.w.org\/{rel}","templated":true}]}}