{"id":4411,"date":"2011-12-30T06:56:31","date_gmt":"2011-12-30T05:56:31","guid":{"rendered":"http:\/\/klubmamgdynia.pl\/index.php\/produkt\/mega-creative-pistolet-na-pilki-502225\/"},"modified":"2026-05-17T22:20:20","modified_gmt":"2026-05-17T20:20:20","slug":"mega-creative-pistolet-na-pilki-502225","status":"publish","type":"product","link":"http:\/\/klubmamgdynia.pl\/index.php\/produkt\/mega-creative-pistolet-na-pilki-502225\/","title":{"rendered":"Mega Creative Pistolet Na Pi\u0142ki 502225"},"content":{"rendered":"<h2>Mega Creative Pistolet Na Pi\u0142ki 502225 Mega Creative<\/h2>\n<p>cytaty o przyja\u017ani ma\u0142y ksi\u0105\u017c\u0119, janusz korczak cytaty, opis do zdj\u0119cia dziecka, ferie warszawa 2022, quiz o bajkach, prezent dla ch\u0142opca na roczek, quiz narnia lew czarownica i stara szafa, zagadki dla dzieci 7 lat, kolorowanki bajki, wiosna zagadki s\u0142owne, zagadki \u015bmieszne podchwytliwe, kolorowanka super zings<\/p>\n<p>yyyyy<\/p>\n<p>&nbsp;<\/p>\n","protected":false},"excerpt":{"rendered":"<p>Mega Creative Pistolet Na Pi\u0142ki 502225 Mega Creative cytaty o przyja\u017ani ma\u0142y ksi\u0105\u017c\u0119, janusz korczak cytaty, opis do zdj\u0119cia dziecka, ferie warszawa 2022, quiz o bajkach, prezent dla ch\u0142opca na roczek, quiz narnia lew czarownica i stara szafa, zagadki dla dzieci 7 lat, kolorowanki bajki, wiosna zagadki s\u0142owne, zagadki \u015bmieszne podchwytliwe, kolorowanka super zings yyyyy [&hellip;]<\/p>\n","protected":false},"featured_media":4412,"comment_status":"closed","ping_status":"open","template":"","meta":[],"product_cat":[64,40],"product_tag":[626,758,714,767],"class_list":["post-4411","product","type-product","status-publish","has-post-thumbnail","hentry","product_cat-mega-creative","product_cat-zabawki-militarne","product_tag-jacek","product_tag-julian","product_tag-zagadki-logiczne","product_tag-zaproszenia-urodzinowe-do-druku"],"_links":{"self":[{"href":"http:\/\/klubmamgdynia.pl\/index.php\/wp-json\/wp\/v2\/product\/4411","targetHints":{"allow":["GET"]}}],"collection":[{"href":"http:\/\/klubmamgdynia.pl\/index.php\/wp-json\/wp\/v2\/product"}],"about":[{"href":"http:\/\/klubmamgdynia.pl\/index.php\/wp-json\/wp\/v2\/types\/product"}],"replies":[{"embeddable":true,"href":"http:\/\/klubmamgdynia.pl\/index.php\/wp-json\/wp\/v2\/comments?post=4411"}],"wp:featuredmedia":[{"embeddable":true,"href":"http:\/\/klubmamgdynia.pl\/index.php\/wp-json\/wp\/v2\/media\/4412"}],"wp:attachment":[{"href":"http:\/\/klubmamgdynia.pl\/index.php\/wp-json\/wp\/v2\/media?parent=4411"}],"wp:term":[{"taxonomy":"product_cat","embeddable":true,"href":"http:\/\/klubmamgdynia.pl\/index.php\/wp-json\/wp\/v2\/product_cat?post=4411"},{"taxonomy":"product_tag","embeddable":true,"href":"http:\/\/klubmamgdynia.pl\/index.php\/wp-json\/wp\/v2\/product_tag?post=4411"}],"curies":[{"name":"wp","href":"https:\/\/api.w.org\/{rel}","templated":true}]}}