{"id":4413,"date":"2015-06-04T00:42:17","date_gmt":"2015-06-03T22:42:17","guid":{"rendered":"http:\/\/klubmamgdynia.pl\/index.php\/produkt\/majorette-entrum-doswiadczen-creatix-porsche-z-5-pojazdami\/"},"modified":"2026-04-30T18:43:17","modified_gmt":"2026-04-30T16:43:17","slug":"majorette-entrum-doswiadczen-creatix-porsche-z-5-pojazdami","status":"publish","type":"product","link":"http:\/\/klubmamgdynia.pl\/index.php\/produkt\/majorette-entrum-doswiadczen-creatix-porsche-z-5-pojazdami\/","title":{"rendered":"Majorette entrum do\u015bwiadcze\u0144 Creatix Porsche z 5 pojazdami"},"content":{"rendered":"<p>Majorette 21 205 0029 Porsche Creatix Experience Center + 5 samochodzik\u00f3wZestaw z mn\u00f3stwem atrakcji dla mi\u0142o\u015bnik\u00f3w motoryzacji, w szczeg\u00f3lno\u015bci dla fan\u00f3w Porsche.Przeznaczony dla dzieci od 5 roku \u017cycia.<\/p>\n<h2>Majorette entrum do\u015bwiadcze\u0144 Creatix Porsche z 5 pojazdami Majorette<\/h2>\n<p>kolorowanki pieski, stare wiersze dla dzieci, szablony do wyklejania plastelin\u0105, domki nad morzem z atrakcjami dla dzieci, swinka peppa do czytania, z\u0142ote my\u015bli kubu\u015b puchatek cytaty, pa\u0144stwa europy i ich stolice quiz, kolorowanki dla dzieci do druku, asiunia &#8211; test z lektury pdf, zimowe zabawy dla dzieci, gry dla m\u0142odzie\u017cy, ekskluzywny prezent na roczek<\/p>\n<p>yyyyy<\/p>\n<p>&nbsp;<\/p>\n","protected":false},"excerpt":{"rendered":"<p>Majorette 21 205 0029 Porsche Creatix Experience Center + 5 samochodzik\u00f3wZestaw z mn\u00f3stwem atrakcji dla mi\u0142o\u015bnik\u00f3w motoryzacji, w szczeg\u00f3lno\u015bci dla fan\u00f3w Porsche.Przeznaczony dla dzieci od 5 roku \u017cycia. Majorette entrum do\u015bwiadcze\u0144 Creatix Porsche z 5 pojazdami Majorette kolorowanki pieski, stare wiersze dla dzieci, szablony do wyklejania plastelin\u0105, domki nad morzem z atrakcjami dla dzieci, swinka [&hellip;]<\/p>\n","protected":false},"featured_media":4414,"comment_status":"closed","ping_status":"open","template":"","meta":[],"product_cat":[83,343],"product_tag":[780,624,694],"class_list":["post-4413","product","type-product","status-publish","has-post-thumbnail","hentry","product_cat-auta-i-inne-pojazdy-do-zabawy","product_cat-majorette","product_tag-krecik-bajka","product_tag-krotkie-zagadki","product_tag-zagadki-swiateczne-dla-dzieci"],"_links":{"self":[{"href":"http:\/\/klubmamgdynia.pl\/index.php\/wp-json\/wp\/v2\/product\/4413","targetHints":{"allow":["GET"]}}],"collection":[{"href":"http:\/\/klubmamgdynia.pl\/index.php\/wp-json\/wp\/v2\/product"}],"about":[{"href":"http:\/\/klubmamgdynia.pl\/index.php\/wp-json\/wp\/v2\/types\/product"}],"replies":[{"embeddable":true,"href":"http:\/\/klubmamgdynia.pl\/index.php\/wp-json\/wp\/v2\/comments?post=4413"}],"wp:featuredmedia":[{"embeddable":true,"href":"http:\/\/klubmamgdynia.pl\/index.php\/wp-json\/wp\/v2\/media\/4414"}],"wp:attachment":[{"href":"http:\/\/klubmamgdynia.pl\/index.php\/wp-json\/wp\/v2\/media?parent=4413"}],"wp:term":[{"taxonomy":"product_cat","embeddable":true,"href":"http:\/\/klubmamgdynia.pl\/index.php\/wp-json\/wp\/v2\/product_cat?post=4413"},{"taxonomy":"product_tag","embeddable":true,"href":"http:\/\/klubmamgdynia.pl\/index.php\/wp-json\/wp\/v2\/product_tag?post=4413"}],"curies":[{"name":"wp","href":"https:\/\/api.w.org\/{rel}","templated":true}]}}