{"id":4415,"date":"2015-10-30T00:47:47","date_gmt":"2015-10-29T23:47:47","guid":{"rendered":"http:\/\/klubmamgdynia.pl\/index.php\/produkt\/barbie-klub-opiekunki-niemowle-w-pizamce-kroliczek-grp01-grp02\/"},"modified":"2026-04-06T11:39:22","modified_gmt":"2026-04-06T09:39:22","slug":"barbie-klub-opiekunki-niemowle-w-pizamce-kroliczek-grp01-grp02","status":"publish","type":"product","link":"http:\/\/klubmamgdynia.pl\/index.php\/produkt\/barbie-klub-opiekunki-niemowle-w-pizamce-kroliczek-grp01-grp02\/","title":{"rendered":"Barbie &#8211; Klub opiekunki Niemowl\u0119 w pi\u017camce Kr\u00f3liczek GRP01 GRP02"},"content":{"rendered":"<p>Lalki i zabawki Barbie z linii Skipper Klub Opiekunek pozwalaj\u0105 dzieciom wcieli\u0107 si\u0119 w rol\u0119 niani, a dzi\u0119ki tym lalkom bobaskom w uroczych zwierz\u0119cych przebraniach zabawa jest jeszcze ciekawsza. Do wyboru jest lalka dziecko w zdejmowanym kostiumie kr\u00f3liczka, pieska lub owieczki. Ka\u017cda lalka ma te\u017c na sobie pieluszk\u0119, kt\u00f3r\u0105 mo\u017cna \u0142atwo za\u0142o\u017cy\u0107 i zdj\u0105\u0107 podczas zabawy w przewijanie. Te lalki s\u0105 tak urocze, \u017ce rozbudz\u0105 w dzieciach empati\u0119 i trosk\u0119 oraz zainspiruj\u0105 do wymy\u015blania niesko\u0144czonych przyg\u00f3d zwi\u0105zanych z opiek\u0105 nad maluchami! \u015awie\u017co upieczone rodze\u0144stwo i ma\u0142e opiekunki mog\u0105 na wiele sposob\u00f3w rozwija\u0107 empati\u0119 oraz opieku\u0144czo\u015b\u0107. Zbierz wszystkie lalki i zabawki Barbie Skipper z linii Klub Opiekunek, aby uatrakcyjni\u0107 zabaw\u0119 oraz tworzy\u0107 w\u0142asne historyjki. Sprzedawane oddzielnie w zale\u017cno\u015bci od dost\u0119pno\u015bci. Lalki nie stoj\u0105 samodzielnie. Kolory i elementy dekoracyjne mog\u0105 si\u0119 r\u00f3\u017cni\u0107.Cechy:- Te zestawy Barbie z linii Skipper Klub Opiekunek z lalk\u0105 bobaskiem ubran\u0105 w zwierz\u0119cy kostium umo\u017cliwiaj\u0105 dzieciom klasyczne zabawy w odgrywanie roli rodzic\u00f3w.- Do wyboru jest lalka dziecko w kostiumie r\u00f3\u017cowego kr\u00f3liczka, br\u0105zowego pieska lub uroczej bia\u0142ej owieczki, kt\u00f3re pobudzaj\u0105 wyobra\u017ani\u0119 do w\u0142asnych opowie\u015bci.- Aby urozmaici\u0107 zabaw\u0119, kostium mo\u017cna zdj\u0105\u0107.- Lalki dzieci maj\u0105 \u0142atwe do zak\u0142adania i zdejmowania pieluszki \u2013 prawie jak prawdziwe \u2013 to zach\u0119ta do zabawy w odgrywanie r\u00f3l!- Dzieci pokochaj\u0105 zajmowanie si\u0119 maluchami \u2013 to wspania\u0142y prezent z okazji narodzin rodze\u0144stwa.- Zbierz wszystkie lalki opiekunki i zestawy Barbie, aby pobudzi\u0107 wyobra\u017ani\u0119 i odkry\u0107 nowe mo\u017cliwo\u015bci zabawy, bo z Barbie ka\u017cda dziewczynka mo\u017ce by\u0107 kim chce (sprzedawane oddzielnie, zale\u017cnie od dost\u0119pno\u015bci).Od 3. roku \u017cycia.<\/p>\n<h2>Barbie &#8211; Klub opiekunki Niemowl\u0119 w pi\u017camce Kr\u00f3liczek GRP01 GRP02 Barbie<\/h2>\n<p>wszystkie kraje \u015bwiata quiz, karyna, niech \u017cyj\u0105 wakacje tekst, kolorowanki jesie\u0144 do druku, bajka terapeutyczna o dokuczaniu, pole dyniowe pozna\u0144, bajki dla dziewczynek, zagadki dla dzieci, myszka miki kolorowanka, quiz flagi, zabawy dla 10 latka, prezent na 1 urodziny<\/p>\n<p>yyyyy<\/p>\n<p>&nbsp;<\/p>\n","protected":false},"excerpt":{"rendered":"<p>Lalki i zabawki Barbie z linii Skipper Klub Opiekunek pozwalaj\u0105 dzieciom wcieli\u0107 si\u0119 w rol\u0119 niani, a dzi\u0119ki tym lalkom bobaskom w uroczych zwierz\u0119cych przebraniach zabawa jest jeszcze ciekawsza. Do wyboru jest lalka dziecko w zdejmowanym kostiumie kr\u00f3liczka, pieska lub owieczki. Ka\u017cda lalka ma te\u017c na sobie pieluszk\u0119, kt\u00f3r\u0105 mo\u017cna \u0142atwo za\u0142o\u017cy\u0107 i zdj\u0105\u0107 podczas [&hellip;]<\/p>\n","protected":false},"featured_media":4416,"comment_status":"closed","ping_status":"open","template":"","meta":[],"product_cat":[173,65],"product_tag":[802,612,810,748],"class_list":["post-4415","product","type-product","status-publish","has-post-thumbnail","hentry","product_cat-barbie","product_cat-lalki","product_tag-co-kupic-dziewczynce-na-roczek","product_tag-kolorowanki-do-druku","product_tag-nauka-zegara-do-druku","product_tag-okolice-wroclawia-atrakcje"],"_links":{"self":[{"href":"http:\/\/klubmamgdynia.pl\/index.php\/wp-json\/wp\/v2\/product\/4415","targetHints":{"allow":["GET"]}}],"collection":[{"href":"http:\/\/klubmamgdynia.pl\/index.php\/wp-json\/wp\/v2\/product"}],"about":[{"href":"http:\/\/klubmamgdynia.pl\/index.php\/wp-json\/wp\/v2\/types\/product"}],"replies":[{"embeddable":true,"href":"http:\/\/klubmamgdynia.pl\/index.php\/wp-json\/wp\/v2\/comments?post=4415"}],"wp:featuredmedia":[{"embeddable":true,"href":"http:\/\/klubmamgdynia.pl\/index.php\/wp-json\/wp\/v2\/media\/4416"}],"wp:attachment":[{"href":"http:\/\/klubmamgdynia.pl\/index.php\/wp-json\/wp\/v2\/media?parent=4415"}],"wp:term":[{"taxonomy":"product_cat","embeddable":true,"href":"http:\/\/klubmamgdynia.pl\/index.php\/wp-json\/wp\/v2\/product_cat?post=4415"},{"taxonomy":"product_tag","embeddable":true,"href":"http:\/\/klubmamgdynia.pl\/index.php\/wp-json\/wp\/v2\/product_tag?post=4415"}],"curies":[{"name":"wp","href":"https:\/\/api.w.org\/{rel}","templated":true}]}}