{"id":4417,"date":"2025-10-10T10:29:19","date_gmt":"2025-10-10T08:29:19","guid":{"rendered":"http:\/\/klubmamgdynia.pl\/?post_type=product&#038;p=4417"},"modified":"2026-04-30T08:18:49","modified_gmt":"2026-04-30T06:18:49","slug":"hauck-smooth-me","status":"publish","type":"product","link":"http:\/\/klubmamgdynia.pl\/index.php\/produkt\/hauck-smooth-me\/","title":{"rendered":"Hauck Smooth Me"},"content":{"rendered":"<p>Mi\u0119kkie ochraniacze na pasy w\u00f3zka lub fotelika wykonane z mikrofibry i bawe\u0142ny. Dwustronne. Strona letnia z bawe\u0142ny w kolorze bia\u0142ym \u2013 strona zimowa wykonana z mikrofibry w kolorze szarym. \u0141atwe do zamocowania dzi\u0119ki zapieciu na \u00a0rzepy . Dwie sztuki.<\/p>\n<h2>Hauck Smooth Me Hauck<\/h2>\n<p>kolorowanki, prezent na roczek, molo w brze\u017anie, prezent na roczek dla chlopca, atrakcje dla dzieci we wroc\u0142awiu, nadia imie, m\u0105dre \u017cyczenia \u015bwi\u0105teczne, pomys\u0142y na roczek, dyplom za udzia\u0142 w konkursie do druku, quiz zemsta, walentynka dla c\u00f3rki, miko\u0142ajek sprawdzian z lektury z odpowiedziami, kolorowanki jesie\u0144 do druku, pokemon kolorowanki, kolorowanki do druku dla dzieci, wzory dyplom\u00f3w do pobrania, misie z film\u00f3w animowanych, ela znaczenie imienia, zagadki trudne, bajka do czytania<\/p>\n<p>yyyyy<\/p>\n<p>&nbsp;<\/p>\n","protected":false},"excerpt":{"rendered":"<p>Mi\u0119kkie ochraniacze na pasy w\u00f3zka lub fotelika wykonane z mikrofibry i bawe\u0142ny. Dwustronne. Strona letnia z bawe\u0142ny w kolorze bia\u0142ym \u2013 strona zimowa wykonana z mikrofibry w kolorze szarym. \u0141atwe do zamocowania dzi\u0119ki zapieciu na \u00a0rzepy . Dwie sztuki. Hauck Smooth Me Hauck kolorowanki, prezent na roczek, molo w brze\u017anie, prezent na roczek dla chlopca, [&hellip;]<\/p>\n","protected":false},"featured_media":4418,"comment_status":"closed","ping_status":"open","template":"","meta":[],"product_cat":[1125,108],"product_tag":[848,657,737,738],"class_list":["post-4417","product","type-product","status-publish","has-post-thumbnail","hentry","product_cat-akcesoria-samochodowe-dla-dzieci","product_cat-hauck","product_tag-cytat-o-rodzinie","product_tag-lol-kolorowanka","product_tag-test-z-lektury-felix-net-i-nika-oraz-gang-niewidzialnych-ludzi","product_tag-wroclaw-dla-dzieci"],"_links":{"self":[{"href":"http:\/\/klubmamgdynia.pl\/index.php\/wp-json\/wp\/v2\/product\/4417","targetHints":{"allow":["GET"]}}],"collection":[{"href":"http:\/\/klubmamgdynia.pl\/index.php\/wp-json\/wp\/v2\/product"}],"about":[{"href":"http:\/\/klubmamgdynia.pl\/index.php\/wp-json\/wp\/v2\/types\/product"}],"replies":[{"embeddable":true,"href":"http:\/\/klubmamgdynia.pl\/index.php\/wp-json\/wp\/v2\/comments?post=4417"}],"wp:featuredmedia":[{"embeddable":true,"href":"http:\/\/klubmamgdynia.pl\/index.php\/wp-json\/wp\/v2\/media\/4418"}],"wp:attachment":[{"href":"http:\/\/klubmamgdynia.pl\/index.php\/wp-json\/wp\/v2\/media?parent=4417"}],"wp:term":[{"taxonomy":"product_cat","embeddable":true,"href":"http:\/\/klubmamgdynia.pl\/index.php\/wp-json\/wp\/v2\/product_cat?post=4417"},{"taxonomy":"product_tag","embeddable":true,"href":"http:\/\/klubmamgdynia.pl\/index.php\/wp-json\/wp\/v2\/product_tag?post=4417"}],"curies":[{"name":"wp","href":"https:\/\/api.w.org\/{rel}","templated":true}]}}