{"id":4419,"date":"2020-09-25T21:57:40","date_gmt":"2020-09-25T19:57:40","guid":{"rendered":"http:\/\/klubmamgdynia.pl\/index.php\/produkt\/kredki-swiecowe-toma\/"},"modified":"2026-04-26T21:18:42","modified_gmt":"2026-04-26T19:18:42","slug":"kredki-swiecowe-toma","status":"publish","type":"product","link":"http:\/\/klubmamgdynia.pl\/index.php\/produkt\/kredki-swiecowe-toma\/","title":{"rendered":"Kredki \u015awiecowe Toma"},"content":{"rendered":"<p>Kredki \u015bwiecowe<\/p>\n<h2>Kredki \u015awiecowe Toma <\/h2>\n<p>m\u0105dre \u017cyczenia \u015bwi\u0105teczne, zagadki dla 7 latka, przyjazn, testy z zemsty, zadania dla 7 latka do druku, zaproszenie na urodziny do druku<\/p>\n<p>yyyyy<\/p>\n<p>&nbsp;<\/p>\n","protected":false},"excerpt":{"rendered":"<p>Kredki \u015bwiecowe Kredki \u015awiecowe Toma m\u0105dre \u017cyczenia \u015bwi\u0105teczne, zagadki dla 7 latka, przyjazn, testy z zemsty, zadania dla 7 latka do druku, zaproszenie na urodziny do druku yyyyy &nbsp;<\/p>\n","protected":false},"featured_media":4420,"comment_status":"closed","ping_status":"open","template":"","meta":[],"product_cat":[297],"product_tag":[658,689,584,661],"class_list":["post-4419","product","type-product","status-publish","has-post-thumbnail","hentry","product_cat-szkolne-artykuly-plastyczne","product_tag-alan-znaczenie-imienia","product_tag-linda","product_tag-liwia","product_tag-swinka-peppa-kolorowanka"],"_links":{"self":[{"href":"http:\/\/klubmamgdynia.pl\/index.php\/wp-json\/wp\/v2\/product\/4419","targetHints":{"allow":["GET"]}}],"collection":[{"href":"http:\/\/klubmamgdynia.pl\/index.php\/wp-json\/wp\/v2\/product"}],"about":[{"href":"http:\/\/klubmamgdynia.pl\/index.php\/wp-json\/wp\/v2\/types\/product"}],"replies":[{"embeddable":true,"href":"http:\/\/klubmamgdynia.pl\/index.php\/wp-json\/wp\/v2\/comments?post=4419"}],"wp:featuredmedia":[{"embeddable":true,"href":"http:\/\/klubmamgdynia.pl\/index.php\/wp-json\/wp\/v2\/media\/4420"}],"wp:attachment":[{"href":"http:\/\/klubmamgdynia.pl\/index.php\/wp-json\/wp\/v2\/media?parent=4419"}],"wp:term":[{"taxonomy":"product_cat","embeddable":true,"href":"http:\/\/klubmamgdynia.pl\/index.php\/wp-json\/wp\/v2\/product_cat?post=4419"},{"taxonomy":"product_tag","embeddable":true,"href":"http:\/\/klubmamgdynia.pl\/index.php\/wp-json\/wp\/v2\/product_tag?post=4419"}],"curies":[{"name":"wp","href":"https:\/\/api.w.org\/{rel}","templated":true}]}}