{"id":4421,"date":"2025-10-10T05:36:58","date_gmt":"2025-10-10T03:36:58","guid":{"rendered":"http:\/\/klubmamgdynia.pl\/?post_type=product&#038;p=4421"},"modified":"2026-04-12T17:48:38","modified_gmt":"2026-04-12T15:48:38","slug":"amazonas-hamak-koala-dla-niemowlat-4060000","status":"publish","type":"product","link":"http:\/\/klubmamgdynia.pl\/index.php\/produkt\/amazonas-hamak-koala-dla-niemowlat-4060000\/","title":{"rendered":"Amazonas Hamak Koala dla niemowl\u0105t (4060000)"},"content":{"rendered":"<p>Ekologiczny hamak dla niemowl\u0105t, idealne rozwi\u0105zane na uspokojenie malucha.W zestawie wchodz\u0105 hamak i drewniany stojak.Atuty produktu:- wyprofilowany kszta\u0142t zapewnia dziecku relaks;- stabilna konstrukcja i szelki zapewniaj\u0105 bezpiecze\u0144stwo;- zajmuje ma\u0142o miejsca, mo\u017cna go z\u0142o\u017cy\u0107- zastosowania r\u00f3wnie\u017c jako:ko\u0142yskahu\u015btawkale\u017caczek- ekologiczne tkaniny, bezpieczne m.in. dla alergik\u00f3w.Parametry techniczne:- powierzchnia le\u017cenia: ok. 90x40cm;- d\u0142ugo\u015b\u0107: ok. 155cm;- waga: ok. 3,4kg;- maksymalne obci\u0105\u017cenie: 20kgRekomendowany wiek:od urodzenia od 18m-c( 0m 3m 6m 9m 12m 18m )<\/p>\n<h2>Amazonas Hamak Koala dla niemowl\u0105t (4060000) Amazonas<\/h2>\n<p>quiz o tajemniczym ogrodzie, dla nastolatk\u00f3w prezenty, imi\u0119 nela, bajki dla dzieci do czytania, quiz o wio\u015bnie, \u017cyczenia na lany poniedzia\u0142ek wielkanocny, flagi pa\u0144stw quiz, papugi do druku, ninjago kolorowanka, wierszyki na \u015bmigus dyngus<\/p>\n<p>yyyyy<\/p>\n<p>&nbsp;<\/p>\n","protected":false},"excerpt":{"rendered":"<p>Ekologiczny hamak dla niemowl\u0105t, idealne rozwi\u0105zane na uspokojenie malucha.W zestawie wchodz\u0105 hamak i drewniany stojak.Atuty produktu:- wyprofilowany kszta\u0142t zapewnia dziecku relaks;- stabilna konstrukcja i szelki zapewniaj\u0105 bezpiecze\u0144stwo;- zajmuje ma\u0142o miejsca, mo\u017cna go z\u0142o\u017cy\u0107- zastosowania r\u00f3wnie\u017c jako:ko\u0142yskahu\u015btawkale\u017caczek- ekologiczne tkaniny, bezpieczne m.in. dla alergik\u00f3w.Parametry techniczne:- powierzchnia le\u017cenia: ok. 90x40cm;- d\u0142ugo\u015b\u0107: ok. 155cm;- waga: ok. 3,4kg;- maksymalne obci\u0105\u017cenie: [&hellip;]<\/p>\n","protected":false},"featured_media":4422,"comment_status":"closed","ping_status":"open","template":"","meta":[],"product_cat":[1225,1156],"product_tag":[626,826,586],"class_list":["post-4421","product","type-product","status-publish","has-post-thumbnail","hentry","product_cat-amazonas","product_cat-lezaczki-bujaki-i-hustawki-niemowlece","product_tag-jacek","product_tag-prezent-dla-15-latka","product_tag-smieszne-zagadki"],"_links":{"self":[{"href":"http:\/\/klubmamgdynia.pl\/index.php\/wp-json\/wp\/v2\/product\/4421","targetHints":{"allow":["GET"]}}],"collection":[{"href":"http:\/\/klubmamgdynia.pl\/index.php\/wp-json\/wp\/v2\/product"}],"about":[{"href":"http:\/\/klubmamgdynia.pl\/index.php\/wp-json\/wp\/v2\/types\/product"}],"replies":[{"embeddable":true,"href":"http:\/\/klubmamgdynia.pl\/index.php\/wp-json\/wp\/v2\/comments?post=4421"}],"wp:featuredmedia":[{"embeddable":true,"href":"http:\/\/klubmamgdynia.pl\/index.php\/wp-json\/wp\/v2\/media\/4422"}],"wp:attachment":[{"href":"http:\/\/klubmamgdynia.pl\/index.php\/wp-json\/wp\/v2\/media?parent=4421"}],"wp:term":[{"taxonomy":"product_cat","embeddable":true,"href":"http:\/\/klubmamgdynia.pl\/index.php\/wp-json\/wp\/v2\/product_cat?post=4421"},{"taxonomy":"product_tag","embeddable":true,"href":"http:\/\/klubmamgdynia.pl\/index.php\/wp-json\/wp\/v2\/product_tag?post=4421"}],"curies":[{"name":"wp","href":"https:\/\/api.w.org\/{rel}","templated":true}]}}