{"id":4423,"date":"2024-04-19T23:25:22","date_gmt":"2024-04-19T21:25:22","guid":{"rendered":"http:\/\/klubmamgdynia.pl\/?post_type=product&#038;p=4423"},"modified":"2026-05-01T10:05:24","modified_gmt":"2026-05-01T08:05:24","slug":"milan-seria-101-pedzel-okragly-z-wlosia-koziego-nr-2","status":"publish","type":"product","link":"http:\/\/klubmamgdynia.pl\/index.php\/produkt\/milan-seria-101-pedzel-okragly-z-wlosia-koziego-nr-2\/","title":{"rendered":"Milan Seria 101 P\u0119dzel Okr\u0105g\u0142y Z W\u0142osia Koziego Nr 2"},"content":{"rendered":"<p>Szkolny okr\u0105g\u0142y p\u0119dzel serii 101 nr 2 z kr\u00f3tkim drewnianym trzonkiem. Sk\u0142ad: 70% naturalnego w\u0142osia koziego + 30% syntetyczne. Br\u0105zowe lakierowane wyko\u0144czenie i aluminiowa skuwka bez spawania, odporna na rdzewienie. Bardzo mi\u0119kkie w\u0142osie idealne do akwareli, technik wodnych i farb plakatowych. Lepsze zatrzymanie wody i farby. G\u0142adsza linia. Lepsza odporno\u015b\u0107 i elastyczno\u015b\u0107, co u\u0142atwia odzyskanie kszta\u0142tu po jego u\u017cyciu.\u015arednica w\u0142osia: 2,3 mm.D\u0142ugo\u015b\u0107 w\u0142osia: 10 mm.D\u0142ugo\u015b\u0107 p\u0119dzla: 166 mm.<\/p>\n<h2>Milan Seria 101 P\u0119dzel Okr\u0105g\u0142y Z W\u0142osia Koziego Nr 2 <\/h2>\n<p>natan imi\u0119, cytaty o rodzinie, kuba imi\u0119, testy ma\u0142y ksi\u0105\u017ce, sara, kolorowanka do wydruku, prezent dla nastolatk\u00f3w ch\u0142opc\u00f3w, podchwytliwe zagadki i odpowiedzi, cytat o mamie, rozrywka dla dzieci, prezent na roczek dla chlopca, korczak cytaty, super zings kolorowanki, bajki do czytania online, adela, zagadki typu co to jest, karty pracy dla dzieci z ukrainy do druku<\/p>\n<p>yyyyy<\/p>\n<p>&nbsp;<\/p>\n","protected":false},"excerpt":{"rendered":"<p>Szkolny okr\u0105g\u0142y p\u0119dzel serii 101 nr 2 z kr\u00f3tkim drewnianym trzonkiem. Sk\u0142ad: 70% naturalnego w\u0142osia koziego + 30% syntetyczne. Br\u0105zowe lakierowane wyko\u0144czenie i aluminiowa skuwka bez spawania, odporna na rdzewienie. Bardzo mi\u0119kkie w\u0142osie idealne do akwareli, technik wodnych i farb plakatowych. Lepsze zatrzymanie wody i farby. G\u0142adsza linia. Lepsza odporno\u015b\u0107 i elastyczno\u015b\u0107, co u\u0142atwia odzyskanie [&hellip;]<\/p>\n","protected":false},"featured_media":4424,"comment_status":"closed","ping_status":"open","template":"","meta":[],"product_cat":[297],"product_tag":[837,769,737,672,615],"class_list":["post-4423","product","type-product","status-publish","has-post-thumbnail","hentry","product_cat-szkolne-artykuly-plastyczne","product_tag-cicha-noc-po-angielsku","product_tag-psi-patrol-do-czytania","product_tag-test-z-lektury-felix-net-i-nika-oraz-gang-niewidzialnych-ludzi","product_tag-trudne-zagadki-z-odpowiedziami","product_tag-znane-misie-z-filmow-animowanych"],"_links":{"self":[{"href":"http:\/\/klubmamgdynia.pl\/index.php\/wp-json\/wp\/v2\/product\/4423","targetHints":{"allow":["GET"]}}],"collection":[{"href":"http:\/\/klubmamgdynia.pl\/index.php\/wp-json\/wp\/v2\/product"}],"about":[{"href":"http:\/\/klubmamgdynia.pl\/index.php\/wp-json\/wp\/v2\/types\/product"}],"replies":[{"embeddable":true,"href":"http:\/\/klubmamgdynia.pl\/index.php\/wp-json\/wp\/v2\/comments?post=4423"}],"wp:featuredmedia":[{"embeddable":true,"href":"http:\/\/klubmamgdynia.pl\/index.php\/wp-json\/wp\/v2\/media\/4424"}],"wp:attachment":[{"href":"http:\/\/klubmamgdynia.pl\/index.php\/wp-json\/wp\/v2\/media?parent=4423"}],"wp:term":[{"taxonomy":"product_cat","embeddable":true,"href":"http:\/\/klubmamgdynia.pl\/index.php\/wp-json\/wp\/v2\/product_cat?post=4423"},{"taxonomy":"product_tag","embeddable":true,"href":"http:\/\/klubmamgdynia.pl\/index.php\/wp-json\/wp\/v2\/product_tag?post=4423"}],"curies":[{"name":"wp","href":"https:\/\/api.w.org\/{rel}","templated":true}]}}