{"id":4425,"date":"2017-11-25T11:15:34","date_gmt":"2017-11-25T10:15:34","guid":{"rendered":"http:\/\/klubmamgdynia.pl\/index.php\/produkt\/gra-zlap-robaczka-dzieciol-magnetyczny-robak\/"},"modified":"2026-04-04T02:13:54","modified_gmt":"2026-04-04T00:13:54","slug":"gra-zlap-robaczka-dzieciol-magnetyczny-robak","status":"publish","type":"product","link":"http:\/\/klubmamgdynia.pl\/index.php\/produkt\/gra-zlap-robaczka-dzieciol-magnetyczny-robak\/","title":{"rendered":"Gra Z\u0142ap Robaczka Dzi\u0119cio\u0142 Magnetyczny Robak"},"content":{"rendered":"<p>Z\u0142ap robaczka to magnetyczna gra zr\u0119czno\u015bciowa, kt\u00f3ra pomaga w nauce kolor\u00f3w, liczenia, uczy zachowa\u0144 ptak\u00f3w, a przede wszystkim \u0107wiczy precyzj\u0119 ruch\u00f3w. Zadaniem dziecka jest wcielenie si\u0119 w rol\u0119 ptasiej mamy. Nale\u017cy wyci\u0105ga\u0107 robaczki z k\u0142ody przy pomocy ptaszka z magnesem i precyzyjne umieszczanie go w dziobie g\u0142odnego pisklaka. To wspania\u0142y spos\u00f3b na \u0107wiczenie koordynacji wzrokowo-ruchowej i cierpliwo\u015bci. Jest to spore wyzwanie dla malucha, kt\u00f3re wymaga skupienia uwagi oraz sprawno\u015bci manualnej.W sk\u0142ad zestawu wchodzi:- k\u0142oda z pisklakiem- dzi\u0119cio\u0142- 8 robaczk\u00f3w w 4 kolorachOdpowiedni wiek: 3 lata+Wymiary k\u0142ody: 11 (szer.) x 17 (g\u0142.) x 9 (wys.) cmWymiary dzi\u0119cio\u0142a: 4,5 (szer.) x 8,5 (g\u0142.) x 8,5 (wys.) cmD\u0142ugo\u015b\u0107 robaczka: 6 cmWymiary opakowania: 27 (szer.) x 10,5 (g\u0142.) x 21 (wys.) cmInformacja od producenta: Nie nadaje si\u0119 dla dzieci w wieku poni\u017cej 36 miesi\u0119cy. Zawiera ma\u0142e cz\u0119\u015bci, kt\u00f3re \u0142atwo po\u0142kn\u0105\u0107 lub kt\u00f3re mog\u0105 si\u0119 dosta\u0107 do dr\u00f3g oddechowych. Niebezpiecze\u0144stwo uduszenia.<\/p>\n<h2>Gra Z\u0142ap Robaczka Dzi\u0119cio\u0142 Magnetyczny Robak Nobo Kids<\/h2>\n<p>test z tajemniczego ogrodu, zagadki \u015bmieszne z odpowiedziami, wr\u00f3\u017cby andrzejkowe kolory, rysowanie po \u015bladzie, miko\u0142ajki dla dzieci warszawa 2021, cytat rodzina, adriana imie<\/p>\n<p>yyyyy<\/p>\n<p>&nbsp;<\/p>\n","protected":false},"excerpt":{"rendered":"<p>Z\u0142ap robaczka to magnetyczna gra zr\u0119czno\u015bciowa, kt\u00f3ra pomaga w nauce kolor\u00f3w, liczenia, uczy zachowa\u0144 ptak\u00f3w, a przede wszystkim \u0107wiczy precyzj\u0119 ruch\u00f3w. Zadaniem dziecka jest wcielenie si\u0119 w rol\u0119 ptasiej mamy. Nale\u017cy wyci\u0105ga\u0107 robaczki z k\u0142ody przy pomocy ptaszka z magnesem i precyzyjne umieszczanie go w dziobie g\u0142odnego pisklaka. To wspania\u0142y spos\u00f3b na \u0107wiczenie koordynacji wzrokowo-ruchowej [&hellip;]<\/p>\n","protected":false},"featured_media":4426,"comment_status":"closed","ping_status":"open","template":"","meta":[],"product_cat":[130,91],"product_tag":[603,611,648,774,794],"class_list":["post-4425","product","type-product","status-publish","has-post-thumbnail","hentry","product_cat-gry-dzieciece","product_cat-nobo-kids","product_tag-bajki-do-czytania","product_tag-bajki-do-czytania-psi-patrol","product_tag-dobrej-nocy-i-sza","product_tag-prezent-na-roczek-nie-zabawka","product_tag-test-opowiesci-z-narnii-lew-czarownica-i-stara-szafa-do-druku"],"_links":{"self":[{"href":"http:\/\/klubmamgdynia.pl\/index.php\/wp-json\/wp\/v2\/product\/4425","targetHints":{"allow":["GET"]}}],"collection":[{"href":"http:\/\/klubmamgdynia.pl\/index.php\/wp-json\/wp\/v2\/product"}],"about":[{"href":"http:\/\/klubmamgdynia.pl\/index.php\/wp-json\/wp\/v2\/types\/product"}],"replies":[{"embeddable":true,"href":"http:\/\/klubmamgdynia.pl\/index.php\/wp-json\/wp\/v2\/comments?post=4425"}],"wp:featuredmedia":[{"embeddable":true,"href":"http:\/\/klubmamgdynia.pl\/index.php\/wp-json\/wp\/v2\/media\/4426"}],"wp:attachment":[{"href":"http:\/\/klubmamgdynia.pl\/index.php\/wp-json\/wp\/v2\/media?parent=4425"}],"wp:term":[{"taxonomy":"product_cat","embeddable":true,"href":"http:\/\/klubmamgdynia.pl\/index.php\/wp-json\/wp\/v2\/product_cat?post=4425"},{"taxonomy":"product_tag","embeddable":true,"href":"http:\/\/klubmamgdynia.pl\/index.php\/wp-json\/wp\/v2\/product_tag?post=4425"}],"curies":[{"name":"wp","href":"https:\/\/api.w.org\/{rel}","templated":true}]}}