{"id":4427,"date":"2015-03-05T04:39:44","date_gmt":"2015-03-05T03:39:44","guid":{"rendered":"http:\/\/klubmamgdynia.pl\/index.php\/produkt\/starpak-zestaw-artystyczny-psi-patrol-50el\/"},"modified":"2026-04-20T17:01:15","modified_gmt":"2026-04-20T15:01:15","slug":"starpak-zestaw-artystyczny-psi-patrol-50el","status":"publish","type":"product","link":"http:\/\/klubmamgdynia.pl\/index.php\/produkt\/starpak-zestaw-artystyczny-psi-patrol-50el\/","title":{"rendered":"Starpak Zestaw Artystyczny Psi Patrol 50El"},"content":{"rendered":"<p>Zestaw Artystyczny Psi Patrol 50elZestaw przybor\u00f3w szkolnych z kolekcji Starpak z licencj\u0105 Psi Patrol dla ma\u0142ych artyst\u00f3w pomagaj\u0105cy rozwija\u0107 im kreatywno\u015b\u0107 i poznawa\u0107 nowe techniki malarskie.Sk\u0142ada si\u0119 z 50 element\u00f3w: 12 pisak\u00f3w, 12 kredek woskowych oraz 6 kredek o\u0142\u00f3wkowych, 12 farb akwarelowych, p\u0119dzla, temper\u00f3wki, 2 o\u0142\u00f3wk\u00f3w, gumki do mazania, linijki i no\u017cyczek.Wszystkie elementy zestawu zosta\u0142y wykonane z wysokiej jako\u015bci materia\u0142\u00f3w co zapewni d\u0142ugie u\u017cytkowanie.Ca\u0142y zestaw jest zorganizowany w jednej, zamykanej walizeczce z r\u0105czk\u0105, u\u0142atwiaj\u0105cej przechowywanie i przenoszenie.Produkt przeznaczony dla dzieci w wieku: 3 .Wymiary produktu 21x38x4cm<\/p>\n<h2>Starpak Zestaw Artystyczny Psi Patrol 50El Starpak<\/h2>\n<p>zagadki halloween dla dzieci, liwia znaczenie imienia, test z lektury mitologia grecka, przyjed\u017a do nas miko\u0142aju tekst, zabawy dla 10 latk\u00f3w, farma dyni poznan, cytaty dla mamy, zagadki logiczne z odpowiedziami, wiersz o wakacjach, prezenty na urodziny dla nastolatk\u00f3w, julian znaczenie<\/p>\n<p>yyyyy<\/p>\n<p>&nbsp;<\/p>\n","protected":false},"excerpt":{"rendered":"<p>Zestaw Artystyczny Psi Patrol 50elZestaw przybor\u00f3w szkolnych z kolekcji Starpak z licencj\u0105 Psi Patrol dla ma\u0142ych artyst\u00f3w pomagaj\u0105cy rozwija\u0107 im kreatywno\u015b\u0107 i poznawa\u0107 nowe techniki malarskie.Sk\u0142ada si\u0119 z 50 element\u00f3w: 12 pisak\u00f3w, 12 kredek woskowych oraz 6 kredek o\u0142\u00f3wkowych, 12 farb akwarelowych, p\u0119dzla, temper\u00f3wki, 2 o\u0142\u00f3wk\u00f3w, gumki do mazania, linijki i no\u017cyczek.Wszystkie elementy zestawu zosta\u0142y [&hellip;]<\/p>\n","protected":false},"featured_media":4428,"comment_status":"closed","ping_status":"open","template":"","meta":[],"product_cat":[269,297],"product_tag":[834,707,605,822,850,823],"class_list":["post-4427","product","type-product","status-publish","has-post-thumbnail","hentry","product_cat-starpak","product_cat-szkolne-artykuly-plastyczne","product_tag-bajka-do-czytania-na-dobranoc","product_tag-karty-pracy-dla-dzieci-z-ukrainy","product_tag-milena","product_tag-wierszyki-o-wakacjach-krotkie","product_tag-wroclaw-atrakcje-dla-dzieci","product_tag-zagadki-dla-dzieci-7-lat"],"_links":{"self":[{"href":"http:\/\/klubmamgdynia.pl\/index.php\/wp-json\/wp\/v2\/product\/4427","targetHints":{"allow":["GET"]}}],"collection":[{"href":"http:\/\/klubmamgdynia.pl\/index.php\/wp-json\/wp\/v2\/product"}],"about":[{"href":"http:\/\/klubmamgdynia.pl\/index.php\/wp-json\/wp\/v2\/types\/product"}],"replies":[{"embeddable":true,"href":"http:\/\/klubmamgdynia.pl\/index.php\/wp-json\/wp\/v2\/comments?post=4427"}],"wp:featuredmedia":[{"embeddable":true,"href":"http:\/\/klubmamgdynia.pl\/index.php\/wp-json\/wp\/v2\/media\/4428"}],"wp:attachment":[{"href":"http:\/\/klubmamgdynia.pl\/index.php\/wp-json\/wp\/v2\/media?parent=4427"}],"wp:term":[{"taxonomy":"product_cat","embeddable":true,"href":"http:\/\/klubmamgdynia.pl\/index.php\/wp-json\/wp\/v2\/product_cat?post=4427"},{"taxonomy":"product_tag","embeddable":true,"href":"http:\/\/klubmamgdynia.pl\/index.php\/wp-json\/wp\/v2\/product_tag?post=4427"}],"curies":[{"name":"wp","href":"https:\/\/api.w.org\/{rel}","templated":true}]}}