{"id":4429,"date":"2025-09-04T01:33:26","date_gmt":"2025-09-03T23:33:26","guid":{"rendered":"http:\/\/klubmamgdynia.pl\/?post_type=product&#038;p=4429"},"modified":"2026-04-30T06:29:33","modified_gmt":"2026-04-30T04:29:33","slug":"bic-kredki-olowkowe-tropicolor-832566-12-kol","status":"publish","type":"product","link":"http:\/\/klubmamgdynia.pl\/index.php\/produkt\/bic-kredki-olowkowe-tropicolor-832566-12-kol\/","title":{"rendered":"Bic Kredki O\u0142\u00f3wkowe Tropicolor 832566\/12 Kol."},"content":{"rendered":"<p>Kredki o\u0142\u00f3wkowe z \u017cywicy syntetycznej. \u017bywe kolory, nietoksyczne. \u0141atwe temperowanie.<\/p>\n<h2>Bic Kredki O\u0142\u00f3wkowe Tropicolor 832566\/12 Kol. Bic<\/h2>\n<p>lody kolorowanka, bajeczki na dobranoc, bajki dla niemowl\u0105t do czytania, zabawy dla 6 latk\u00f3w, pomys\u0142y na pakowanie prezent\u00f3w, super zings do druku, serce kolorowanka, paj\u0105czek na rowerze test, maski do druku kolorowe, bajki terapeutyczne o emocjach pdf<\/p>\n<p>yyyyy<\/p>\n<p>&nbsp;<\/p>\n","protected":false},"excerpt":{"rendered":"<p>Kredki o\u0142\u00f3wkowe z \u017cywicy syntetycznej. \u017bywe kolory, nietoksyczne. \u0141atwe temperowanie. Bic Kredki O\u0142\u00f3wkowe Tropicolor 832566\/12 Kol. Bic lody kolorowanka, bajeczki na dobranoc, bajki dla niemowl\u0105t do czytania, zabawy dla 6 latk\u00f3w, pomys\u0142y na pakowanie prezent\u00f3w, super zings do druku, serce kolorowanka, paj\u0105czek na rowerze test, maski do druku kolorowe, bajki terapeutyczne o emocjach pdf yyyyy [&hellip;]<\/p>\n","protected":false},"featured_media":4430,"comment_status":"closed","ping_status":"open","template":"","meta":[],"product_cat":[1226,297],"product_tag":[652,842,718,695,733],"class_list":["post-4429","product","type-product","status-publish","has-post-thumbnail","hentry","product_cat-bic","product_cat-szkolne-artykuly-plastyczne","product_tag-otto","product_tag-plac-zabaw-poznan","product_tag-prezent-na-roczek-dla-chrzesniaka","product_tag-rzadkie-imiona-zenskie","product_tag-zarty-na-prima-aprilis"],"_links":{"self":[{"href":"http:\/\/klubmamgdynia.pl\/index.php\/wp-json\/wp\/v2\/product\/4429","targetHints":{"allow":["GET"]}}],"collection":[{"href":"http:\/\/klubmamgdynia.pl\/index.php\/wp-json\/wp\/v2\/product"}],"about":[{"href":"http:\/\/klubmamgdynia.pl\/index.php\/wp-json\/wp\/v2\/types\/product"}],"replies":[{"embeddable":true,"href":"http:\/\/klubmamgdynia.pl\/index.php\/wp-json\/wp\/v2\/comments?post=4429"}],"wp:featuredmedia":[{"embeddable":true,"href":"http:\/\/klubmamgdynia.pl\/index.php\/wp-json\/wp\/v2\/media\/4430"}],"wp:attachment":[{"href":"http:\/\/klubmamgdynia.pl\/index.php\/wp-json\/wp\/v2\/media?parent=4429"}],"wp:term":[{"taxonomy":"product_cat","embeddable":true,"href":"http:\/\/klubmamgdynia.pl\/index.php\/wp-json\/wp\/v2\/product_cat?post=4429"},{"taxonomy":"product_tag","embeddable":true,"href":"http:\/\/klubmamgdynia.pl\/index.php\/wp-json\/wp\/v2\/product_tag?post=4429"}],"curies":[{"name":"wp","href":"https:\/\/api.w.org\/{rel}","templated":true}]}}