{"id":4431,"date":"2023-01-03T19:43:06","date_gmt":"2023-01-03T18:43:06","guid":{"rendered":"http:\/\/klubmamgdynia.pl\/?post_type=product&#038;p=4431"},"modified":"2026-04-24T17:03:38","modified_gmt":"2026-04-24T15:03:38","slug":"rejestrator-jazdy-kamera-cofania-full-hd-3-kamery","status":"publish","type":"product","link":"http:\/\/klubmamgdynia.pl\/index.php\/produkt\/rejestrator-jazdy-kamera-cofania-full-hd-3-kamery\/","title":{"rendered":"REJESTRATOR JAZDY KAMERA COFANIA FULL HD 3 KAMERY"},"content":{"rendered":"<p>REJESTRATOR JAZDY 3 KAMERY COFANIA APARAT FULL HD<\/p>\n<p>Uniwersalny zestaw kamer, kt\u00f3ry sprawi, \u017ce wszystko czego oczekujesz zostanie zarejestrowane i nagranerejestrator jazdy z kamer\u0105 o k\u0105cie widzenia 170 stopni, kt\u00f3ra obejmuje prz\u00f3dkamera zamontowana pod wy\u015bwietlaczem rejestratora o k\u0105cie widzenia 120 stopni, kt\u00f3ra obejmuje wn\u0119trze samochodukamera cofania o k\u0105cie widzenia 140 stopni, kt\u00f3ra obejmuje ty\u0142                            <\/p>\n<p>Urz\u0105dzenie zosta\u0142o tak zmodyfikowane, aby zapewni\u0107 najwi\u0119kszy komfort u\u017cytkowania. Posiada funkcj\u0119 detekcji ruchu, kt\u00f3ra rejestruje obraz je\u017celi wykryje, \u017ce kto\u015b si\u0119 porusza w pobli\u017cu, nawet je\u017celi auto jest pozostawione na parkingu. Do tego dochodzi funkcja G-Sensor, kt\u00f3ra przy wykryciu wstrz\u0105su automatycznie zapisuje zarejestrowany obraz, w celu uchwycenia faktycznego sprawcy wypadku czy st\u0142uczki. Dodatkowym atutem jest wbudowany mikrofon, kt\u00f3ry rejestruje g\u0142os zdarzenia.                            <\/p>\n<p>Dzi\u0119ki silnej przyssawce mo\u017cna umie\u015bci\u0107 rejestrator w dogodnym dla nas miejscy na dowolnej wysoko\u015bci. Kamera cofania posiada klas\u0119 wodoodporno\u015bci IP69, wi\u0119c nie musimy martwi\u0107 si\u0119 o jej zepsucie poprzez warunki pogodowe. Przew\u00f3d odchodz\u0105cy od kamery cofania posiada d\u0142ugo\u015b\u0107 oko\u0142o 6 metr\u00f3w, dlatego bez problemu sprawdzi si\u0119 przy monta\u017cu w busach dostawczych.3 kamery w jednym zestawiewysoka funkcjonalno\u015b\u0107 &#8211; czujnik ruchu, czujnik wstrz\u0105s\u00f3w i inneszerokok\u0105tne widzenie obiektyw\u00f3w\u0142atwy monta\u017csolidne wykonanie i wytrzyma\u0142o\u015b\u0107<\/p>\n<h2>REJESTRATOR JAZDY KAMERA COFANIA FULL HD 3 KAMERY Inny<\/h2>\n<p>kolorowanki pikachu, andrzejki dekoracje do druku, ozdoby wielkanocne kt\u00f3re mog\u0105 zrobi\u0107 dzieci, zagadki dla 4 latka do druku, krotkie zagadki, krak\u00f3w atrakcje dla dzieci, test z lektury felix net i nika oraz gang niewidzialnych ludzi, rainbow dash kolorowanka, zagadki dla 5 latka, wiersz o wakacjach, wierszyki na \u015bmigus dyngus, nietypowe imiona \u017ce\u0144skie, warszawa dla dzieci, cytaty o przyja\u017ani \u015bmieszne, prezent dla nastolatek, kolorowanka do druku super zings<\/p>\n<p>yyyyy<\/p>\n<p>&nbsp;<\/p>\n","protected":false},"excerpt":{"rendered":"<p>REJESTRATOR JAZDY 3 KAMERY COFANIA APARAT FULL HD Uniwersalny zestaw kamer, kt\u00f3ry sprawi, \u017ce wszystko czego oczekujesz zostanie zarejestrowane i nagranerejestrator jazdy z kamer\u0105 o k\u0105cie widzenia 170 stopni, kt\u00f3ra obejmuje prz\u00f3dkamera zamontowana pod wy\u015bwietlaczem rejestratora o k\u0105cie widzenia 120 stopni, kt\u00f3ra obejmuje wn\u0119trze samochodukamera cofania o k\u0105cie widzenia 140 stopni, kt\u00f3ra obejmuje ty\u0142 Urz\u0105dzenie [&hellip;]<\/p>\n","protected":false},"featured_media":4432,"comment_status":"closed","ping_status":"open","template":"","meta":[],"product_cat":[169,893],"product_tag":[810,599,672,800,779],"class_list":["post-4431","product","type-product","status-publish","has-post-thumbnail","hentry","product_cat-inny","product_cat-kamery-samochodowe","product_tag-nauka-zegara-do-druku","product_tag-prezent-dla-nastolatkow-2021","product_tag-trudne-zagadki-z-odpowiedziami","product_tag-zagadki-smieszne","product_tag-zarty-na-prima-aprilis-w-domu"],"_links":{"self":[{"href":"http:\/\/klubmamgdynia.pl\/index.php\/wp-json\/wp\/v2\/product\/4431","targetHints":{"allow":["GET"]}}],"collection":[{"href":"http:\/\/klubmamgdynia.pl\/index.php\/wp-json\/wp\/v2\/product"}],"about":[{"href":"http:\/\/klubmamgdynia.pl\/index.php\/wp-json\/wp\/v2\/types\/product"}],"replies":[{"embeddable":true,"href":"http:\/\/klubmamgdynia.pl\/index.php\/wp-json\/wp\/v2\/comments?post=4431"}],"wp:featuredmedia":[{"embeddable":true,"href":"http:\/\/klubmamgdynia.pl\/index.php\/wp-json\/wp\/v2\/media\/4432"}],"wp:attachment":[{"href":"http:\/\/klubmamgdynia.pl\/index.php\/wp-json\/wp\/v2\/media?parent=4431"}],"wp:term":[{"taxonomy":"product_cat","embeddable":true,"href":"http:\/\/klubmamgdynia.pl\/index.php\/wp-json\/wp\/v2\/product_cat?post=4431"},{"taxonomy":"product_tag","embeddable":true,"href":"http:\/\/klubmamgdynia.pl\/index.php\/wp-json\/wp\/v2\/product_tag?post=4431"}],"curies":[{"name":"wp","href":"https:\/\/api.w.org\/{rel}","templated":true}]}}