{"id":4433,"date":"2024-04-28T04:44:52","date_gmt":"2024-04-28T02:44:52","guid":{"rendered":"http:\/\/klubmamgdynia.pl\/?post_type=product&#038;p=4433"},"modified":"2026-04-05T15:36:57","modified_gmt":"2026-04-05T13:36:57","slug":"hi-little-one-zawieszka-do-smoczka-dziecka-pacifier-holder-boho-leo-rose-pom","status":"publish","type":"product","link":"http:\/\/klubmamgdynia.pl\/index.php\/produkt\/hi-little-one-zawieszka-do-smoczka-dziecka-pacifier-holder-boho-leo-rose-pom\/","title":{"rendered":"Hi Little One Zawieszka Do Smoczka Dziecka Pacifier Holder Boho Leo Rose Pom"},"content":{"rendered":"<p>Mi\u0119kka i lekka zawieszka tekstylna do smoczka dziecka wykonana z 100% prz\u0119dzy lnianej.<\/p>\n<h2>Hi Little One Zawieszka Do Smoczka Dziecka Pacifier Holder Boho Leo Rose Pom Hi Little One<\/h2>\n<p>kolorowanki do druku lol, filmy animowane o \u015bwi\u0119tach, wiersz na dobranoc dla dzieci, miastodzieci, zadania logiczne, izabella imi\u0119, maska do druku, kr\u00f3tkie zagadki matematyczne z odpowiedziami, bajka do czytania na dobranoc<\/p>\n<p>yyyyy<\/p>\n<p>&nbsp;<\/p>\n","protected":false},"excerpt":{"rendered":"<p>Mi\u0119kka i lekka zawieszka tekstylna do smoczka dziecka wykonana z 100% prz\u0119dzy lnianej. Hi Little One Zawieszka Do Smoczka Dziecka Pacifier Holder Boho Leo Rose Pom Hi Little One kolorowanki do druku lol, filmy animowane o \u015bwi\u0119tach, wiersz na dobranoc dla dzieci, miastodzieci, zadania logiczne, izabella imi\u0119, maska do druku, kr\u00f3tkie zagadki matematyczne z odpowiedziami, [&hellip;]<\/p>\n","protected":false},"featured_media":4434,"comment_status":"closed","ping_status":"open","template":"","meta":[],"product_cat":[63,28],"product_tag":[792,862,602],"class_list":["post-4433","product","type-product","status-publish","has-post-thumbnail","hentry","product_cat-grzechotki-i-gryzaki","product_cat-hi-little-one","product_tag-cytaty-o-mamie","product_tag-nasza-zima-zla-tekst","product_tag-quiz-o-zwierzetach-domowych"],"_links":{"self":[{"href":"http:\/\/klubmamgdynia.pl\/index.php\/wp-json\/wp\/v2\/product\/4433","targetHints":{"allow":["GET"]}}],"collection":[{"href":"http:\/\/klubmamgdynia.pl\/index.php\/wp-json\/wp\/v2\/product"}],"about":[{"href":"http:\/\/klubmamgdynia.pl\/index.php\/wp-json\/wp\/v2\/types\/product"}],"replies":[{"embeddable":true,"href":"http:\/\/klubmamgdynia.pl\/index.php\/wp-json\/wp\/v2\/comments?post=4433"}],"wp:featuredmedia":[{"embeddable":true,"href":"http:\/\/klubmamgdynia.pl\/index.php\/wp-json\/wp\/v2\/media\/4434"}],"wp:attachment":[{"href":"http:\/\/klubmamgdynia.pl\/index.php\/wp-json\/wp\/v2\/media?parent=4433"}],"wp:term":[{"taxonomy":"product_cat","embeddable":true,"href":"http:\/\/klubmamgdynia.pl\/index.php\/wp-json\/wp\/v2\/product_cat?post=4433"},{"taxonomy":"product_tag","embeddable":true,"href":"http:\/\/klubmamgdynia.pl\/index.php\/wp-json\/wp\/v2\/product_tag?post=4433"}],"curies":[{"name":"wp","href":"https:\/\/api.w.org\/{rel}","templated":true}]}}