{"id":4435,"date":"2023-04-29T17:21:39","date_gmt":"2023-04-29T15:21:39","guid":{"rendered":"http:\/\/klubmamgdynia.pl\/?post_type=product&#038;p=4435"},"modified":"2026-04-07T11:59:12","modified_gmt":"2026-04-07T09:59:12","slug":"mega-creative-lalka-szmaciana-50-cm-482669","status":"publish","type":"product","link":"http:\/\/klubmamgdynia.pl\/index.php\/produkt\/mega-creative-lalka-szmaciana-50-cm-482669\/","title":{"rendered":"Mega Creative Lalka Szmaciana 50 Cm 482669"},"content":{"rendered":"<p>Zalety produktu: Szmaciane Lalki s\u0105 jedn\u0105 z pierwszych zabawek ka\u017cdego ma\u0142ego dziecka. S\u0105 bezpieczne i z uwagi na swoj\u0105 budow\u0119 &#8211; niezwykle przyjemne w dotyku. Lalka Dziewczynka MEGA CREATIVE to idealna kandydatka na najlepsz\u0105 Przyjaci\u00f3\u0142k\u0119 twojej Pociechy Lalka w ca\u0142o\u015bci wykonana z materia\u0142u. Zawarto\u015b\u0107 zestawu: Lalka szmaciana 50 cm. Przeznaczona dla dzieci w wieku: 3 . Nie wymaga zasilania bateriami. Wymiary produktu: cm 50 cm. Waga produktu kg. 0,30 kg .Pakowana w woreczek foliowy. Pakowanie w kartonie po 72 szt&#8230;.<\/p>\n<h2>Mega Creative Lalka Szmaciana 50 Cm 482669 Mega Creative<\/h2>\n<p>zagadki dla 5 latka, sonia imi\u0119, praktyczny prezent dla rocznego dziecka, malowanki dla dzieci do druku, lew czarownica i stara szafa test, bajki do czytania dla 6 latka, narysowa\u0107 rysunki \u0142atwe, ida swieta wielkanocne ida swieta, \u015bwinka peppa do czytania, prezent dla dziecka 1 rok, test z lektury pies kt\u00f3ry je\u017adzi\u0142 kolej\u0105, bezwarunkowa mi\u0142o\u015b\u0107 do dziecka cytaty, gdzie na ferie zimowe 2022, psi patrol kolorowanka, zabawy dla 7 latki, jak dobra\u0107 narty dla dziecka, zagadka matematyczna, cookie dough przepis, cytaty dla mamy od c\u00f3rki, miko\u0142ajek &#8211; test z odpowiedziami<\/p>\n<p>yyyyy<\/p>\n<p>&nbsp;<\/p>\n","protected":false},"excerpt":{"rendered":"<p>Zalety produktu: Szmaciane Lalki s\u0105 jedn\u0105 z pierwszych zabawek ka\u017cdego ma\u0142ego dziecka. S\u0105 bezpieczne i z uwagi na swoj\u0105 budow\u0119 &#8211; niezwykle przyjemne w dotyku. Lalka Dziewczynka MEGA CREATIVE to idealna kandydatka na najlepsz\u0105 Przyjaci\u00f3\u0142k\u0119 twojej Pociechy Lalka w ca\u0142o\u015bci wykonana z materia\u0142u. Zawarto\u015b\u0107 zestawu: Lalka szmaciana 50 cm. Przeznaczona dla dzieci w wieku: 3 [&hellip;]<\/p>\n","protected":false},"featured_media":4436,"comment_status":"closed","ping_status":"open","template":"","meta":[],"product_cat":[65,64],"product_tag":[792,663,813,795,711],"class_list":["post-4435","product","type-product","status-publish","has-post-thumbnail","hentry","product_cat-lalki","product_cat-mega-creative","product_tag-cytaty-o-mamie","product_tag-kolorowanki-dla-dzieci-do-druku","product_tag-krotkie-zagadki-matematyczne-z-odpowiedziami","product_tag-mini-zoo-warszawa","product_tag-prezenty-dla-nastolatkow"],"_links":{"self":[{"href":"http:\/\/klubmamgdynia.pl\/index.php\/wp-json\/wp\/v2\/product\/4435","targetHints":{"allow":["GET"]}}],"collection":[{"href":"http:\/\/klubmamgdynia.pl\/index.php\/wp-json\/wp\/v2\/product"}],"about":[{"href":"http:\/\/klubmamgdynia.pl\/index.php\/wp-json\/wp\/v2\/types\/product"}],"replies":[{"embeddable":true,"href":"http:\/\/klubmamgdynia.pl\/index.php\/wp-json\/wp\/v2\/comments?post=4435"}],"wp:featuredmedia":[{"embeddable":true,"href":"http:\/\/klubmamgdynia.pl\/index.php\/wp-json\/wp\/v2\/media\/4436"}],"wp:attachment":[{"href":"http:\/\/klubmamgdynia.pl\/index.php\/wp-json\/wp\/v2\/media?parent=4435"}],"wp:term":[{"taxonomy":"product_cat","embeddable":true,"href":"http:\/\/klubmamgdynia.pl\/index.php\/wp-json\/wp\/v2\/product_cat?post=4435"},{"taxonomy":"product_tag","embeddable":true,"href":"http:\/\/klubmamgdynia.pl\/index.php\/wp-json\/wp\/v2\/product_tag?post=4435"}],"curies":[{"name":"wp","href":"https:\/\/api.w.org\/{rel}","templated":true}]}}