{"id":4437,"date":"2022-07-19T09:23:33","date_gmt":"2022-07-19T07:23:33","guid":{"rendered":"http:\/\/klubmamgdynia.pl\/index.php\/produkt\/ark-therapeutic-gryzak-logopedyczny-terapeutyczny-mis-tr-rozowy-bm\/"},"modified":"2026-04-04T09:39:12","modified_gmt":"2026-04-04T07:39:12","slug":"ark-therapeutic-gryzak-logopedyczny-terapeutyczny-mis-tr-rozowy-bm","status":"publish","type":"product","link":"http:\/\/klubmamgdynia.pl\/index.php\/produkt\/ark-therapeutic-gryzak-logopedyczny-terapeutyczny-mis-tr-rozowy-bm\/","title":{"rendered":"Ark Therapeutic Gryzak Logopedyczny Terapeutyczny Mi\u015b Tr.R\u00f3\u017cowy Bm"},"content":{"rendered":"<p>ARKs Gummy Bear Chew Necklace ( Transparentny R\u00f3\u017cowy &#8211; Bardzo Mi\u0119kki )Naszyjnik Gummy Bear z pewno\u015bci\u0105 wywo\u0142a u\u015bmiech na twarzy dziecka. Przy 5,7 cm. Wysoko\u015bci, 2,7 cm. szeroko\u015bci i 1,2 cm w najgrubszej cz\u0119\u015bci, wisiorek do \u017cucia jest \u015bwietn\u0105 opcj\u0105 dla tych, kt\u00f3rzy lubi\u0105 \u017cu\u0107 z\u0119bami przedtrzonowymi i\/lub przednimi.Wisiorki do gryzienia to bezpieczna alternatywa dla \u017cucia o\u0142\u00f3wk\u00f3w, koszulek, palc\u00f3w itp. oraz aby pom\u00f3c uspokoi\u0107 si\u0119, w bezpieczny spos\u00f3b pomaga roz\u0142adowa\u0107 stres.Podobnie jak wszystkie inne produkty ARK, s\u0105 one produkowane w Po\u0142udniowej Karolinie w USA i s\u0105 dost\u0119pne w 3 kodowanych kolorami poziomach wytrzyma\u0142o\u015bci:Standard \/ Bardzo Mi\u0119kki (Czerwony, Transparentny R\u00f3\u017cowy, Transparentny Zielony ) &#8211; Jest to najbardziej mi\u0119kki, zalecany dla \u0142agodnych prze\u017cuwaczy.XT \/ Medium Firm \/ Mi\u0119kki ( Zielony, R\u00f3\u017cowy, Transparentny Niebieski ) &#8211; Jest to \u015bredni poziom twardo\u015bci gryzaka, kt\u00f3ry nazywamy XT (&#8222;Xtra Tough&#8221;). Jest twardszy, ale nadal do\u015b\u0107 mi\u0119kki,XXT \/ Very Firm \/ Twardy ( Niebieski, Fioletowy, Transparentny Czerwony ) &#8211; To najtrudniejszy gryzak, kt\u00f3ry nazywamy XXT (&#8222;Xtra Xtra Tough&#8221;). Nadal ma w sobie pewn\u0105 \u201emi\u0119kko\u015b\u0107\u201d, ale jest do\u015b\u0107 sztywny \/ twardy. \u017baden gryzak do \u017cucia nie jest niezniszczalny, ale jest to zwykle najbardziej wytrzyma\u0142y gryzak.**Uwaga: Ze wzgl\u0119du na szerszy kszta\u0142t gryzaka, ka\u017cdy poziom twardo\u015bci mo\u017ce wydawa\u0107 si\u0119 twardszy ni\u017c ten sam poziom twardo\u015bci w innym gryzaku o smuklejszym kszta\u0142cie. Na przyk\u0142ad, je\u015bli lubisz Krypto-Bite na \u015brodkowym poziomie XT, mo\u017cesz czu\u0107 potrzeb\u0119 obni\u017cenia twardo\u015bci do poziomu bardzo mi\u0119kkiego w szerszym\/masywniejszym gryzaku.Ka\u017cdy wisiorek sprzedawany jest z w\u0142asnym zrywalnym Rzemykiem.Odpowiedni Kolor\/Twardo\u015b\u0107 nale\u017cy wybra\u0107 w Menu obok Ceny.Kolory na zdj\u0119ciach mog\u0105 nieznacznie r\u00f3\u017cni\u0107 si\u0119 w rzeczywisto\u015bci.Wyprodukowano w USA.Klasa medyczna, zgodno\u015b\u0107 z FDA Bez BPA, PVC.Nie zawiera o\u0142owiu, ftalan\u00f3w i lateksu.Mo\u017cna my\u0107 w zmywarce.Uwaga: Produkt nie jest zabawk\u0105. Zapi\u0119cie i sznurek nie s\u0105 przeznaczone do \u017cucia. Przeznaczony dla dzieci w wieku od 5 lat.Chocia\u017c gryzaki do \u017cucia s\u0105 mocne i trwa\u0142e, \u017caden z nich nie jest niezniszczalny. Niekt\u00f3re dzieci (szczeg\u00f3lnie te z du\u017cymi potrzebami doustnymi i intensywn\u0105, agresywn\u0105 ch\u0119ci\u0105 gryzienia\/\u017cucia) mog\u0105 by\u0107 w stanie uszkodzi\u0107 gryzak. Zalecany jest ci\u0105g\u0142y nadz\u00f3r i wymiana gryzaka w razie potrzeby, gdy gryzak wykazuje oznaki uszkodze\u0144.Twardo\u015b\u0107 gryzak\u00f3w &#8211; w Skali: 1-6Bardzo Mi\u0119kki &#8211; 1 (Czerwony, Transparentny R\u00f3\u017cowy, Transparentny Zielony )Mi\u0119kki &#8211; 4 ( Zielony, R\u00f3\u017cowy, Transparentny Niebieski )Twardy &#8211; 6 ( Niebieski, Fioletowy, Transparentny Czerwony )Ka\u017cdy z gryzak\u00f3w dost\u0119pny jest na osobnej aukcji<\/p>\n<h2>Ark Therapeutic Gryzak Logopedyczny Terapeutyczny Mi\u015b Tr.R\u00f3\u017cowy Bm <\/h2>\n<p>najlepsze zarty na prima aprilis, ja\u015bmina imie, zabawka na roczek dla ch\u0142opca, kolorowanka kotek, opisy do zdj\u0119\u0107 z dzieckiem<\/p>\n<p>yyyyy<\/p>\n<p>&nbsp;<\/p>\n","protected":false},"excerpt":{"rendered":"<p>ARKs Gummy Bear Chew Necklace ( Transparentny R\u00f3\u017cowy &#8211; Bardzo Mi\u0119kki )Naszyjnik Gummy Bear z pewno\u015bci\u0105 wywo\u0142a u\u015bmiech na twarzy dziecka. Przy 5,7 cm. Wysoko\u015bci, 2,7 cm. szeroko\u015bci i 1,2 cm w najgrubszej cz\u0119\u015bci, wisiorek do \u017cucia jest \u015bwietn\u0105 opcj\u0105 dla tych, kt\u00f3rzy lubi\u0105 \u017cu\u0107 z\u0119bami przedtrzonowymi i\/lub przednimi.Wisiorki do gryzienia to bezpieczna alternatywa dla [&hellip;]<\/p>\n","protected":false},"featured_media":4438,"comment_status":"closed","ping_status":"open","template":"","meta":[],"product_cat":[63],"product_tag":[834,807,661,592,823,634],"class_list":["post-4437","product","type-product","status-publish","has-post-thumbnail","hentry","product_cat-grzechotki-i-gryzaki","product_tag-bajka-do-czytania-na-dobranoc","product_tag-logiczne-zagadki","product_tag-swinka-peppa-kolorowanka","product_tag-zagadki-dla-dzieci","product_tag-zagadki-dla-dzieci-7-lat","product_tag-zagadki-wielkanocne-dla-dzieci"],"_links":{"self":[{"href":"http:\/\/klubmamgdynia.pl\/index.php\/wp-json\/wp\/v2\/product\/4437","targetHints":{"allow":["GET"]}}],"collection":[{"href":"http:\/\/klubmamgdynia.pl\/index.php\/wp-json\/wp\/v2\/product"}],"about":[{"href":"http:\/\/klubmamgdynia.pl\/index.php\/wp-json\/wp\/v2\/types\/product"}],"replies":[{"embeddable":true,"href":"http:\/\/klubmamgdynia.pl\/index.php\/wp-json\/wp\/v2\/comments?post=4437"}],"wp:featuredmedia":[{"embeddable":true,"href":"http:\/\/klubmamgdynia.pl\/index.php\/wp-json\/wp\/v2\/media\/4438"}],"wp:attachment":[{"href":"http:\/\/klubmamgdynia.pl\/index.php\/wp-json\/wp\/v2\/media?parent=4437"}],"wp:term":[{"taxonomy":"product_cat","embeddable":true,"href":"http:\/\/klubmamgdynia.pl\/index.php\/wp-json\/wp\/v2\/product_cat?post=4437"},{"taxonomy":"product_tag","embeddable":true,"href":"http:\/\/klubmamgdynia.pl\/index.php\/wp-json\/wp\/v2\/product_tag?post=4437"}],"curies":[{"name":"wp","href":"https:\/\/api.w.org\/{rel}","templated":true}]}}