{"id":4439,"date":"2013-09-09T21:41:59","date_gmt":"2013-09-09T19:41:59","guid":{"rendered":"http:\/\/klubmamgdynia.pl\/index.php\/produkt\/melissa-doug-zestaw-naklejek-ksiezniczka-67-szt-19100\/"},"modified":"2026-04-03T21:38:48","modified_gmt":"2026-04-03T19:38:48","slug":"melissa-doug-zestaw-naklejek-ksiezniczka-67-szt-19100","status":"publish","type":"product","link":"http:\/\/klubmamgdynia.pl\/index.php\/produkt\/melissa-doug-zestaw-naklejek-ksiezniczka-67-szt-19100\/","title":{"rendered":"Melissa &amp; Doug Zestaw Naklejek Ksi\u0119\u017cniczka 67 Szt. 19100"},"content":{"rendered":"<p>Kreatywny zestaw 67 naklejek 3D zachwyci ma\u0142\u0105 projektantk\u0119 i pozwoli jej wcieli\u0107 si\u0119 w rol\u0119 stylistki dw\u00f3ch uroczych ksi\u0119\u017cniczek. Dwustronne t\u0142o daje dziecku pole do popisu, a wygodny uchwyt u\u0142atwia przenoszenie projektu w ka\u017cde, wybrane miejsce. Na kreatywne dziecko czekaj\u0105 cztery scenerie umiejscowione w kr\u00f3lewskim pa\u0142acu, do urz\u0105dzenia wed\u0142ug w\u0142asnego pomys\u0142u, na bazie kt\u00f3rych powstanie wiele wci\u0105gaj\u0105cych historyjek. Naklejki wielokrotnego u\u017cytku umo\u017cliwi\u0105 wykorzystanie poszczeg\u00f3lnych element\u00f3w w r\u00f3\u017cnych zestawieniach, zapewniaj\u0105c tym samym nieograniczone mo\u017cliwo\u015bci zabawy. Fantastyczny zestaw kszta\u0142tuje wyobra\u017ani\u0119, rozwija zdolno\u015bci artystyczne.Zestaw zawiera:plansze z 4 sceneriami67 naklejek 3Dnaklejki wielokrotnego u\u017cytkuprodukt nowy, oryginalnie zapakowanyprzeznaczony dla dzieci od 4 roku \u017cyciaMelissa and Doug to ameryka\u0144ski producent i dostawca zabawek dla dzieci. Firma za\u0142o\u017cona w 1988 roku przez Meliss\u0119 i Douga Bernsteina w piwnicy ich domu, przez 10 lat produkowa\u0142a \u0142amig\u0142\u00f3wki, zanim rozszerzy\u0142a asortyment o produkty drewniane, naklejki, artyku\u0142y plastyczne i wiele innych. Zabawki pobudzaj\u0105 wyobra\u017ani\u0119, rozwijaj\u0105 spostrzegawczo\u015b\u0107 i zdolno\u015bci manualne dziecka. Wykonane s\u0105 z materia\u0142\u00f3w najwy\u017cszej jako\u015bci, projektowane przez zesp\u00f3\u0142 nadzorowany przez sam\u0105 w\u0142a\u015bcicielk\u0119. Ciesz\u0105 si\u0119 popularno\u015bci\u0105 i ci\u0105gle poszerzaj\u0105 grono zadowolonych u\u017cytkownik\u00f3w.<\/p>\n<h2>Melissa &amp; Doug Zestaw Naklejek Ksi\u0119\u017cniczka 67 Szt. 19100 Melissa &amp; Doug<\/h2>\n<p>test z lektury asiunia joanna papuzi\u0144ska, quiz zemsta, tekst ko\u0142ysanki, wierszyki na lany poniedzia\u0142ek, kolorowanki harry potter, gad\u017cety dla nastolatka, kolorowanka lol surprise, zak\u0142adka do ksi\u0105\u017cki szablon, zagadki logiczne dla dzieci, prezent dla ch\u0142opca 7 lat, quiz dla dzieci<\/p>\n<p>yyyyy<\/p>\n<p>&nbsp;<\/p>\n","protected":false},"excerpt":{"rendered":"<p>Kreatywny zestaw 67 naklejek 3D zachwyci ma\u0142\u0105 projektantk\u0119 i pozwoli jej wcieli\u0107 si\u0119 w rol\u0119 stylistki dw\u00f3ch uroczych ksi\u0119\u017cniczek. Dwustronne t\u0142o daje dziecku pole do popisu, a wygodny uchwyt u\u0142atwia przenoszenie projektu w ka\u017cde, wybrane miejsce. Na kreatywne dziecko czekaj\u0105 cztery scenerie umiejscowione w kr\u00f3lewskim pa\u0142acu, do urz\u0105dzenia wed\u0142ug w\u0142asnego pomys\u0142u, na bazie kt\u00f3rych powstanie [&hellip;]<\/p>\n","protected":false},"featured_media":4440,"comment_status":"closed","ping_status":"open","template":"","meta":[],"product_cat":[1204,21],"product_tag":[650,618,645],"class_list":["post-4439","product","type-product","status-publish","has-post-thumbnail","hentry","product_cat-melissa-doug","product_cat-zabawki-plastyczne","product_tag-choinka-z-bibuly","product_tag-lato-lato-lato-czeka-tekst","product_tag-latwe-zagadki"],"_links":{"self":[{"href":"http:\/\/klubmamgdynia.pl\/index.php\/wp-json\/wp\/v2\/product\/4439","targetHints":{"allow":["GET"]}}],"collection":[{"href":"http:\/\/klubmamgdynia.pl\/index.php\/wp-json\/wp\/v2\/product"}],"about":[{"href":"http:\/\/klubmamgdynia.pl\/index.php\/wp-json\/wp\/v2\/types\/product"}],"replies":[{"embeddable":true,"href":"http:\/\/klubmamgdynia.pl\/index.php\/wp-json\/wp\/v2\/comments?post=4439"}],"wp:featuredmedia":[{"embeddable":true,"href":"http:\/\/klubmamgdynia.pl\/index.php\/wp-json\/wp\/v2\/media\/4440"}],"wp:attachment":[{"href":"http:\/\/klubmamgdynia.pl\/index.php\/wp-json\/wp\/v2\/media?parent=4439"}],"wp:term":[{"taxonomy":"product_cat","embeddable":true,"href":"http:\/\/klubmamgdynia.pl\/index.php\/wp-json\/wp\/v2\/product_cat?post=4439"},{"taxonomy":"product_tag","embeddable":true,"href":"http:\/\/klubmamgdynia.pl\/index.php\/wp-json\/wp\/v2\/product_tag?post=4439"}],"curies":[{"name":"wp","href":"https:\/\/api.w.org\/{rel}","templated":true}]}}