{"id":4443,"date":"2016-09-20T17:22:01","date_gmt":"2016-09-20T15:22:01","guid":{"rendered":"http:\/\/klubmamgdynia.pl\/index.php\/produkt\/gazelo-traktor-z-maszynami-rolniczymi-pod-kloszem\/"},"modified":"2026-04-30T17:40:16","modified_gmt":"2026-04-30T15:40:16","slug":"gazelo-traktor-z-maszynami-rolniczymi-pod-kloszem","status":"publish","type":"product","link":"http:\/\/klubmamgdynia.pl\/index.php\/produkt\/gazelo-traktor-z-maszynami-rolniczymi-pod-kloszem\/","title":{"rendered":"Gazelo Traktor z maszynami rolniczymi pod kloszem"},"content":{"rendered":"<p>412806 TRAKTOR Z PRZYCZEP\u0104 I MASZYNA ROLNICZA Traktor z maszyn\u0105 rolnicz\u0105 Wspania\u0142y traktor, kt\u00f3ry z pewno\u015bci\u0105 spodoba si\u0119 wszystkim ma\u0142ym mi\u0142o\u015bnikom pojazd\u00f3w rolniczych.Traktor jest bardzo dobrze odwzorowany z dba\u0142o\u015bci\u0105 o szczeg\u00f3\u0142y. Posiada ruchome elementy i \u017cyw\u0105 kolorystyk\u0119. Dodatkowo pojazd wyposa\u017cony zosta\u0142 w nap\u0119d. \u017beby pojecha\u0142 wystarczy go popchn\u0105\u0107 do przodu.\u015awietnie sprawdzi si\u0119 jako uzupe\u0142nienie dotychczasowej kolekcji maszyn rolniczych.Wymiary opakowania: 59 cm x 11 cm x 13 cmD\u0142ugo\u015b\u0107 pojazdu: 58 cm<\/p>\n<h2>Gazelo Traktor z maszynami rolniczymi pod kloszem Gazelo<\/h2>\n<p>spiderman kolorowanka, bajki do czytania dla dzieci, el\u017cbieta imie, malowanki, mariola<\/p>\n<p>yyyyy<\/p>\n<p>&nbsp;<\/p>\n","protected":false},"excerpt":{"rendered":"<p>412806 TRAKTOR Z PRZYCZEP\u0104 I MASZYNA ROLNICZA Traktor z maszyn\u0105 rolnicz\u0105 Wspania\u0142y traktor, kt\u00f3ry z pewno\u015bci\u0105 spodoba si\u0119 wszystkim ma\u0142ym mi\u0142o\u015bnikom pojazd\u00f3w rolniczych.Traktor jest bardzo dobrze odwzorowany z dba\u0142o\u015bci\u0105 o szczeg\u00f3\u0142y. Posiada ruchome elementy i \u017cyw\u0105 kolorystyk\u0119. Dodatkowo pojazd wyposa\u017cony zosta\u0142 w nap\u0119d. \u017beby pojecha\u0142 wystarczy go popchn\u0105\u0107 do przodu.\u015awietnie sprawdzi si\u0119 jako uzupe\u0142nienie dotychczasowej [&hellip;]<\/p>\n","protected":false},"featured_media":4444,"comment_status":"closed","ping_status":"open","template":"","meta":[],"product_cat":[83,1213],"product_tag":[797,774,743,721,756],"class_list":["post-4443","product","type-product","status-publish","has-post-thumbnail","hentry","product_cat-auta-i-inne-pojazdy-do-zabawy","product_cat-gazelo","product_tag-kiekrz","product_tag-prezent-na-roczek-nie-zabawka","product_tag-quiz-dla-dzieci","product_tag-zagadki-matematyczne","product_tag-zaproszenie-na-urodziny-do-druku"],"_links":{"self":[{"href":"http:\/\/klubmamgdynia.pl\/index.php\/wp-json\/wp\/v2\/product\/4443","targetHints":{"allow":["GET"]}}],"collection":[{"href":"http:\/\/klubmamgdynia.pl\/index.php\/wp-json\/wp\/v2\/product"}],"about":[{"href":"http:\/\/klubmamgdynia.pl\/index.php\/wp-json\/wp\/v2\/types\/product"}],"replies":[{"embeddable":true,"href":"http:\/\/klubmamgdynia.pl\/index.php\/wp-json\/wp\/v2\/comments?post=4443"}],"wp:featuredmedia":[{"embeddable":true,"href":"http:\/\/klubmamgdynia.pl\/index.php\/wp-json\/wp\/v2\/media\/4444"}],"wp:attachment":[{"href":"http:\/\/klubmamgdynia.pl\/index.php\/wp-json\/wp\/v2\/media?parent=4443"}],"wp:term":[{"taxonomy":"product_cat","embeddable":true,"href":"http:\/\/klubmamgdynia.pl\/index.php\/wp-json\/wp\/v2\/product_cat?post=4443"},{"taxonomy":"product_tag","embeddable":true,"href":"http:\/\/klubmamgdynia.pl\/index.php\/wp-json\/wp\/v2\/product_tag?post=4443"}],"curies":[{"name":"wp","href":"https:\/\/api.w.org\/{rel}","templated":true}]}}