{"id":4445,"date":"2015-02-26T01:46:19","date_gmt":"2015-02-26T00:46:19","guid":{"rendered":"http:\/\/klubmamgdynia.pl\/index.php\/produkt\/bayer-luksusowe-ubranko-dla-lalek-38cm\/"},"modified":"2026-05-17T22:49:31","modified_gmt":"2026-05-17T20:49:31","slug":"bayer-luksusowe-ubranko-dla-lalek-38cm","status":"publish","type":"product","link":"http:\/\/klubmamgdynia.pl\/index.php\/produkt\/bayer-luksusowe-ubranko-dla-lalek-38cm\/","title":{"rendered":"Bayer Luksusowe ubranko dla lalek 38cm"},"content":{"rendered":"<h2>Bayer Luksusowe ubranko dla lalek 38cm Bayer Design<\/h2>\n<p>szablony postacie do szopki do druku, rysunki \u0142atwe, mini zoo warszawa, minecraft kolorowanki, prezent na roczek dla chrze\u015bniaka, prezent dla ch\u0142opca na roczek, prezent na roczek dla ch\u0142opca, \u015bwi\u0105teczny film dla dzieci, co kupic dziewczynce na roczek, ozdoby \u015bwi\u0105teczne do zrobienia z dzie\u0107mi, list do gwiazdora, flagi pa\u0144stw quiz<\/p>\n<p>yyyyy<\/p>\n<p>&nbsp;<\/p>\n","protected":false},"excerpt":{"rendered":"<p>Bayer Luksusowe ubranko dla lalek 38cm Bayer Design szablony postacie do szopki do druku, rysunki \u0142atwe, mini zoo warszawa, minecraft kolorowanki, prezent na roczek dla chrze\u015bniaka, prezent dla ch\u0142opca na roczek, prezent na roczek dla ch\u0142opca, \u015bwi\u0105teczny film dla dzieci, co kupic dziewczynce na roczek, ozdoby \u015bwi\u0105teczne do zrobienia z dzie\u0107mi, list do gwiazdora, flagi [&hellip;]<\/p>\n","protected":false},"featured_media":4446,"comment_status":"closed","ping_status":"open","template":"","meta":[],"product_cat":[1227,50],"product_tag":[722,824,799],"class_list":["post-4445","product","type-product","status-publish","has-post-thumbnail","hentry","product_cat-bayer-design","product_cat-ubranka-i-buty-dla-lalek","product_tag-cytaty-o-przyjazni","product_tag-warszawa-atrakcje-dla-dzieci","product_tag-zagadka-logiczna"],"_links":{"self":[{"href":"http:\/\/klubmamgdynia.pl\/index.php\/wp-json\/wp\/v2\/product\/4445","targetHints":{"allow":["GET"]}}],"collection":[{"href":"http:\/\/klubmamgdynia.pl\/index.php\/wp-json\/wp\/v2\/product"}],"about":[{"href":"http:\/\/klubmamgdynia.pl\/index.php\/wp-json\/wp\/v2\/types\/product"}],"replies":[{"embeddable":true,"href":"http:\/\/klubmamgdynia.pl\/index.php\/wp-json\/wp\/v2\/comments?post=4445"}],"wp:featuredmedia":[{"embeddable":true,"href":"http:\/\/klubmamgdynia.pl\/index.php\/wp-json\/wp\/v2\/media\/4446"}],"wp:attachment":[{"href":"http:\/\/klubmamgdynia.pl\/index.php\/wp-json\/wp\/v2\/media?parent=4445"}],"wp:term":[{"taxonomy":"product_cat","embeddable":true,"href":"http:\/\/klubmamgdynia.pl\/index.php\/wp-json\/wp\/v2\/product_cat?post=4445"},{"taxonomy":"product_tag","embeddable":true,"href":"http:\/\/klubmamgdynia.pl\/index.php\/wp-json\/wp\/v2\/product_tag?post=4445"}],"curies":[{"name":"wp","href":"https:\/\/api.w.org\/{rel}","templated":true}]}}