{"id":4447,"date":"2016-10-21T14:02:12","date_gmt":"2016-10-21T12:02:12","guid":{"rendered":"http:\/\/klubmamgdynia.pl\/index.php\/produkt\/latarka-projektor-24-slajdy-zwierzeta-dinozaury\/"},"modified":"2026-04-24T11:03:53","modified_gmt":"2026-04-24T09:03:53","slug":"latarka-projektor-24-slajdy-zwierzeta-dinozaury","status":"publish","type":"product","link":"http:\/\/klubmamgdynia.pl\/index.php\/produkt\/latarka-projektor-24-slajdy-zwierzeta-dinozaury\/","title":{"rendered":"Latarka Projektor 24 Slajdy Zwierz\u0119ta Dinozaury"},"content":{"rendered":"<p>Por\u0119czna latarka, kt\u00f3ra przyda si\u0119 wszystkim poszukiwaczom przyg\u00f3d. B\u0119dzie idealna jako zwyk\u0142a latarka, kt\u00f3ra o\u015bwietli Tw\u00f3j pok\u00f3j oraz jako maszyna do przedstawiania projekcji. Wystarczy zgasi\u0107 \u015bwiat\u0142o, w\u0142\u0105czy\u0107 latark\u0119 i skierowa\u0107 j\u0105 na sufit lub \u015bcian\u0119. Projektor posiada regulacj\u0119 ostro\u015bci wy\u015bwietlanego obrazu, wystarczy tylko przekr\u0119ci\u0107 pokr\u0119t\u0142o w latarce.W zestawie znajduj\u0105 si\u0119 trzy wymienne dyski. Na ka\u017cdym dysku znajduje si\u0119 8 tematycznych zdj\u0119\u0107, przedstawiaj\u0105cych zwierz\u0119ta safari, ryby oraz dinozaury. Wielogodzinna zabawa gwarantowana!W sk\u0142ad zestawu wchodzi:- latarka &#8211; projektor- 3 dyski ze slajdami (zwierz\u0119ta safari, ryby, dinozaury)Odpowiedni wiek: 3 lata+D\u0142ugo\u015b\u0107 latarki: 11 cmZasilanie: 3 baterie LR1130 (w zestawie baterie demonstracyjne)Wymiary opakowania: 12 (szer.) x 4 (g\u0142.) x 17 (wys.) cm<\/p>\n<h2>Latarka Projektor 24 Slajdy Zwierz\u0119ta Dinozaury Nobo Kids<\/h2>\n<p>zabawy dla 7 latka, karty pracy dla uczni\u00f3w z ukrainy, kolorowanki ninjago, kolorowanki lato, kondrad imie, pierwsze urodziny prezent na roczek dla ch\u0142opca, gwiazdka do druku, prezent dla pi\u0119tnastolatka, zagadki matematyczne na logik\u0119, planety uk\u0142ad s\u0142oneczny dla dzieci do druku, \u015bwinka peppa bajka do czytania, kundel bury tekst, zagadka logiczna, wydarzenia dla dzieci warszawa, wierszyki na \u015bmigus dyngus, jak zrobi\u0107 samolot z papieru, czytanki na dobranoc, zagadki dla dzieci 4-5 lat online<\/p>\n<p>yyyyy<\/p>\n<p>&nbsp;<\/p>\n","protected":false},"excerpt":{"rendered":"<p>Por\u0119czna latarka, kt\u00f3ra przyda si\u0119 wszystkim poszukiwaczom przyg\u00f3d. B\u0119dzie idealna jako zwyk\u0142a latarka, kt\u00f3ra o\u015bwietli Tw\u00f3j pok\u00f3j oraz jako maszyna do przedstawiania projekcji. Wystarczy zgasi\u0107 \u015bwiat\u0142o, w\u0142\u0105czy\u0107 latark\u0119 i skierowa\u0107 j\u0105 na sufit lub \u015bcian\u0119. Projektor posiada regulacj\u0119 ostro\u015bci wy\u015bwietlanego obrazu, wystarczy tylko przekr\u0119ci\u0107 pokr\u0119t\u0142o w latarce.W zestawie znajduj\u0105 si\u0119 trzy wymienne dyski. Na ka\u017cdym [&hellip;]<\/p>\n","protected":false},"featured_media":4448,"comment_status":"closed","ping_status":"open","template":"","meta":[],"product_cat":[91,295],"product_tag":[747,613,586],"class_list":["post-4447","product","type-product","status-publish","has-post-thumbnail","hentry","product_cat-nobo-kids","product_cat-pozostale-zabawki","product_tag-malowanki-do-druku","product_tag-na-wyspach-bergamutach","product_tag-smieszne-zagadki"],"_links":{"self":[{"href":"http:\/\/klubmamgdynia.pl\/index.php\/wp-json\/wp\/v2\/product\/4447","targetHints":{"allow":["GET"]}}],"collection":[{"href":"http:\/\/klubmamgdynia.pl\/index.php\/wp-json\/wp\/v2\/product"}],"about":[{"href":"http:\/\/klubmamgdynia.pl\/index.php\/wp-json\/wp\/v2\/types\/product"}],"replies":[{"embeddable":true,"href":"http:\/\/klubmamgdynia.pl\/index.php\/wp-json\/wp\/v2\/comments?post=4447"}],"wp:featuredmedia":[{"embeddable":true,"href":"http:\/\/klubmamgdynia.pl\/index.php\/wp-json\/wp\/v2\/media\/4448"}],"wp:attachment":[{"href":"http:\/\/klubmamgdynia.pl\/index.php\/wp-json\/wp\/v2\/media?parent=4447"}],"wp:term":[{"taxonomy":"product_cat","embeddable":true,"href":"http:\/\/klubmamgdynia.pl\/index.php\/wp-json\/wp\/v2\/product_cat?post=4447"},{"taxonomy":"product_tag","embeddable":true,"href":"http:\/\/klubmamgdynia.pl\/index.php\/wp-json\/wp\/v2\/product_tag?post=4447"}],"curies":[{"name":"wp","href":"https:\/\/api.w.org\/{rel}","templated":true}]}}