{"id":4449,"date":"2024-06-09T10:06:25","date_gmt":"2024-06-09T08:06:25","guid":{"rendered":"http:\/\/klubmamgdynia.pl\/?post_type=product&#038;p=4449"},"modified":"2026-04-26T19:59:46","modified_gmt":"2026-04-26T17:59:46","slug":"magnetyczne-klocki-ukladanka-zabawka-magnetyczna-37el","status":"publish","type":"product","link":"http:\/\/klubmamgdynia.pl\/index.php\/produkt\/magnetyczne-klocki-ukladanka-zabawka-magnetyczna-37el\/","title":{"rendered":"Magnetyczne Klocki Uk\u0142adanka Zabawka Magnetyczna 37El."},"content":{"rendered":"<p>Klocki magnetyczne to zabawka edukacyjna, kt\u00f3ra mo\u017ce w \u0142atwy spos\u00f3b pom\u00f3c w zrozumieniu zasad geometrii, matematyki czy chemii. Klocki magnetyczne to doskona\u0142y prezent edukacyjny dla dziecka, rozwijaj\u0105cy jego wyobra\u017ani\u0119 oraz zdolno\u015bci konstrukcyjne. ZABAWKI POSIADAJ\u0104 UDOWODNIONE W\u0141A\u015aCIWO\u015aCI TERAPEUTYCZNE I ANTYSTRESOWE.37 element\u00f3w<\/p>\n<h2>Magnetyczne Klocki Uk\u0142adanka Zabawka Magnetyczna 37El. Nerf<\/h2>\n<p>dobranoc pch\u0142y na noc, jeremi, kolorowanka lol, zagadki z odpowiedziami dla dzieci, kolorowanka mia i ja, kolorowanka \u015bwi\u0105teczna do wydruku, anio\u0142 rysunek prosty, smoki rysunek, opis do zdj\u0119cia dziecka na fb, \u0142amig\u0142\u00f3wki dla 4 latka do druku<\/p>\n<p>yyyyy<\/p>\n<p>&nbsp;<\/p>\n","protected":false},"excerpt":{"rendered":"<p>Klocki magnetyczne to zabawka edukacyjna, kt\u00f3ra mo\u017ce w \u0142atwy spos\u00f3b pom\u00f3c w zrozumieniu zasad geometrii, matematyki czy chemii. Klocki magnetyczne to doskona\u0142y prezent edukacyjny dla dziecka, rozwijaj\u0105cy jego wyobra\u017ani\u0119 oraz zdolno\u015bci konstrukcyjne. ZABAWKI POSIADAJ\u0104 UDOWODNIONE W\u0141A\u015aCIWO\u015aCI TERAPEUTYCZNE I ANTYSTRESOWE.37 element\u00f3w Magnetyczne Klocki Uk\u0142adanka Zabawka Magnetyczna 37El. Nerf dobranoc pch\u0142y na noc, jeremi, kolorowanka lol, zagadki [&hellip;]<\/p>\n","protected":false},"featured_media":4450,"comment_status":"closed","ping_status":"open","template":"","meta":[],"product_cat":[113,1135],"product_tag":[802,813,586,721],"class_list":["post-4449","product","type-product","status-publish","has-post-thumbnail","hentry","product_cat-klocki","product_cat-nerf","product_tag-co-kupic-dziewczynce-na-roczek","product_tag-krotkie-zagadki-matematyczne-z-odpowiedziami","product_tag-smieszne-zagadki","product_tag-zagadki-matematyczne"],"_links":{"self":[{"href":"http:\/\/klubmamgdynia.pl\/index.php\/wp-json\/wp\/v2\/product\/4449","targetHints":{"allow":["GET"]}}],"collection":[{"href":"http:\/\/klubmamgdynia.pl\/index.php\/wp-json\/wp\/v2\/product"}],"about":[{"href":"http:\/\/klubmamgdynia.pl\/index.php\/wp-json\/wp\/v2\/types\/product"}],"replies":[{"embeddable":true,"href":"http:\/\/klubmamgdynia.pl\/index.php\/wp-json\/wp\/v2\/comments?post=4449"}],"wp:featuredmedia":[{"embeddable":true,"href":"http:\/\/klubmamgdynia.pl\/index.php\/wp-json\/wp\/v2\/media\/4450"}],"wp:attachment":[{"href":"http:\/\/klubmamgdynia.pl\/index.php\/wp-json\/wp\/v2\/media?parent=4449"}],"wp:term":[{"taxonomy":"product_cat","embeddable":true,"href":"http:\/\/klubmamgdynia.pl\/index.php\/wp-json\/wp\/v2\/product_cat?post=4449"},{"taxonomy":"product_tag","embeddable":true,"href":"http:\/\/klubmamgdynia.pl\/index.php\/wp-json\/wp\/v2\/product_tag?post=4449"}],"curies":[{"name":"wp","href":"https:\/\/api.w.org\/{rel}","templated":true}]}}