{"id":445,"date":"2011-05-21T00:08:32","date_gmt":"2011-05-20T22:08:32","guid":{"rendered":"http:\/\/klubmamgdynia.pl\/index.php\/produkt\/fehn-maskotka-z-grzechotka-lew-z-kolekcji-natura-56112\/"},"modified":"2026-04-18T20:56:05","modified_gmt":"2026-04-18T18:56:05","slug":"fehn-maskotka-z-grzechotka-lew-z-kolekcji-natura-56112","status":"publish","type":"product","link":"http:\/\/klubmamgdynia.pl\/index.php\/produkt\/fehn-maskotka-z-grzechotka-lew-z-kolekcji-natura-56112\/","title":{"rendered":"Fehn Maskotka z grzechotk\u0105 lew z kolekcji natura (56112)"},"content":{"rendered":"<p>Maskotka z grzechotk\u0105, Lew, z kolekcji: Natura Kolekcja Natura \u0142\u0105czy doskona\u0142\u0105 jako\u015b\u0107 naturalnych materia\u0142\u00f3w z wyj\u0105tkowym wzornictwem, konsekwentnie stawia na ekologi\u0119, W produktach z tej kolekcji zastosowano czyst\u0105, certyfikowan\u0105 bawe\u0142n\u0119 organiczn\u0105 jako materia\u0142 wierzchni, Wype\u0142nienie sk\u0142ada si\u0119 z w\u0142\u00f3kien PLA, Wszystkie materia\u0142y u\u017cyte w zabawkach, s\u0105 pochodzenia naturalnego, Jedyne tworzywa sztuczne wykorzystane w maskotkach, s\u0105 ukryte wewn\u0105trz i niedost\u0119pne dla dzieci, Pluszowa maskotka z wizerunkiem Lwa skradnie serce zar\u00f3wno Tobie, jak i twojemu maluszkowi, Drewniany pier\u015bcie\u0144, grzechotka i szeleszcz\u0105cy papier, wzbudz\u0105 ciekawo\u015b\u0107 dziecka i zach\u0119c\u0105 do zabawy, Dzi\u0119ki r\u00f3\u017cnorodnym fakturom materia\u0142\u00f3w, maluszek pobudza zmys\u0142 dotyku, Uroczy Lew to idealny towarzysz zabaw w dzie\u0144, czy jako przytulanka w nocy, Zabawka wykonana zosta\u0142a z materia\u0142\u00f3w wysokiej jako\u015bci, jest przeznaczona dla wszystkich maluszk\u00f3w ju\u017c od urodzenia, Rozwija zmys\u0142y wzroku i s\u0142uchu, R\u00f3\u017cnorodne faktury materia\u0142u stymuluj\u0105 dotyk, Wewn\u0105trz posiada grzechotk\u0119 i szeleszcz\u0105cy papier, Materia\u0142 wierzchni: certyfikowana bawe\u0142na organiczna, Wype\u0142nienie: w\u0142\u00f3kna PLA, Mo\u017cna pra\u0107 w temp, 30\u00b0C, Wielko\u015b\u0107 produktu: 31 cm, Wymiary opakowania: 34 cm x 20 cm x 8 cm, Wszystkie zabawki niemieckiej marki FEHN s\u0105 bezpieczne dla dzieci od 0+, Wykonane s\u0105 z najlepszej jako\u015bci materia\u0142\u00f3w, Spe\u0142niaj\u0105 normy EN71, CE, testowane pod k\u0105tem bezpiecze\u0144stwa przez niezale\u017cne instytuty badawcze, 56112<\/p>\n<h2>Fehn Maskotka z grzechotk\u0105 lew z kolekcji natura (56112) Fehn<\/h2>\n<p>zagadki co to jest, zagadki logiczne dla dzieci 10 lat do druku, przyja\u017a\u0144 cytaty, matylda znaczenie imienia, cytaty na dzie\u0144 nauczyciela, czapka g\u00f3rnika kolorowanka, dynie pozna\u0144, wroc\u0142aw i okolice atrakcje, prezent dla pi\u0119tnastolatka, podchwytliwe zagadki matematyczne, prezent dla nastolatka, quizy \u015bwi\u0105teczne bo\u017ce narodzenie, natalia, zadania logiczne, bajki dla dzieci online, pomys\u0142y na prezent dla nastolatk\u00f3w, kolorowanki andrzejki do wydruku<\/p>\n<p>yyyyy<\/p>\n<p>&nbsp;<\/p>\n","protected":false},"excerpt":{"rendered":"<p>Maskotka z grzechotk\u0105, Lew, z kolekcji: Natura Kolekcja Natura \u0142\u0105czy doskona\u0142\u0105 jako\u015b\u0107 naturalnych materia\u0142\u00f3w z wyj\u0105tkowym wzornictwem, konsekwentnie stawia na ekologi\u0119, W produktach z tej kolekcji zastosowano czyst\u0105, certyfikowan\u0105 bawe\u0142n\u0119 organiczn\u0105 jako materia\u0142 wierzchni, Wype\u0142nienie sk\u0142ada si\u0119 z w\u0142\u00f3kien PLA, Wszystkie materia\u0142y u\u017cyte w zabawkach, s\u0105 pochodzenia naturalnego, Jedyne tworzywa sztuczne wykorzystane w maskotkach, s\u0105 [&hellip;]<\/p>\n","protected":false},"featured_media":446,"comment_status":"closed","ping_status":"open","template":"","meta":[],"product_cat":[44,63],"product_tag":[816,589,774,602],"class_list":["post-445","product","type-product","status-publish","has-post-thumbnail","hentry","product_cat-fehn","product_cat-grzechotki-i-gryzaki","product_tag-place-zabaw-warszawa","product_tag-prezent-dla-rocznego-dziecka","product_tag-prezent-na-roczek-nie-zabawka","product_tag-quiz-o-zwierzetach-domowych"],"_links":{"self":[{"href":"http:\/\/klubmamgdynia.pl\/index.php\/wp-json\/wp\/v2\/product\/445","targetHints":{"allow":["GET"]}}],"collection":[{"href":"http:\/\/klubmamgdynia.pl\/index.php\/wp-json\/wp\/v2\/product"}],"about":[{"href":"http:\/\/klubmamgdynia.pl\/index.php\/wp-json\/wp\/v2\/types\/product"}],"replies":[{"embeddable":true,"href":"http:\/\/klubmamgdynia.pl\/index.php\/wp-json\/wp\/v2\/comments?post=445"}],"wp:featuredmedia":[{"embeddable":true,"href":"http:\/\/klubmamgdynia.pl\/index.php\/wp-json\/wp\/v2\/media\/446"}],"wp:attachment":[{"href":"http:\/\/klubmamgdynia.pl\/index.php\/wp-json\/wp\/v2\/media?parent=445"}],"wp:term":[{"taxonomy":"product_cat","embeddable":true,"href":"http:\/\/klubmamgdynia.pl\/index.php\/wp-json\/wp\/v2\/product_cat?post=445"},{"taxonomy":"product_tag","embeddable":true,"href":"http:\/\/klubmamgdynia.pl\/index.php\/wp-json\/wp\/v2\/product_tag?post=445"}],"curies":[{"name":"wp","href":"https:\/\/api.w.org\/{rel}","templated":true}]}}