{"id":4451,"date":"2024-06-11T12:09:43","date_gmt":"2024-06-11T10:09:43","guid":{"rendered":"http:\/\/klubmamgdynia.pl\/?post_type=product&#038;p=4451"},"modified":"2026-04-14T18:26:46","modified_gmt":"2026-04-14T16:26:46","slug":"filibabba-gryzak-chlodzacy-2szt-pszczola-i-gasieniczka","status":"publish","type":"product","link":"http:\/\/klubmamgdynia.pl\/index.php\/produkt\/filibabba-gryzak-chlodzacy-2szt-pszczola-i-gasieniczka\/","title":{"rendered":"Filibabba Gryzak Ch\u0142odz\u0105cy 2Szt. Pszczo\u0142a I G\u0105sieniczka"},"content":{"rendered":"<p>Daj ukojenie dzi\u0105s\u0142om swojego dziecka, za pomoc\u0105 gryzak\u00f3w ch\u0142odz\u0105cych Filibabba. Te wype\u0142nione czyst\u0105 wod\u0105 gryzaki, maj\u0105 uroczy kszta\u0142t \u017cabki.Zgrabny uchwyt z delikatn\u0105 faktur\u0105, u\u0142atwia maluchowi samodzielne chwycenie i trzymanie gryzaka. Nasze gryzaki w kszta\u0142cie zwierz\u0105tek maj\u0105 intryguj\u0105c\u0105 faktur\u0119, kt\u00f3ra stymuluje buzi\u0119 i r\u0105czki dziecka. Dzi\u0119ki ma\u0142ym dzwoneczkom w \u015brodku, gryzaczki mog\u0105 s\u0142u\u017cy\u0107 r\u00f3wnie\u017c jako grzechotki.Aby uzyska\u0107 efekt ch\u0142odzenia, w\u0142\u00f3\u017c gryzak do lod\u00f3wki, nigdy do zamra\u017carki.Poniewa\u017c gryzaki sprzedawane s\u0105 w dwupaku, mo\u017cesz zawsze mie\u0107 w lod\u00f3wce zapasowy, gotowy gryzak, kt\u00f3ry ukoi obola\u0142e dzi\u0105s\u0142a.Cechy produktu: Sk\u0142ad: gryzak PP, EVA (w 100% wolne od BPA i PVC)Instrukcje dotycz\u0105ce czyszczenia: Przed ka\u017cdym u\u017cyciem umy\u0107 ciep\u0142\u0105 wod\u0105 z myd\u0142em. Nie nadaje si\u0119 do sterylizacji w kuchence mikrofalowej, lub parowej. Nie gotowa\u0107. Nie nadaje si\u0119 do mycia w zmywarce.Kraj pochodzenia: TajlandiaNorma EN71Wymiary produktu: wysoko\u015b\u0107 (cm) 9,00, szeroko\u015b\u0107 (cm) 8,50, d\u0142ugo\u015b\u0107 (cm) 1,50Waga (w gramach) 39,60Wymiary opakowania: wysoko\u015b\u0107 (cm) 12,50, szeroko\u015b\u0107 (cm) 9,00, d\u0142ugo\u015b\u0107 (cm) 3,20Waga (w gramach) 95,00 FI-01825<\/p>\n<h2>Filibabba Gryzak Ch\u0142odz\u0105cy 2Szt. Pszczo\u0142a I G\u0105sieniczka Filibabba<\/h2>\n<p>wieliczka bon turystyczny, cytaty na dzien dziecka, koty do druku, pomys\u0142y na dzie\u0144 dziecka dla nastolatk\u00f3w, cytaty o rodzinie, kolorowanka robot, opisy do zdj\u0119\u0107 dziecka, kolorowanki dla dzieci do druku, historia pluszowego misia, jeremi, prezent dla rocznego ch\u0142opca, quiz o polsce dla dzieci, asiunia pytania do lektury, zaproszenia urodzinowe do druku<\/p>\n<p>yyyyy<\/p>\n<p>&nbsp;<\/p>\n","protected":false},"excerpt":{"rendered":"<p>Daj ukojenie dzi\u0105s\u0142om swojego dziecka, za pomoc\u0105 gryzak\u00f3w ch\u0142odz\u0105cych Filibabba. Te wype\u0142nione czyst\u0105 wod\u0105 gryzaki, maj\u0105 uroczy kszta\u0142t \u017cabki.Zgrabny uchwyt z delikatn\u0105 faktur\u0105, u\u0142atwia maluchowi samodzielne chwycenie i trzymanie gryzaka. Nasze gryzaki w kszta\u0142cie zwierz\u0105tek maj\u0105 intryguj\u0105c\u0105 faktur\u0119, kt\u00f3ra stymuluje buzi\u0119 i r\u0105czki dziecka. Dzi\u0119ki ma\u0142ym dzwoneczkom w \u015brodku, gryzaczki mog\u0105 s\u0142u\u017cy\u0107 r\u00f3wnie\u017c jako grzechotki.Aby [&hellip;]<\/p>\n","protected":false},"featured_media":4452,"comment_status":"closed","ping_status":"open","template":"","meta":[],"product_cat":[1228,63],"product_tag":[781,862,785,840,636,741],"class_list":["post-4451","product","type-product","status-publish","has-post-thumbnail","hentry","product_cat-filibabba","product_cat-grzechotki-i-gryzaki","product_tag-cytaty-o-wychowaniu-dzieci","product_tag-nasza-zima-zla-tekst","product_tag-prezent-dla-nastolatkow","product_tag-stare-bajki","product_tag-teksty-kolysanek","product_tag-wlochy"],"_links":{"self":[{"href":"http:\/\/klubmamgdynia.pl\/index.php\/wp-json\/wp\/v2\/product\/4451","targetHints":{"allow":["GET"]}}],"collection":[{"href":"http:\/\/klubmamgdynia.pl\/index.php\/wp-json\/wp\/v2\/product"}],"about":[{"href":"http:\/\/klubmamgdynia.pl\/index.php\/wp-json\/wp\/v2\/types\/product"}],"replies":[{"embeddable":true,"href":"http:\/\/klubmamgdynia.pl\/index.php\/wp-json\/wp\/v2\/comments?post=4451"}],"wp:featuredmedia":[{"embeddable":true,"href":"http:\/\/klubmamgdynia.pl\/index.php\/wp-json\/wp\/v2\/media\/4452"}],"wp:attachment":[{"href":"http:\/\/klubmamgdynia.pl\/index.php\/wp-json\/wp\/v2\/media?parent=4451"}],"wp:term":[{"taxonomy":"product_cat","embeddable":true,"href":"http:\/\/klubmamgdynia.pl\/index.php\/wp-json\/wp\/v2\/product_cat?post=4451"},{"taxonomy":"product_tag","embeddable":true,"href":"http:\/\/klubmamgdynia.pl\/index.php\/wp-json\/wp\/v2\/product_tag?post=4451"}],"curies":[{"name":"wp","href":"https:\/\/api.w.org\/{rel}","templated":true}]}}