{"id":4453,"date":"2012-05-23T01:46:09","date_gmt":"2012-05-22T23:46:09","guid":{"rendered":"http:\/\/klubmamgdynia.pl\/index.php\/produkt\/pro-kids-strzelba-nerf-fortnite\/"},"modified":"2026-05-03T12:43:07","modified_gmt":"2026-05-03T10:43:07","slug":"pro-kids-strzelba-nerf-fortnite","status":"publish","type":"product","link":"http:\/\/klubmamgdynia.pl\/index.php\/produkt\/pro-kids-strzelba-nerf-fortnite\/","title":{"rendered":"Pro Kids Strzelba Nerf Fortnite"},"content":{"rendered":"<p>Strzelba Nerf Fortnite. Wyrzutnia MEGA Fortnite TS E7065. Przenie\u015b swoje bitwy prosto z gry Fortnite do realnego \u015bwiata z wyrzutni\u0105 NERF Mega Blaster, idealnie odwzorowuj\u0105c\u0105 styl i kolory broni. Wyrzutnia posiada wewn\u0119trzny magazynek mieszcz\u0105cy 4 strza\u0142ki, w zestawie zawieraj\u0105c 8 oficjalnych strza\u0142ek NERF Mega. Zapasowe strza\u0142ki mo\u017cesz mie\u0107 zawsze przy sobie, dzi\u0119ki mo\u017cliwo\u015bci ich przechowywania. Wystrzel 4 rzutki z rz\u0119du z tego 4-rzutowego, pompowanego miotacza&#8230;<\/p>\n<h2>Pro Kids Strzelba Nerf Fortnite Pro Kids<\/h2>\n<p>michalina, darmowe quizy, filmy wigilijne dla dzieci, zagadki, list do \u015bw miko\u0142aja &#8212; wz\u00f3r, darmowe bajki dla dzieci, bajka terapeutyczna o dokuczaniu, zagadki matematyczne na logik\u0119, posz\u0142a ola na spacerek, wszystkie kraje \u015bwiata quiz, zagadka logiczna, co na roczek, \u015bmigus dyngus lany poniedzia\u0142ek zyczenia<\/p>\n<p>yyyyy<\/p>\n<p>&nbsp;<\/p>\n","protected":false},"excerpt":{"rendered":"<p>Strzelba Nerf Fortnite. Wyrzutnia MEGA Fortnite TS E7065. Przenie\u015b swoje bitwy prosto z gry Fortnite do realnego \u015bwiata z wyrzutni\u0105 NERF Mega Blaster, idealnie odwzorowuj\u0105c\u0105 styl i kolory broni. Wyrzutnia posiada wewn\u0119trzny magazynek mieszcz\u0105cy 4 strza\u0142ki, w zestawie zawieraj\u0105c 8 oficjalnych strza\u0142ek NERF Mega. Zapasowe strza\u0142ki mo\u017cesz mie\u0107 zawsze przy sobie, dzi\u0119ki mo\u017cliwo\u015bci ich przechowywania. [&hellip;]<\/p>\n","protected":false},"featured_media":4454,"comment_status":"closed","ping_status":"open","template":"","meta":[],"product_cat":[1229,40],"product_tag":[660,831,836,655,708],"class_list":["post-4453","product","type-product","status-publish","has-post-thumbnail","hentry","product_cat-pro-kids","product_cat-zabawki-militarne","product_tag-bianka","product_tag-bruno","product_tag-co-kupic-dziecku-na-roczek","product_tag-najlepsze-zagadki","product_tag-zabawy-ruchowe-dla-dzieci"],"_links":{"self":[{"href":"http:\/\/klubmamgdynia.pl\/index.php\/wp-json\/wp\/v2\/product\/4453","targetHints":{"allow":["GET"]}}],"collection":[{"href":"http:\/\/klubmamgdynia.pl\/index.php\/wp-json\/wp\/v2\/product"}],"about":[{"href":"http:\/\/klubmamgdynia.pl\/index.php\/wp-json\/wp\/v2\/types\/product"}],"replies":[{"embeddable":true,"href":"http:\/\/klubmamgdynia.pl\/index.php\/wp-json\/wp\/v2\/comments?post=4453"}],"wp:featuredmedia":[{"embeddable":true,"href":"http:\/\/klubmamgdynia.pl\/index.php\/wp-json\/wp\/v2\/media\/4454"}],"wp:attachment":[{"href":"http:\/\/klubmamgdynia.pl\/index.php\/wp-json\/wp\/v2\/media?parent=4453"}],"wp:term":[{"taxonomy":"product_cat","embeddable":true,"href":"http:\/\/klubmamgdynia.pl\/index.php\/wp-json\/wp\/v2\/product_cat?post=4453"},{"taxonomy":"product_tag","embeddable":true,"href":"http:\/\/klubmamgdynia.pl\/index.php\/wp-json\/wp\/v2\/product_tag?post=4453"}],"curies":[{"name":"wp","href":"https:\/\/api.w.org\/{rel}","templated":true}]}}