{"id":4457,"date":"2014-04-09T02:04:52","date_gmt":"2014-04-09T00:04:52","guid":{"rendered":"http:\/\/klubmamgdynia.pl\/index.php\/produkt\/kidwell-beno-pink\/"},"modified":"2026-04-24T16:58:55","modified_gmt":"2026-04-24T14:58:55","slug":"kidwell-beno-pink","status":"publish","type":"product","link":"http:\/\/klubmamgdynia.pl\/index.php\/produkt\/kidwell-beno-pink\/","title":{"rendered":"Kidwell Beno Pink"},"content":{"rendered":"<p>5901130091515<\/p>\n<h2>Kidwell Beno Pink Kidwell<\/h2>\n<p>stanis\u0142awa znaczenie imienia, zagadki dla dzieci 10 lat, sabina, niespotykane imiona \u017ce\u0144skie, rzadkie imiona dla dziewczynek<\/p>\n<p>yyyyy<\/p>\n<p>&nbsp;<\/p>\n","protected":false},"excerpt":{"rendered":"<p>5901130091515 Kidwell Beno Pink Kidwell stanis\u0142awa znaczenie imienia, zagadki dla dzieci 10 lat, sabina, niespotykane imiona \u017ce\u0144skie, rzadkie imiona dla dziewczynek yyyyy &nbsp;<\/p>\n","protected":false},"featured_media":4458,"comment_status":"closed","ping_status":"open","template":"","meta":[],"product_cat":[1232,158],"product_tag":[681,663,855,701],"class_list":["post-4457","product","type-product","status-publish","has-post-thumbnail","hentry","product_cat-kidwell","product_cat-krzeselka-do-karmienia","product_tag-flagi-europy-quiz","product_tag-kolorowanki-dla-dzieci-do-druku","product_tag-nietypowe-imiona-zenskie","product_tag-zgadywanki-dla-dzieci"],"_links":{"self":[{"href":"http:\/\/klubmamgdynia.pl\/index.php\/wp-json\/wp\/v2\/product\/4457","targetHints":{"allow":["GET"]}}],"collection":[{"href":"http:\/\/klubmamgdynia.pl\/index.php\/wp-json\/wp\/v2\/product"}],"about":[{"href":"http:\/\/klubmamgdynia.pl\/index.php\/wp-json\/wp\/v2\/types\/product"}],"replies":[{"embeddable":true,"href":"http:\/\/klubmamgdynia.pl\/index.php\/wp-json\/wp\/v2\/comments?post=4457"}],"wp:featuredmedia":[{"embeddable":true,"href":"http:\/\/klubmamgdynia.pl\/index.php\/wp-json\/wp\/v2\/media\/4458"}],"wp:attachment":[{"href":"http:\/\/klubmamgdynia.pl\/index.php\/wp-json\/wp\/v2\/media?parent=4457"}],"wp:term":[{"taxonomy":"product_cat","embeddable":true,"href":"http:\/\/klubmamgdynia.pl\/index.php\/wp-json\/wp\/v2\/product_cat?post=4457"},{"taxonomy":"product_tag","embeddable":true,"href":"http:\/\/klubmamgdynia.pl\/index.php\/wp-json\/wp\/v2\/product_tag?post=4457"}],"curies":[{"name":"wp","href":"https:\/\/api.w.org\/{rel}","templated":true}]}}