{"id":4461,"date":"2022-11-22T12:31:42","date_gmt":"2022-11-22T11:31:42","guid":{"rendered":"http:\/\/klubmamgdynia.pl\/?post_type=product&#038;p=4461"},"modified":"2026-05-02T12:10:38","modified_gmt":"2026-05-02T10:10:38","slug":"bridgestone-blizzak-lm005-235-45r18-98v","status":"publish","type":"product","link":"http:\/\/klubmamgdynia.pl\/index.php\/produkt\/bridgestone-blizzak-lm005-235-45r18-98v\/","title":{"rendered":"Bridgestone Blizzak Lm005 235\/45R18 98V"},"content":{"rendered":"<p>BRIDGESTONE BLIZZAK LM005<\/p>\n<p>Bridgestone BLIZZAK LM005 to opona z bie\u017cnikiem kierunkowym przeznaczona na sezon zimowy, zaliczaj\u0105ca si\u0119 do najwy\u017cszej p\u00f3\u0142ki jako\u015bciowej \u2013 premium. Bie\u017cnik wykonano w zaawansowanej technologii NanoPro-Tech\u2122, dzi\u0119ki czemu zmaksymalizowano korzy\u015bci wykorzystywanych w Blizzak LM 005  materia\u0142\u00f3w mieszanki gumowej. Poprawi\u0142o to zu\u017cycie paliwa oraz przyczepno\u015b\u0107 na mokrej nawierzchni.  Bridgestone Blizzak LM-005 jest elastyczna, dzi\u0119ki czemu doskonale sprawdza si\u0119 nawet przy siarczystym mrozie. Za bardzo kr\u00f3tk\u0105 drog\u0119 hamowania modelu LM005 odpowiadaj\u0105 2- i 3-wymiarowe lamele. Dzi\u0119ki zygzakowatym rowkom  z kraw\u0119dziami pod k\u0105tem 27 stopni, opona wykazuje \u015bwietn\u0105 przyczepno\u015b\u0107 na \u015bniegu                            <\/p>\n<p>            Zalety opon Bridgestone BLIZZAK LM005<\/p>\n<p>Bridgestone Blizzak LM-005 to najwy\u017csza jako\u015b\u0107 na rynku oraz najnowocze\u015bniejsze technologie. Nawet w trudnych warunkach, przy skrajnie niskich temperaturach, kierowca mo\u017ce by\u0107 pewien \u015bwietnych osi\u0105g\u00f3w. Kluczowa dla bezpiecze\u0144stwa jest kr\u00f3tka droga hamowania na \u015bniegu i lodzie, kt\u00f3r\u0105 gwarantuje Blizzak 005. Wed\u0142ug test\u00f3w, jest to najlepsza opona w swojej klasie.                            <\/p>\n<p>Bridgestone to japo\u0144ski koncern za\u0142o\u017cony w Kurumie, z rodowodem si\u0119gaj\u0105cym 1931 r.  Jest obecnie \u015bwiatowym liderem bran\u017cy, kt\u00f3ry mo\u017ce pochwali\u0107 si\u0119 sieci\u0105 59 fabryk ogumienia oraz zaawansowanym torem testowym. Producent szczeg\u00f3\u0142owo sprawdza osi\u0105gi swoich produkt\u00f3w. Znakiem rozpoznawczym Bridgestone s\u0105 zaawansowane technologie oraz innowacje, dzi\u0119ki czemu kolejne modele stoj\u0105 na najwy\u017cszym \u015bwiatowym poziomie.<\/p>\n<h2>Bridgestone Blizzak Lm005 235\/45R18 98V Bridgestone<\/h2>\n<p>pi\u0119kne cytaty o synku, podchwytliwe zagadki dla doros\u0142ych, \u015bmieszne zagadki z odpowiedziami, film o \u015bwi\u0119tach dla dzieci, co na roczek dla dziewczynki, prezent na pierwsze urodziny, magiczne drzewo czerwone krzes\u0142o test, test szatan z si\u00f3dmej klasy, r\u00f3\u017ca imie, lol do druku, ma\u0142y ksi\u0105\u017c\u0119 &#8211; test z odpowiedziami, quiz o psie kt\u00f3ry je\u017adzi\u0142 kolej\u0105, niespotykane imiona \u017ce\u0144skie, gad\u017cety dla nastolatk\u00f3w 2021, kolorowanki kotki do druku<\/p>\n<p>yyyyy<\/p>\n<p>&nbsp;<\/p>\n","protected":false},"excerpt":{"rendered":"<p>BRIDGESTONE BLIZZAK LM005 Bridgestone BLIZZAK LM005 to opona z bie\u017cnikiem kierunkowym przeznaczona na sezon zimowy, zaliczaj\u0105ca si\u0119 do najwy\u017cszej p\u00f3\u0142ki jako\u015bciowej \u2013 premium. Bie\u017cnik wykonano w zaawansowanej technologii NanoPro-Tech\u2122, dzi\u0119ki czemu zmaksymalizowano korzy\u015bci wykorzystywanych w Blizzak LM 005 materia\u0142\u00f3w mieszanki gumowej. Poprawi\u0142o to zu\u017cycie paliwa oraz przyczepno\u015b\u0107 na mokrej nawierzchni. Bridgestone Blizzak LM-005 jest elastyczna, [&hellip;]<\/p>\n","protected":false},"featured_media":4462,"comment_status":"closed","ping_status":"open","template":"","meta":[],"product_cat":[895,885],"product_tag":[851,723,729,705],"class_list":["post-4461","product","type-product","status-publish","has-post-thumbnail","hentry","product_cat-bridgestone","product_cat-opony-zimowe","product_tag-jak-narysowac-kota","product_tag-krotkie-bajki-do-czytania-na-dobranoc","product_tag-madre-bajki-dla-dzieci-do-czytania","product_tag-prezent-na-roczek-dla-chlopca"],"_links":{"self":[{"href":"http:\/\/klubmamgdynia.pl\/index.php\/wp-json\/wp\/v2\/product\/4461","targetHints":{"allow":["GET"]}}],"collection":[{"href":"http:\/\/klubmamgdynia.pl\/index.php\/wp-json\/wp\/v2\/product"}],"about":[{"href":"http:\/\/klubmamgdynia.pl\/index.php\/wp-json\/wp\/v2\/types\/product"}],"replies":[{"embeddable":true,"href":"http:\/\/klubmamgdynia.pl\/index.php\/wp-json\/wp\/v2\/comments?post=4461"}],"wp:featuredmedia":[{"embeddable":true,"href":"http:\/\/klubmamgdynia.pl\/index.php\/wp-json\/wp\/v2\/media\/4462"}],"wp:attachment":[{"href":"http:\/\/klubmamgdynia.pl\/index.php\/wp-json\/wp\/v2\/media?parent=4461"}],"wp:term":[{"taxonomy":"product_cat","embeddable":true,"href":"http:\/\/klubmamgdynia.pl\/index.php\/wp-json\/wp\/v2\/product_cat?post=4461"},{"taxonomy":"product_tag","embeddable":true,"href":"http:\/\/klubmamgdynia.pl\/index.php\/wp-json\/wp\/v2\/product_tag?post=4461"}],"curies":[{"name":"wp","href":"https:\/\/api.w.org\/{rel}","templated":true}]}}