{"id":4463,"date":"2025-09-27T14:00:15","date_gmt":"2025-09-27T12:00:15","guid":{"rendered":"http:\/\/klubmamgdynia.pl\/?post_type=product&#038;p=4463"},"modified":"2026-05-17T21:59:54","modified_gmt":"2026-05-17T19:59:54","slug":"ricokids-mata-edukacyjna-90x45cm-zwierzatka","status":"publish","type":"product","link":"http:\/\/klubmamgdynia.pl\/index.php\/produkt\/ricokids-mata-edukacyjna-90x45cm-zwierzatka\/","title":{"rendered":"Ricokids Mata Edukacyjna 90X45Cm Zwierz\u0105tka"},"content":{"rendered":"<p>Rozw\u00f3j Twojego dzieckaZalety korzystania z maty interaktywnej:pomaga w rozwoju fizycznym i motorycznympoprawia koordynacj\u0119 ruchow\u0105 dziecka\u017cywa kolorystyka, r\u00f3\u017cne kszta\u0142ty oraz mi\u0119kkie lusterko stymuluj\u0105 zmys\u0142 wzroku i wyobra\u017ani\u0119grzechotki w zabawkach oraz szeleszcz\u0105ce li\u015bcie stymuluj\u0105 zmys\u0142 s\u0142uchupluszowe zabawki zapewniaj\u0105 maluchom mn\u00f3stwo frajdyLe\u017cenie na mi\u0119kkiej macie jest bardzo wygodne, ale najwi\u0119ksz\u0105 frajd\u0105 stanowi\u0105 do\u0142\u0105czone zabawki w zwierz\u0105tek, listk\u00f3w i gwiazdek. To ch\u0119\u0107 odkrywania ich wzmocni mi\u0119\u015bnie plec\u00f3w, ramion i karku u Twojej pociechy. Zatem zabierz swoje dziecko na lisi\u0105 polan\u0119, by odkry\u0142o le\u015bny \u015bwiat!Zaprojektowana z my\u015bl\u0105 o najm\u0142odszychPluszowy materia\u0142 zewn\u0119trzny maty jest bardzo przyjemny w dotyku. Elastyczne pa\u0142\u0105ki zosta\u0142y ob\u0142o\u017cone mi\u0119kk\u0105 piank\u0105 oraz r\u00f3wnie\u017c pokryte mi\u0119ciutkim materia\u0142em. Dolna powierzchnia maty posiada wzmacniany materia\u0142, kt\u00f3ry jest \u0142atwy w czyszczeniu i zapewnia termoizolacj\u0119 od pod\u0142o\u017ca.Mata Ricokids zosta\u0142a zaprojektowana w taki spos\u00f3b, aby by\u0142a w pe\u0142ni bezpieczna w u\u017cytkowaniu. Spe\u0142nia ona wszystkie dyrektywy obowi\u0105zuj\u0105ce w Unii Europejskiej, dzi\u0119ki czemu mo\u017ce by\u0107 u\u017cywana przez niemowl\u0119ta. Produkt zgodny z normami Unii Europejskiej.Specyfikacja:wz\u00f3r: zwierz\u0105tka, kwadratowakolor: niebieski + pomara\u0144czowy + zielony + czerwonyzabawki: 4 szt. wisz\u0105ce, odpinane; szeleszcz\u0105ce li\u015bcie, mi\u0119kkie lusterkopa\u0142\u0105ki elastyczne, przypinane na klamr\u0119wymiary maty: 90 x 90 x 45 cmsugerowany wiek: 0+opakowanie: prze\u017aroczysta torba z zamkiem b\u0142yskawicznymprodukt zgodny z norm\u0105 EN71, oznaczenie zabawek CE<\/p>\n<h2>Ricokids Mata Edukacyjna 90X45Cm Zwierz\u0105tka Ricokids<\/h2>\n<p>farma dyni poznan, najtrudniejsze zagadki, delfinarium polska, filmy animowane o \u015bwi\u0119tach, zagadki o zwierz\u0119tach, atrakcje dla nastolatk\u00f3w warszawa, zagadka dla dzieci, kawal na prima aprilis, papugi do druku, szlaczki do druku, kiedy dzieci chodz\u0105 na halloween<\/p>\n<p>yyyyy<\/p>\n<p>&nbsp;<\/p>\n","protected":false},"excerpt":{"rendered":"<p>Rozw\u00f3j Twojego dzieckaZalety korzystania z maty interaktywnej:pomaga w rozwoju fizycznym i motorycznympoprawia koordynacj\u0119 ruchow\u0105 dziecka\u017cywa kolorystyka, r\u00f3\u017cne kszta\u0142ty oraz mi\u0119kkie lusterko stymuluj\u0105 zmys\u0142 wzroku i wyobra\u017ani\u0119grzechotki w zabawkach oraz szeleszcz\u0105ce li\u015bcie stymuluj\u0105 zmys\u0142 s\u0142uchupluszowe zabawki zapewniaj\u0105 maluchom mn\u00f3stwo frajdyLe\u017cenie na mi\u0119kkiej macie jest bardzo wygodne, ale najwi\u0119ksz\u0105 frajd\u0105 stanowi\u0105 do\u0142\u0105czone zabawki w zwierz\u0105tek, listk\u00f3w i [&hellip;]<\/p>\n","protected":false},"featured_media":4464,"comment_status":"closed","ping_status":"open","template":"","meta":[],"product_cat":[55,1233],"product_tag":[825,700,740,696,640,592],"class_list":["post-4463","product","type-product","status-publish","has-post-thumbnail","hentry","product_cat-maty-edukacyjne","product_cat-ricokids","product_tag-bajka-na-dobranoc-do-czytania","product_tag-bajki-do-czytania-dla-dzieci","product_tag-fajne-prezenty-dla-nastolatkow","product_tag-film-rodzinny-o-swietach","product_tag-prezent-dla-rocznej-dziewczynki","product_tag-zagadki-dla-dzieci"],"_links":{"self":[{"href":"http:\/\/klubmamgdynia.pl\/index.php\/wp-json\/wp\/v2\/product\/4463","targetHints":{"allow":["GET"]}}],"collection":[{"href":"http:\/\/klubmamgdynia.pl\/index.php\/wp-json\/wp\/v2\/product"}],"about":[{"href":"http:\/\/klubmamgdynia.pl\/index.php\/wp-json\/wp\/v2\/types\/product"}],"replies":[{"embeddable":true,"href":"http:\/\/klubmamgdynia.pl\/index.php\/wp-json\/wp\/v2\/comments?post=4463"}],"wp:featuredmedia":[{"embeddable":true,"href":"http:\/\/klubmamgdynia.pl\/index.php\/wp-json\/wp\/v2\/media\/4464"}],"wp:attachment":[{"href":"http:\/\/klubmamgdynia.pl\/index.php\/wp-json\/wp\/v2\/media?parent=4463"}],"wp:term":[{"taxonomy":"product_cat","embeddable":true,"href":"http:\/\/klubmamgdynia.pl\/index.php\/wp-json\/wp\/v2\/product_cat?post=4463"},{"taxonomy":"product_tag","embeddable":true,"href":"http:\/\/klubmamgdynia.pl\/index.php\/wp-json\/wp\/v2\/product_tag?post=4463"}],"curies":[{"name":"wp","href":"https:\/\/api.w.org\/{rel}","templated":true}]}}