{"id":4465,"date":"2021-06-22T08:42:34","date_gmt":"2021-06-22T06:42:34","guid":{"rendered":"http:\/\/klubmamgdynia.pl\/index.php\/produkt\/mattel-disney-auta-track-talkers-ciezarowka-maniek-swiatla-i-dzwieki-gyk60\/"},"modified":"2026-05-17T22:03:40","modified_gmt":"2026-05-17T20:03:40","slug":"mattel-disney-auta-track-talkers-ciezarowka-maniek-swiatla-i-dzwieki-gyk60","status":"publish","type":"product","link":"http:\/\/klubmamgdynia.pl\/index.php\/produkt\/mattel-disney-auta-track-talkers-ciezarowka-maniek-swiatla-i-dzwieki-gyk60\/","title":{"rendered":"Mattel Disney Auta Track Talkers Ci\u0119\u017car\u00f3wka Maniek \u015awiat\u0142a i d\u017awi\u0119ki GYK60"},"content":{"rendered":"<p>Mattel Cars Ci\u0119\u017car\u00f3wka Maniek \u015awiat\u0142a i D\u017awi\u0119ki<br \/>\nCi\u0119\u017car\u00f3wka Maniek od marki Mattel to idealna zabawka dla ka\u017cdego dziecka. Po naci\u015bni\u0119ciu przycisku zabawka wyda charakterystyczne d\u017awi\u0119ki, kt\u00f3re z pewno\u015bci\u0105 zostan\u0105 rozpoznane przez ma\u0142ego fana bajki Auta. Co wi\u0119cej, ci\u0119\u017car\u00f3wka pomie\u015bci dwa pojazdy z serii Track Talkers (sprzedawane osobno). To \u015bwietny spos\u00f3b na przechowywanie zabawek. Dziecko mo\u017ce tworzy\u0107 r\u00f3\u017cne scenariusze i odtwarza\u0107 ulubione sceny z filmu.                            <\/p>\n<p>Mn\u00f3stwo fantastycznej zabawy<br \/>\nAby odblokowa\u0107 dodatkowe d\u017awi\u0119ki wystarczy wjecha\u0107 jednym z samochodzik\u00f3w (sprzedawane osobno). Ci\u0119\u017car\u00f3wka Maniek wejdzie w interakcj\u0119 ze swoim pasa\u017cerem. Ponad 20 efekt\u00f3w d\u017awi\u0119kowych i \u015bwietlnych z pewno\u015bci\u0105 zach\u0119ci malucha do zabawy i sprawi, \u017ce b\u0119dzie ona pe\u0142na przyg\u00f3d. Nadesz\u0142a pora, aby zawie\u017a\u0107 samochody na wy\u015bcig. U\u015bmiechni\u0119ty Maniek zrobi to z przyjemno\u015bci\u0105.                            <\/p>\n<p>Disney Auta \u015bwiat\u0142a i d\u017awi\u0119ki:                            <\/p>\n<p>            Mattel Disney Auta Track Talkers &#8211; Jackson Storm z d\u017awi\u0119kiem GXT28 GXT30<\/p>\n<p>            Mattel Disney Auta Track Talkers &#8211; Z\u0142omek z d\u017awi\u0119kiem GXT32 GXT28<\/p>\n<p>            Mattel Disney Auta Track Talkers &#8211; Zygzak z d\u017awi\u0119kiem GXT28 GXT29<\/p>\n<p>            Mattel Disney Auta Track Talkers Ci\u0119\u017car\u00f3wka Maniek \u015awiat\u0142a i d\u017awi\u0119ki GYK60<\/p>\n<h2>Mattel Disney Auta Track Talkers Ci\u0119\u017car\u00f3wka Maniek \u015awiat\u0142a i d\u017awi\u0119ki GYK60 Mattel<\/h2>\n<p>wakacje kolorowanka, test z lektury dynastia mizio\u0142k\u00f3w, wakacyjne kolorowanki, krecik bajka, szczotka pasta kubek ciep\u0142a woda tekst, zagadki o wielkanocy, zaproszenia na urodziny do wydruku, quiz dzieci z bullerbyn, wy\u015bcig but\u00f3w, zagadki i odpowiedzi, piesek kolorowanka, list do gwiazdora<\/p>\n<p>yyyyy<\/p>\n<p>&nbsp;<\/p>\n","protected":false},"excerpt":{"rendered":"<p>Mattel Cars Ci\u0119\u017car\u00f3wka Maniek \u015awiat\u0142a i D\u017awi\u0119ki Ci\u0119\u017car\u00f3wka Maniek od marki Mattel to idealna zabawka dla ka\u017cdego dziecka. Po naci\u015bni\u0119ciu przycisku zabawka wyda charakterystyczne d\u017awi\u0119ki, kt\u00f3re z pewno\u015bci\u0105 zostan\u0105 rozpoznane przez ma\u0142ego fana bajki Auta. Co wi\u0119cej, ci\u0119\u017car\u00f3wka pomie\u015bci dwa pojazdy z serii Track Talkers (sprzedawane osobno). To \u015bwietny spos\u00f3b na przechowywanie zabawek. Dziecko mo\u017ce [&hellip;]<\/p>\n","protected":false},"featured_media":4466,"comment_status":"closed","ping_status":"open","template":"","meta":[],"product_cat":[83,289],"product_tag":[832,798,757,869],"class_list":["post-4465","product","type-product","status-publish","has-post-thumbnail","hentry","product_cat-auta-i-inne-pojazdy-do-zabawy","product_cat-mattel","product_tag-desery-dla-dzieci","product_tag-prezenty-dla-nastolatki","product_tag-test-z-lektury-ania-z-zielonego-wzgorza-klasa-6-z-odpowiedziami","product_tag-zagadki-na-logike"],"_links":{"self":[{"href":"http:\/\/klubmamgdynia.pl\/index.php\/wp-json\/wp\/v2\/product\/4465","targetHints":{"allow":["GET"]}}],"collection":[{"href":"http:\/\/klubmamgdynia.pl\/index.php\/wp-json\/wp\/v2\/product"}],"about":[{"href":"http:\/\/klubmamgdynia.pl\/index.php\/wp-json\/wp\/v2\/types\/product"}],"replies":[{"embeddable":true,"href":"http:\/\/klubmamgdynia.pl\/index.php\/wp-json\/wp\/v2\/comments?post=4465"}],"wp:featuredmedia":[{"embeddable":true,"href":"http:\/\/klubmamgdynia.pl\/index.php\/wp-json\/wp\/v2\/media\/4466"}],"wp:attachment":[{"href":"http:\/\/klubmamgdynia.pl\/index.php\/wp-json\/wp\/v2\/media?parent=4465"}],"wp:term":[{"taxonomy":"product_cat","embeddable":true,"href":"http:\/\/klubmamgdynia.pl\/index.php\/wp-json\/wp\/v2\/product_cat?post=4465"},{"taxonomy":"product_tag","embeddable":true,"href":"http:\/\/klubmamgdynia.pl\/index.php\/wp-json\/wp\/v2\/product_tag?post=4465"}],"curies":[{"name":"wp","href":"https:\/\/api.w.org\/{rel}","templated":true}]}}