{"id":4467,"date":"2021-06-01T05:58:35","date_gmt":"2021-06-01T03:58:35","guid":{"rendered":"http:\/\/klubmamgdynia.pl\/index.php\/produkt\/bridgestone-blizzak-lm005-205-50r17-93v\/"},"modified":"2026-05-17T22:06:06","modified_gmt":"2026-05-17T20:06:06","slug":"bridgestone-blizzak-lm005-205-50r17-93v","status":"publish","type":"product","link":"http:\/\/klubmamgdynia.pl\/index.php\/produkt\/bridgestone-blizzak-lm005-205-50r17-93v\/","title":{"rendered":"Bridgestone Blizzak Lm005 205\/50R17 93V"},"content":{"rendered":"<p>BRIDGESTONE BLIZZAK LM005<\/p>\n<p>Bridgestone BLIZZAK LM005 to opona z bie\u017cnikiem kierunkowym przeznaczona na sezon zimowy, zaliczaj\u0105ca si\u0119 do najwy\u017cszej p\u00f3\u0142ki jako\u015bciowej \u2013 premium. Bie\u017cnik wykonano w zaawansowanej technologii NanoPro-Tech\u2122, dzi\u0119ki czemu zmaksymalizowano korzy\u015bci wykorzystywanych w Blizzak LM 005  materia\u0142\u00f3w mieszanki gumowej. Poprawi\u0142o to zu\u017cycie paliwa oraz przyczepno\u015b\u0107 na mokrej nawierzchni.  Bridgestone Blizzak LM-005 jest elastyczna, dzi\u0119ki czemu doskonale sprawdza si\u0119 nawet przy siarczystym mrozie. Za bardzo kr\u00f3tk\u0105 drog\u0119 hamowania modelu LM005 odpowiadaj\u0105 2- i 3-wymiarowe lamele. Dzi\u0119ki zygzakowatym rowkom  z kraw\u0119dziami pod k\u0105tem 27 stopni, opona wykazuje \u015bwietn\u0105 przyczepno\u015b\u0107 na \u015bniegu                            <\/p>\n<p>            Zalety opon Bridgestone BLIZZAK LM005<\/p>\n<p>Bridgestone Blizzak LM-005 to najwy\u017csza jako\u015b\u0107 na rynku oraz najnowocze\u015bniejsze technologie. Nawet w trudnych warunkach, przy skrajnie niskich temperaturach, kierowca mo\u017ce by\u0107 pewien \u015bwietnych osi\u0105g\u00f3w. Kluczowa dla bezpiecze\u0144stwa jest kr\u00f3tka droga hamowania na \u015bniegu i lodzie, kt\u00f3r\u0105 gwarantuje Blizzak 005. Wed\u0142ug test\u00f3w, jest to najlepsza opona w swojej klasie.                            <\/p>\n<p>Bridgestone to japo\u0144ski koncern za\u0142o\u017cony w Kurumie, z rodowodem si\u0119gaj\u0105cym 1931 r.  Jest obecnie \u015bwiatowym liderem bran\u017cy, kt\u00f3ry mo\u017ce pochwali\u0107 si\u0119 sieci\u0105 59 fabryk ogumienia oraz zaawansowanym torem testowym. Producent szczeg\u00f3\u0142owo sprawdza osi\u0105gi swoich produkt\u00f3w. Znakiem rozpoznawczym Bridgestone s\u0105 zaawansowane technologie oraz innowacje, dzi\u0119ki czemu kolejne modele stoj\u0105 na najwy\u017cszym \u015bwiatowym poziomie.<\/p>\n<h2>Bridgestone Blizzak Lm005 205\/50R17 93V Bridgestone<\/h2>\n<p>fajne \u017carty na prima aprilis, na wyspach bergamuta, \u017carty na prima aprilis dla ch\u0142opaka, kolorowe kredki tekst, zagadki dla dzieci 10 lat, alina, bal halloween dla dzieci 2021, kolorowanka minionki, irma, kolorowanka lol, prezent na roczek dla chlopca, kolorowanka uk\u0142ad s\u0142oneczny dla dzieci do druku, zagadki na myslenie, kolorowanka \u015bwi\u0105teczna do wydruku, cytaty korczak, darmowe kolorowanki kolorowanki dla dziewczynek, gra kulki, psikusy na prima aprilis, upominek dla nastolatk\u00f3w, trudne zadania matematyczne<\/p>\n<p>yyyyy<\/p>\n<p>&nbsp;<\/p>\n","protected":false},"excerpt":{"rendered":"<p>BRIDGESTONE BLIZZAK LM005 Bridgestone BLIZZAK LM005 to opona z bie\u017cnikiem kierunkowym przeznaczona na sezon zimowy, zaliczaj\u0105ca si\u0119 do najwy\u017cszej p\u00f3\u0142ki jako\u015bciowej \u2013 premium. Bie\u017cnik wykonano w zaawansowanej technologii NanoPro-Tech\u2122, dzi\u0119ki czemu zmaksymalizowano korzy\u015bci wykorzystywanych w Blizzak LM 005 materia\u0142\u00f3w mieszanki gumowej. Poprawi\u0142o to zu\u017cycie paliwa oraz przyczepno\u015b\u0107 na mokrej nawierzchni. Bridgestone Blizzak LM-005 jest elastyczna, [&hellip;]<\/p>\n","protected":false},"featured_media":4468,"comment_status":"closed","ping_status":"open","template":"","meta":[],"product_cat":[895,885],"product_tag":[660,828,654,749,858],"class_list":["post-4467","product","type-product","status-publish","has-post-thumbnail","hentry","product_cat-bridgestone","product_cat-opony-zimowe","product_tag-bianka","product_tag-filmy-wigilijne-dla-dzieci","product_tag-krotkie-bajki-dla-dzieci-do-czytania","product_tag-najlepsze-zarty-na-prima-aprilis","product_tag-podchwytliwe-zagadki"],"_links":{"self":[{"href":"http:\/\/klubmamgdynia.pl\/index.php\/wp-json\/wp\/v2\/product\/4467","targetHints":{"allow":["GET"]}}],"collection":[{"href":"http:\/\/klubmamgdynia.pl\/index.php\/wp-json\/wp\/v2\/product"}],"about":[{"href":"http:\/\/klubmamgdynia.pl\/index.php\/wp-json\/wp\/v2\/types\/product"}],"replies":[{"embeddable":true,"href":"http:\/\/klubmamgdynia.pl\/index.php\/wp-json\/wp\/v2\/comments?post=4467"}],"wp:featuredmedia":[{"embeddable":true,"href":"http:\/\/klubmamgdynia.pl\/index.php\/wp-json\/wp\/v2\/media\/4468"}],"wp:attachment":[{"href":"http:\/\/klubmamgdynia.pl\/index.php\/wp-json\/wp\/v2\/media?parent=4467"}],"wp:term":[{"taxonomy":"product_cat","embeddable":true,"href":"http:\/\/klubmamgdynia.pl\/index.php\/wp-json\/wp\/v2\/product_cat?post=4467"},{"taxonomy":"product_tag","embeddable":true,"href":"http:\/\/klubmamgdynia.pl\/index.php\/wp-json\/wp\/v2\/product_tag?post=4467"}],"curies":[{"name":"wp","href":"https:\/\/api.w.org\/{rel}","templated":true}]}}