{"id":4469,"date":"2011-01-31T23:07:49","date_gmt":"2011-01-31T22:07:49","guid":{"rendered":"http:\/\/klubmamgdynia.pl\/index.php\/produkt\/starpak-plastelina-12-kolorow-cuties-psy-pudelko-1-40\/"},"modified":"2026-05-17T22:20:45","modified_gmt":"2026-05-17T20:20:45","slug":"starpak-plastelina-12-kolorow-cuties-psy-pudelko-1-40","status":"publish","type":"product","link":"http:\/\/klubmamgdynia.pl\/index.php\/produkt\/starpak-plastelina-12-kolorow-cuties-psy-pudelko-1-40\/","title":{"rendered":"Starpak Plastelina 12 Kolor\u00f3w Cuties Psy Pude\u0142ko 1\/40"},"content":{"rendered":"<p>Plastelina z kolekcji Starpak z licencj\u0105 Cuties. W zestawie znajduje si\u0119 12 plastelin w \u017cywych kolorach, rozwijaj\u0105cych umiej\u0119tno\u015bci plastyczne i kreatywne my\u015blenie dziecka. Barwne pude\u0142ko z nadrukiem Cuties zach\u0119ca do tw\u00f3rczej zabawy i u\u0142atwia przechowywanie. W trosce o najwy\u017csz\u0105 jako\u015b\u0107 i bezpiecze\u0144stwo plastelina jest produkowana w Polsce. Zapoznaj si\u0119 r\u00f3wnie\u017c z innymi produktami Starpak Plastelina przeznaczona dla dzieci w wieku 3 . Wymiary produktu wys.x szer. x g\u0142. cm 9,3&#215;19,7&#215;1,5.<\/p>\n<h2>Starpak Plastelina 12 Kolor\u00f3w Cuties Psy Pude\u0142ko 1\/40 Starpak<\/h2>\n<p>lol do druku, asiunia test z lektury, dziecko cytaty z\u0142ote my\u015bli, miko\u0142ajki dla dzieci warszawa 2021, stare wiersze dla dzieci, test z lektury dynastia mizio\u0142k\u00f3w, test z lektury opowie\u015bci z narni lew czarownica i stara szafa, lol surprise kolorowanki, litera y do druku, prezent dla nastolatka, pozytywne cytaty mama cytaty, henryk, olaf znaczenie imienia, ksi\u0105\u017cka dla dzieci online, warszawa atrakcje dla m\u0142odzie\u017cy, a \u015bpij kochanie, upominek dla nastolatk\u00f3w, prezenty roczek, prezent na roczek dla ch\u0142opca, wycinanki dla dzieci do druku<\/p>\n<p>yyyyy<\/p>\n<p>&nbsp;<\/p>\n","protected":false},"excerpt":{"rendered":"<p>Plastelina z kolekcji Starpak z licencj\u0105 Cuties. W zestawie znajduje si\u0119 12 plastelin w \u017cywych kolorach, rozwijaj\u0105cych umiej\u0119tno\u015bci plastyczne i kreatywne my\u015blenie dziecka. Barwne pude\u0142ko z nadrukiem Cuties zach\u0119ca do tw\u00f3rczej zabawy i u\u0142atwia przechowywanie. W trosce o najwy\u017csz\u0105 jako\u015b\u0107 i bezpiecze\u0144stwo plastelina jest produkowana w Polsce. Zapoznaj si\u0119 r\u00f3wnie\u017c z innymi produktami Starpak Plastelina [&hellip;]<\/p>\n","protected":false},"featured_media":4470,"comment_status":"closed","ping_status":"open","template":"","meta":[],"product_cat":[269,297],"product_tag":[862,742,751,632],"class_list":["post-4469","product","type-product","status-publish","has-post-thumbnail","hentry","product_cat-starpak","product_cat-szkolne-artykuly-plastyczne","product_tag-nasza-zima-zla-tekst","product_tag-piosenki-dla-dzieci-tekst","product_tag-psi-patrol-kolorowanka","product_tag-warszawa-atrakcje-dla-mlodziezy"],"_links":{"self":[{"href":"http:\/\/klubmamgdynia.pl\/index.php\/wp-json\/wp\/v2\/product\/4469","targetHints":{"allow":["GET"]}}],"collection":[{"href":"http:\/\/klubmamgdynia.pl\/index.php\/wp-json\/wp\/v2\/product"}],"about":[{"href":"http:\/\/klubmamgdynia.pl\/index.php\/wp-json\/wp\/v2\/types\/product"}],"replies":[{"embeddable":true,"href":"http:\/\/klubmamgdynia.pl\/index.php\/wp-json\/wp\/v2\/comments?post=4469"}],"wp:featuredmedia":[{"embeddable":true,"href":"http:\/\/klubmamgdynia.pl\/index.php\/wp-json\/wp\/v2\/media\/4470"}],"wp:attachment":[{"href":"http:\/\/klubmamgdynia.pl\/index.php\/wp-json\/wp\/v2\/media?parent=4469"}],"wp:term":[{"taxonomy":"product_cat","embeddable":true,"href":"http:\/\/klubmamgdynia.pl\/index.php\/wp-json\/wp\/v2\/product_cat?post=4469"},{"taxonomy":"product_tag","embeddable":true,"href":"http:\/\/klubmamgdynia.pl\/index.php\/wp-json\/wp\/v2\/product_tag?post=4469"}],"curies":[{"name":"wp","href":"https:\/\/api.w.org\/{rel}","templated":true}]}}