{"id":447,"date":"2019-03-09T21:58:38","date_gmt":"2019-03-09T20:58:38","guid":{"rendered":"http:\/\/klubmamgdynia.pl\/index.php\/produkt\/trefl-maly-odkrywca-jestem-bezpieczny-01342\/"},"modified":"2026-05-17T20:45:44","modified_gmt":"2026-05-17T18:45:44","slug":"trefl-maly-odkrywca-jestem-bezpieczny-01342","status":"publish","type":"product","link":"http:\/\/klubmamgdynia.pl\/index.php\/produkt\/trefl-maly-odkrywca-jestem-bezpieczny-01342\/","title":{"rendered":"Trefl Ma\u0142y Odkrywca Jestem Bezpieczny 01342"},"content":{"rendered":"<p>OPIS<\/p>\n<p>Gra edukacyjna Trefl Ma\u0142y Odkrywca idzie do szko\u0142y &#8211; Jestem bezpieczny to kolorowe karty pokryte pi\u0119knymi grafikami. Zabawa przedstawia dziecku wiedz\u0119 z bardzo wa\u017cnego zakresu jakim jest bezpiecze\u0144stwo. Zaznajomienie dziecka z t\u0105 tematyk\u0105 jest szczeg\u00f3lnie wa\u017cne, a przekazanie wiedzy w formie zabawy jest \u0142atwe do przyswojenia przez dziecko. Gra pochodzi z serii Ma\u0142y Odkrywca, kt\u00f3ra zosta\u0142a zaprojektowana przez pedagog\u00f3w by wspiera\u0107 rozw\u00f3j dzieci.<\/p>\n<h2>Trefl Ma\u0142y Odkrywca Jestem Bezpieczny 01342 Trefl<\/h2>\n<p>wilga, kinderbal przepisy, quiz opowie\u015bci z narnii, zagadki logiczne z odpowiedziami, dyplomy do wydrukowania a4, bajka na dobranoc do czytania, quiz o flagach europy, psi patrol zadania do druku, zabawy dla 5 latka, lato, bajki do czytania na dobranoc, kolorowanka super zings, zabawy urodzinowe dla dzieci, miko\u0142ajek sprawdzian z lektury z odpowiedziami, mama cytaty, test z ani z zielonego wzg\u00f3rza, najlepsze zagadki, kolorowanki na dzie\u0144 babci, aurelia<\/p>\n<p>yyyyy<\/p>\n<p>&nbsp;<\/p>\n","protected":false},"excerpt":{"rendered":"<p>OPIS Gra edukacyjna Trefl Ma\u0142y Odkrywca idzie do szko\u0142y &#8211; Jestem bezpieczny to kolorowe karty pokryte pi\u0119knymi grafikami. Zabawa przedstawia dziecku wiedz\u0119 z bardzo wa\u017cnego zakresu jakim jest bezpiecze\u0144stwo. Zaznajomienie dziecka z t\u0105 tematyk\u0105 jest szczeg\u00f3lnie wa\u017cne, a przekazanie wiedzy w formie zabawy jest \u0142atwe do przyswojenia przez dziecko. Gra pochodzi z serii Ma\u0142y Odkrywca, [&hellip;]<\/p>\n","protected":false},"featured_media":448,"comment_status":"closed","ping_status":"open","template":"","meta":[],"product_cat":[130,104],"product_tag":[781,763,697,595,860],"class_list":["post-447","product","type-product","status-publish","has-post-thumbnail","hentry","product_cat-gry-dzieciece","product_cat-trefl","product_tag-cytaty-o-wychowaniu-dzieci","product_tag-fabian","product_tag-krotkie-bajki-do-czytania","product_tag-zagadki-dla-6-latka","product_tag-zagadki-logiczne-dla-doroslych"],"_links":{"self":[{"href":"http:\/\/klubmamgdynia.pl\/index.php\/wp-json\/wp\/v2\/product\/447","targetHints":{"allow":["GET"]}}],"collection":[{"href":"http:\/\/klubmamgdynia.pl\/index.php\/wp-json\/wp\/v2\/product"}],"about":[{"href":"http:\/\/klubmamgdynia.pl\/index.php\/wp-json\/wp\/v2\/types\/product"}],"replies":[{"embeddable":true,"href":"http:\/\/klubmamgdynia.pl\/index.php\/wp-json\/wp\/v2\/comments?post=447"}],"wp:featuredmedia":[{"embeddable":true,"href":"http:\/\/klubmamgdynia.pl\/index.php\/wp-json\/wp\/v2\/media\/448"}],"wp:attachment":[{"href":"http:\/\/klubmamgdynia.pl\/index.php\/wp-json\/wp\/v2\/media?parent=447"}],"wp:term":[{"taxonomy":"product_cat","embeddable":true,"href":"http:\/\/klubmamgdynia.pl\/index.php\/wp-json\/wp\/v2\/product_cat?post=447"},{"taxonomy":"product_tag","embeddable":true,"href":"http:\/\/klubmamgdynia.pl\/index.php\/wp-json\/wp\/v2\/product_tag?post=447"}],"curies":[{"name":"wp","href":"https:\/\/api.w.org\/{rel}","templated":true}]}}