{"id":4471,"date":"2013-10-22T02:54:39","date_gmt":"2013-10-22T00:54:39","guid":{"rendered":"http:\/\/klubmamgdynia.pl\/index.php\/produkt\/starpak-psi-patrol-zestaw-artystyczny-28-elementow\/"},"modified":"2026-04-05T22:09:25","modified_gmt":"2026-04-05T20:09:25","slug":"starpak-psi-patrol-zestaw-artystyczny-28-elementow","status":"publish","type":"product","link":"http:\/\/klubmamgdynia.pl\/index.php\/produkt\/starpak-psi-patrol-zestaw-artystyczny-28-elementow\/","title":{"rendered":"Starpak Psi Patrol Zestaw Artystyczny (28 Element\u00f3w)"},"content":{"rendered":"<p>Zestaw artystyczny Psi Patrol 28 element\u00f3wZestaw przybor\u00f3w szkolnych z kolekcji Starpak z licencj\u0105 Psi Patrol dla ma\u0142ych artyst\u00f3w pomagaj\u0105cy rozwija\u0107 im kreatywno\u015b\u0107 i poznawa\u0107 nowe techniki malarskie. Wszystkie elementy zestawu s\u0105 wykonane z wysokiej jako\u015bci materia\u0142\u00f3w co zapewni d\u0142ugie u\u017cytkowanie. Ca\u0142y zestaw jest zorganizowany w jednej, zamykanej walizeczce z r\u0105czk\u0105, u\u0142atwiaj\u0105cej przechowywanie i przenoszenie. Zapoznaj si\u0119 r\u00f3wnie\u017c z innymi produktami Starpak z serii Psi Patrol!Cechy:- 28 element\u00f3w- Wszystko zamkni\u0119te w ma\u0142ej walizce z r\u0105czk\u0105- Rozwija kreatywno\u015b\u0107 u najm\u0142odszych &#8211; Elementy wykonane z wysokiej jako\u015bci materia\u0142\u00f3w- Bezpieczne dla dzieci &#8211; W zestawie: 8 kredek woskowych, 12 farb akwarelowych, p\u0119dzel, temper\u00f3wka, o\u0142\u00f3wek, gumka do mazania, 4 kartki do kolorowania- Wymiary: 20,5 x 14 x 2,5 cm<\/p>\n<h2>Starpak Psi Patrol Zestaw Artystyczny (28 Element\u00f3w) Starpak<\/h2>\n<p>zagadki dla dzieci 7-8 lat online, rainbow dash kolorowanka, kundel bury tekst, olaf znaczenie imienia, gdzie strumyk p\u0142ynie z wolna, akademia pana kleksa test do druku, domki z rolek po papierze toaletowym<\/p>\n<p>yyyyy<\/p>\n<p>&nbsp;<\/p>\n","protected":false},"excerpt":{"rendered":"<p>Zestaw artystyczny Psi Patrol 28 element\u00f3wZestaw przybor\u00f3w szkolnych z kolekcji Starpak z licencj\u0105 Psi Patrol dla ma\u0142ych artyst\u00f3w pomagaj\u0105cy rozwija\u0107 im kreatywno\u015b\u0107 i poznawa\u0107 nowe techniki malarskie. Wszystkie elementy zestawu s\u0105 wykonane z wysokiej jako\u015bci materia\u0142\u00f3w co zapewni d\u0142ugie u\u017cytkowanie. Ca\u0142y zestaw jest zorganizowany w jednej, zamykanej walizeczce z r\u0105czk\u0105, u\u0142atwiaj\u0105cej przechowywanie i przenoszenie. Zapoznaj [&hellip;]<\/p>\n","protected":false},"featured_media":4472,"comment_status":"closed","ping_status":"open","template":"","meta":[],"product_cat":[269,297],"product_tag":[801,742,692,733],"class_list":["post-4471","product","type-product","status-publish","has-post-thumbnail","hentry","product_cat-starpak","product_cat-szkolne-artykuly-plastyczne","product_tag-bajki-terapeutyczne-o-emocjach","product_tag-piosenki-dla-dzieci-tekst","product_tag-prezenty-na-roczek","product_tag-zarty-na-prima-aprilis"],"_links":{"self":[{"href":"http:\/\/klubmamgdynia.pl\/index.php\/wp-json\/wp\/v2\/product\/4471","targetHints":{"allow":["GET"]}}],"collection":[{"href":"http:\/\/klubmamgdynia.pl\/index.php\/wp-json\/wp\/v2\/product"}],"about":[{"href":"http:\/\/klubmamgdynia.pl\/index.php\/wp-json\/wp\/v2\/types\/product"}],"replies":[{"embeddable":true,"href":"http:\/\/klubmamgdynia.pl\/index.php\/wp-json\/wp\/v2\/comments?post=4471"}],"wp:featuredmedia":[{"embeddable":true,"href":"http:\/\/klubmamgdynia.pl\/index.php\/wp-json\/wp\/v2\/media\/4472"}],"wp:attachment":[{"href":"http:\/\/klubmamgdynia.pl\/index.php\/wp-json\/wp\/v2\/media?parent=4471"}],"wp:term":[{"taxonomy":"product_cat","embeddable":true,"href":"http:\/\/klubmamgdynia.pl\/index.php\/wp-json\/wp\/v2\/product_cat?post=4471"},{"taxonomy":"product_tag","embeddable":true,"href":"http:\/\/klubmamgdynia.pl\/index.php\/wp-json\/wp\/v2\/product_tag?post=4471"}],"curies":[{"name":"wp","href":"https:\/\/api.w.org\/{rel}","templated":true}]}}