{"id":4473,"date":"2024-01-12T10:02:27","date_gmt":"2024-01-12T09:02:27","guid":{"rendered":"http:\/\/klubmamgdynia.pl\/?post_type=product&#038;p=4473"},"modified":"2026-04-27T11:28:03","modified_gmt":"2026-04-27T09:28:03","slug":"bedee-dlugopis-3d-pen-drukarka-12kol-3m-filament-pla-ty0322bu","status":"publish","type":"product","link":"http:\/\/klubmamgdynia.pl\/index.php\/produkt\/bedee-dlugopis-3d-pen-drukarka-12kol-3m-filament-pla-ty0322bu\/","title":{"rendered":"Bedee D\u0142ugopis 3D Pen Drukarka 12Kol\/3M Filament Pla (TY0322BU)"},"content":{"rendered":"<p>Cechy:Ulepszony d\u0142ugopis do drukowania 3D z wy\u015bwietlaczem LED, rysunek sztuki z filamentu PLA.Tryb wyt\u0142aczania: modelowanie\/topienie topionego osadzania.Ten przyciskany d\u0142ugopis wykonany z tworzywa ABS i PLA jest trwa\u0142y i odporny na zarysowania.\u0141atwy w obs\u0142udze i u\u017cytkowaniu, praktyczny do codziennego u\u017cytku.Dane techniczne:Kolor niebieskiMateria\u0142: ABS\/PLA\u015arednica podstawy: 1,75 mmPr\u0119dko\u015b\u0107 wyt\u0142aczania: regulowanaRozmiar produktu: 18&#215;4.1&#215;2.8 cm1 x pi\u00f3ro do drukowania 3D12 w\u0142\u00f3kien PLA (3m x 1,75mm)(losowymi kolorami)1 x kabel USB1 x instrukcja obs\u0142ugi w j\u0119zyku angielskim<\/p>\n<h2>Bedee D\u0142ugopis 3D Pen Drukarka 12Kol\/3M Filament Pla (TY0322BU) <\/h2>\n<p>wiersze o wakacjach, prezenty dla m\u0142odzie\u017cy, miriam imi\u0119, marcelina imi\u0119, everest psi patrol, \u015bwinka peppa kolorowanka do druku, przygody tomka sawyera test, kundel bury tekst, pokemon do druku, malowanki do druku, miasto dzieci, prezent dla nastolatk\u00f3w 2021, miasto dzieci pl, prezenty na roczek dla dziewczynki<\/p>\n<p>yyyyy<\/p>\n<p>&nbsp;<\/p>\n","protected":false},"excerpt":{"rendered":"<p>Cechy:Ulepszony d\u0142ugopis do drukowania 3D z wy\u015bwietlaczem LED, rysunek sztuki z filamentu PLA.Tryb wyt\u0142aczania: modelowanie\/topienie topionego osadzania.Ten przyciskany d\u0142ugopis wykonany z tworzywa ABS i PLA jest trwa\u0142y i odporny na zarysowania.\u0141atwy w obs\u0142udze i u\u017cytkowaniu, praktyczny do codziennego u\u017cytku.Dane techniczne:Kolor niebieskiMateria\u0142: ABS\/PLA\u015arednica podstawy: 1,75 mmPr\u0119dko\u015b\u0107 wyt\u0142aczania: regulowanaRozmiar produktu: 18&#215;4.1&#215;2.8 cm1 x pi\u00f3ro do drukowania 3D12 [&hellip;]<\/p>\n","protected":false},"featured_media":4474,"comment_status":"closed","ping_status":"open","template":"","meta":[],"product_cat":[297],"product_tag":[828,862,576],"class_list":["post-4473","product","type-product","status-publish","has-post-thumbnail","hentry","product_cat-szkolne-artykuly-plastyczne","product_tag-filmy-wigilijne-dla-dzieci","product_tag-nasza-zima-zla-tekst","product_tag-trudne-zagadki"],"_links":{"self":[{"href":"http:\/\/klubmamgdynia.pl\/index.php\/wp-json\/wp\/v2\/product\/4473","targetHints":{"allow":["GET"]}}],"collection":[{"href":"http:\/\/klubmamgdynia.pl\/index.php\/wp-json\/wp\/v2\/product"}],"about":[{"href":"http:\/\/klubmamgdynia.pl\/index.php\/wp-json\/wp\/v2\/types\/product"}],"replies":[{"embeddable":true,"href":"http:\/\/klubmamgdynia.pl\/index.php\/wp-json\/wp\/v2\/comments?post=4473"}],"wp:featuredmedia":[{"embeddable":true,"href":"http:\/\/klubmamgdynia.pl\/index.php\/wp-json\/wp\/v2\/media\/4474"}],"wp:attachment":[{"href":"http:\/\/klubmamgdynia.pl\/index.php\/wp-json\/wp\/v2\/media?parent=4473"}],"wp:term":[{"taxonomy":"product_cat","embeddable":true,"href":"http:\/\/klubmamgdynia.pl\/index.php\/wp-json\/wp\/v2\/product_cat?post=4473"},{"taxonomy":"product_tag","embeddable":true,"href":"http:\/\/klubmamgdynia.pl\/index.php\/wp-json\/wp\/v2\/product_tag?post=4473"}],"curies":[{"name":"wp","href":"https:\/\/api.w.org\/{rel}","templated":true}]}}