{"id":4475,"date":"2022-10-30T04:14:58","date_gmt":"2022-10-30T03:14:58","guid":{"rendered":"http:\/\/klubmamgdynia.pl\/?post_type=product&#038;p=4475"},"modified":"2026-04-06T03:06:45","modified_gmt":"2026-04-06T01:06:45","slug":"kin-zestaw-artystyczny-duzy-8896-5-k-drewniana","status":"publish","type":"product","link":"http:\/\/klubmamgdynia.pl\/index.php\/produkt\/kin-zestaw-artystyczny-duzy-8896-5-k-drewniana\/","title":{"rendered":"Kin Zestaw Artystyczny Du\u017cy 8896\/5 K. Drewniana"},"content":{"rendered":"<p>Zestaw zawiera 180 towar\u00f3w:- 36 szt. o\u0142\u00f3wk\u00f3w grafitowych 1500- 36 szt. o\u0142\u00f3wk\u00f3w grafitowych 1900- 36 szt. kredek POLYCOLOR- 36 szt. kredek akwarelowych MONDELUZ- 25 szt. kredek bezdrzewnych PROGRESSO- 8 szt. o\u0142\u00f3wk\u00f3w bezdrzewnych PROGRESSO- 3 szt. o\u0142\u00f3wk\u00f3w automatycznych<\/p>\n<h2>Kin Zestaw Artystyczny Du\u017cy 8896\/5 K. Drewniana Kin<\/h2>\n<p>czapka g\u00f3rnika szablon chomikuj, wycinanki dla dzieci do druku, prezent dla 7 latki, test z lektury dynastia mizio\u0142k\u00f3w, karnawa\u0142 maska karnawa\u0142owa szablon, cicha noc po angielsku tekst, zagadki dla dzieci, zagadki dla przedszkolak\u00f3w, kiekrz, bajka do czytania o piesku, asiunia pytania do lektury, konstancja imie, quiz konie, kolorowanka wakacje, urodziny dziecka pomys\u0142y, flagi europy quiz, jak narysowa\u0107 koty, zima z\u0142a tekst, kawaly na prima aprilis, znaczenie imiona kinga, quiz felix net i nika oraz gang niewidzialnych ludzi<\/p>\n<p>yyyyy<\/p>\n<p>&nbsp;<\/p>\n","protected":false},"excerpt":{"rendered":"<p>Zestaw zawiera 180 towar\u00f3w:- 36 szt. o\u0142\u00f3wk\u00f3w grafitowych 1500- 36 szt. o\u0142\u00f3wk\u00f3w grafitowych 1900- 36 szt. kredek POLYCOLOR- 36 szt. kredek akwarelowych MONDELUZ- 25 szt. kredek bezdrzewnych PROGRESSO- 8 szt. o\u0142\u00f3wk\u00f3w bezdrzewnych PROGRESSO- 3 szt. o\u0142\u00f3wk\u00f3w automatycznych Kin Zestaw Artystyczny Du\u017cy 8896\/5 K. Drewniana Kin czapka g\u00f3rnika szablon chomikuj, wycinanki dla dzieci do druku, prezent [&hellip;]<\/p>\n","protected":false},"featured_media":4476,"comment_status":"closed","ping_status":"open","template":"","meta":[],"product_cat":[1234,297],"product_tag":[697,786,621,647,796],"class_list":["post-4475","product","type-product","status-publish","has-post-thumbnail","hentry","product_cat-kin","product_cat-szkolne-artykuly-plastyczne","product_tag-krotkie-bajki-do-czytania","product_tag-prezent-na-1-urodziny","product_tag-prezenty-roczek","product_tag-warszawa-z-dzieckiem","product_tag-zagatki"],"_links":{"self":[{"href":"http:\/\/klubmamgdynia.pl\/index.php\/wp-json\/wp\/v2\/product\/4475","targetHints":{"allow":["GET"]}}],"collection":[{"href":"http:\/\/klubmamgdynia.pl\/index.php\/wp-json\/wp\/v2\/product"}],"about":[{"href":"http:\/\/klubmamgdynia.pl\/index.php\/wp-json\/wp\/v2\/types\/product"}],"replies":[{"embeddable":true,"href":"http:\/\/klubmamgdynia.pl\/index.php\/wp-json\/wp\/v2\/comments?post=4475"}],"wp:featuredmedia":[{"embeddable":true,"href":"http:\/\/klubmamgdynia.pl\/index.php\/wp-json\/wp\/v2\/media\/4476"}],"wp:attachment":[{"href":"http:\/\/klubmamgdynia.pl\/index.php\/wp-json\/wp\/v2\/media?parent=4475"}],"wp:term":[{"taxonomy":"product_cat","embeddable":true,"href":"http:\/\/klubmamgdynia.pl\/index.php\/wp-json\/wp\/v2\/product_cat?post=4475"},{"taxonomy":"product_tag","embeddable":true,"href":"http:\/\/klubmamgdynia.pl\/index.php\/wp-json\/wp\/v2\/product_tag?post=4475"}],"curies":[{"name":"wp","href":"https:\/\/api.w.org\/{rel}","templated":true}]}}