{"id":4477,"date":"2016-03-11T04:01:33","date_gmt":"2016-03-11T03:01:33","guid":{"rendered":"http:\/\/klubmamgdynia.pl\/index.php\/produkt\/starpak-zestaw-kredek-woskowych-12-kolorow-paw-patrol-psi-patrol\/"},"modified":"2026-05-17T22:02:58","modified_gmt":"2026-05-17T20:02:58","slug":"starpak-zestaw-kredek-woskowych-12-kolorow-paw-patrol-psi-patrol","status":"publish","type":"product","link":"http:\/\/klubmamgdynia.pl\/index.php\/produkt\/starpak-zestaw-kredek-woskowych-12-kolorow-paw-patrol-psi-patrol\/","title":{"rendered":"Starpak Zestaw kredek woskowych 12 kolor\u00f3w Paw Patrol Psi Patrol"},"content":{"rendered":"<p>Zestaw kredek woskowych 12 kolor\u00f3w Paw Patrol Psi PatrolZestaw 12-tu kredek woskowych w \u017cywych barwach, idealnych dla najm\u0142odszych artyst\u00f3w, kt\u00f3rzy dopiero rozpoczynaj\u0105 swoj\u0105 przygod\u0119 z rysowaniem. Wykonane z materia\u0142\u00f3w wysokiej jako\u015bci, dobrze kryj\u0105 malowan\u0105 powierzchni\u0119. Nie \u0142ami\u0105 si\u0119 podczas rysowania ani strugania. Zapakowane w kartonowe pude\u0142eczko z systemem \u0142atwego otwierania \u201eeasy open\u201d, ozdobione grafik\u0105 przedstawiaj\u0105c\u0105 sympatycznych bohater\u00f3w bajki Psi Patrol, kt\u00f3re u\u0142atwia przechowywanie.<\/p>\n<h2>Starpak Zestaw kredek woskowych 12 kolor\u00f3w Paw Patrol Psi Patrol Starpak<\/h2>\n<p>prezenty dla 15 latki, wierszyk o marzannie, zagadki matematyczne dla dzieci, flagi \u015bwiata quiz, wzory zaprosze\u0144 zaproszenie na urodziny szablon do druku, kolorowanka prezent, zadania dla 7 latka do druku, kolorowanki do wydruku postacie z bajek, zabawki dla rocznej dziewczynki, prezent dla 13 latki na \u015bwi\u0119ta, gad\u017cety dla m\u0142odzie\u017cy 2020, magiczne drzewo czerwone krzes\u0142o test, co\u015b dla nastolatk\u00f3w, najpi\u0119kniejsze cytaty o przyja\u017ani, kubu\u015b puchatek cytaty, kajko i kokosz szko\u0142a latania test z odpowiedziami, zagadki logiczne na inteligencj\u0119 dla doros\u0142ych, kolorowanki do druku dla doros\u0142ych<\/p>\n<p>yyyyy<\/p>\n<p>&nbsp;<\/p>\n","protected":false},"excerpt":{"rendered":"<p>Zestaw kredek woskowych 12 kolor\u00f3w Paw Patrol Psi PatrolZestaw 12-tu kredek woskowych w \u017cywych barwach, idealnych dla najm\u0142odszych artyst\u00f3w, kt\u00f3rzy dopiero rozpoczynaj\u0105 swoj\u0105 przygod\u0119 z rysowaniem. Wykonane z materia\u0142\u00f3w wysokiej jako\u015bci, dobrze kryj\u0105 malowan\u0105 powierzchni\u0119. Nie \u0142ami\u0105 si\u0119 podczas rysowania ani strugania. Zapakowane w kartonowe pude\u0142eczko z systemem \u0142atwego otwierania \u201eeasy open\u201d, ozdobione grafik\u0105 przedstawiaj\u0105c\u0105 [&hellip;]<\/p>\n","protected":false},"featured_media":4478,"comment_status":"closed","ping_status":"open","template":"","meta":[],"product_cat":[269,297],"product_tag":[747,652,576],"class_list":["post-4477","product","type-product","status-publish","has-post-thumbnail","hentry","product_cat-starpak","product_cat-szkolne-artykuly-plastyczne","product_tag-malowanki-do-druku","product_tag-otto","product_tag-trudne-zagadki"],"_links":{"self":[{"href":"http:\/\/klubmamgdynia.pl\/index.php\/wp-json\/wp\/v2\/product\/4477","targetHints":{"allow":["GET"]}}],"collection":[{"href":"http:\/\/klubmamgdynia.pl\/index.php\/wp-json\/wp\/v2\/product"}],"about":[{"href":"http:\/\/klubmamgdynia.pl\/index.php\/wp-json\/wp\/v2\/types\/product"}],"replies":[{"embeddable":true,"href":"http:\/\/klubmamgdynia.pl\/index.php\/wp-json\/wp\/v2\/comments?post=4477"}],"wp:featuredmedia":[{"embeddable":true,"href":"http:\/\/klubmamgdynia.pl\/index.php\/wp-json\/wp\/v2\/media\/4478"}],"wp:attachment":[{"href":"http:\/\/klubmamgdynia.pl\/index.php\/wp-json\/wp\/v2\/media?parent=4477"}],"wp:term":[{"taxonomy":"product_cat","embeddable":true,"href":"http:\/\/klubmamgdynia.pl\/index.php\/wp-json\/wp\/v2\/product_cat?post=4477"},{"taxonomy":"product_tag","embeddable":true,"href":"http:\/\/klubmamgdynia.pl\/index.php\/wp-json\/wp\/v2\/product_tag?post=4477"}],"curies":[{"name":"wp","href":"https:\/\/api.w.org\/{rel}","templated":true}]}}