{"id":4479,"date":"2016-06-30T18:15:02","date_gmt":"2016-06-30T16:15:02","guid":{"rendered":"http:\/\/klubmamgdynia.pl\/index.php\/produkt\/babybjorn-kubek-powder-pink\/"},"modified":"2026-05-17T22:06:28","modified_gmt":"2026-05-17T20:06:28","slug":"babybjorn-kubek-powder-pink","status":"publish","type":"product","link":"http:\/\/klubmamgdynia.pl\/index.php\/produkt\/babybjorn-kubek-powder-pink\/","title":{"rendered":"Babybjorn Kubek Powder Pink"},"content":{"rendered":"<p>BABYBJORN &#8211; kubki &#8211; Powder Pink Stabilny, trudny do przewr\u00f3cenia kubeczek, kt\u00f3ry wygodnie si\u0119 trzymaDzi\u0119ki specjalnie dobranemu tworzywu kubeczek nie wy\u015blizguje si\u0119 i dziecku \u0142atwiej jest pi\u0107 samodzielnie. Kszta\u0142t naczynia zapewnia nawet najbrudniejszym r\u0105czkom pewny chwyt. Kubeczek ma szerok\u0105 podstaw\u0119 i nisko po\u0142o\u017cony \u015brodek ci\u0119\u017cko\u015bci, aby trudno by\u0142o go przewr\u00f3ci\u0107. Jego zawarto\u015b\u0107 mo\u017cna zobaczy\u0107 przez p\u00f3\u0142przezroczysty matowy plastik. Kubeczek jest przeznaczony dla dzieci, kt\u00f3re uko\u0144czy\u0142y osiem miesi\u0119cy.Cechy produktu:Perfekcyjnie dopasowany do ma\u0142ych r\u0105czekPracuj\u0105c nad kszta\u0142tem kubeczka, projektanci BABYBJ\u00d6RN bazowali na tym, w jaki spos\u00f3b ma\u0142e dzieci trzymaj\u0105 tego typu naczynia i pij\u0105 z nich.Ponadto dobrali odpowiednie tworzywo, kt\u00f3re gwarantuje pewniejszy chwyt.Trudny do wywr\u00f3ceniaCi\u0119\u017cka podstawa wyko\u0144czona od spodu gumowym paskiem i nisko po\u0142o\u017cony punkt ci\u0119\u017cko\u015bci pomagaj\u0105 utrzyma\u0107 kubeczek na miejscu. Naczynie popchni\u0119te przez dziecko przesunie si\u0119, zamiast si\u0119 przewr\u00f3ci\u0107.Trwa\u0142y i wytrzyma\u0142yKubek BABYBJ\u00d6RN jest wykonany z materia\u0142\u00f3w niezwykle odpornych na uderzenia i upadki. Mo\u017cna go my\u0107 w zmywarce, u\u017cywa\u0107 w kuchence mikrofalowej, a nawet zamra\u017carce. Kubek ma pojemno\u015b\u0107 100 ml i posiada na zewn\u0119trznych \u015bciankach podzia\u0142k\u0119 w ml.Testowane i bezpieczne materia\u0142yKubek BABYBJ\u00d6RN wykonany jest z tworzywa dopuszczonego do kontaktu z artyku\u0142ami spo\u017cywczymi zgodnie ze standardami obowi\u0105zuj\u0105cymi w Europie (EEC) oraz USA (FDA). Tworzywa, z kt\u00f3rych wykonano kubek BABYBJ\u00d6RN nie zawiera PVC, bisfenolu A (BPA), ftalan\u00f3w, kadmu, o\u0142owiu ani chloru. Nadaje si\u0119 do ponownego przetworzenia.Specyfikacja produktu:Wiek: Od ok. 8 miesi\u0105ca \u017cyciaWaga: 70 gWymiary: 74 x 74 x 86 mmPojemno\u015b\u0107: 100 mlMateria\u0142: polipropylen (PP) i elastomery termoplastyczne (TPE)Czyszczenie: mo\u017ce by\u0107 u\u017cywany w kuchence mikrofalowej w temp. max. 90\u00b0C. Mo\u017cna my\u0107 w zmywarceGwarancja 36 miesi\u0119cyZestaw zapakowany jest w eleganckie pude\u0142ko &#8211; idealny na prezent!<\/p>\n<h2>Babybjorn Kubek Powder Pink BabyBjorn<\/h2>\n<p>smok wawelski kolorowanka, bajki dla dzieci do czytania, cytaty o przyjazni, cytaty o mi\u0142o\u015bci do dziecka, antystresowe mandale do druku, natan imi\u0119, lol kolorowanki do druku, prezent dla nastolatki, test z dzieci z bullerbyn, pch\u0142y na noc, traktor z przyczep\u0105 kolorowanka, co\u015b dla nastolatk\u00f3w, test lew czarownica i stara szafa, ciekawostki o je\u017cach, m\u0105dre cytaty dla dzieci, kolorowanki lego ninjago, stolice europy quiz, test z lektury mitologia grecka, kolorowanki konie z je\u017ad\u017acem<\/p>\n<p>yyyyy<\/p>\n<p>&nbsp;<\/p>\n","protected":false},"excerpt":{"rendered":"<p>BABYBJORN &#8211; kubki &#8211; Powder Pink Stabilny, trudny do przewr\u00f3cenia kubeczek, kt\u00f3ry wygodnie si\u0119 trzymaDzi\u0119ki specjalnie dobranemu tworzywu kubeczek nie wy\u015blizguje si\u0119 i dziecku \u0142atwiej jest pi\u0107 samodzielnie. Kszta\u0142t naczynia zapewnia nawet najbrudniejszym r\u0105czkom pewny chwyt. Kubeczek ma szerok\u0105 podstaw\u0119 i nisko po\u0142o\u017cony \u015brodek ci\u0119\u017cko\u015bci, aby trudno by\u0142o go przewr\u00f3ci\u0107. Jego zawarto\u015b\u0107 mo\u017cna zobaczy\u0107 przez [&hellip;]<\/p>\n","protected":false},"featured_media":4480,"comment_status":"closed","ping_status":"open","template":"","meta":[],"product_cat":[1167,215],"product_tag":[821,642,621,804],"class_list":["post-4479","product","type-product","status-publish","has-post-thumbnail","hentry","product_cat-babybjorn","product_cat-naczynia-i-sztucce-dla-dzieci","product_tag-marianna","product_tag-mia-imie","product_tag-prezenty-roczek","product_tag-ryz-z-owocami"],"_links":{"self":[{"href":"http:\/\/klubmamgdynia.pl\/index.php\/wp-json\/wp\/v2\/product\/4479","targetHints":{"allow":["GET"]}}],"collection":[{"href":"http:\/\/klubmamgdynia.pl\/index.php\/wp-json\/wp\/v2\/product"}],"about":[{"href":"http:\/\/klubmamgdynia.pl\/index.php\/wp-json\/wp\/v2\/types\/product"}],"replies":[{"embeddable":true,"href":"http:\/\/klubmamgdynia.pl\/index.php\/wp-json\/wp\/v2\/comments?post=4479"}],"wp:featuredmedia":[{"embeddable":true,"href":"http:\/\/klubmamgdynia.pl\/index.php\/wp-json\/wp\/v2\/media\/4480"}],"wp:attachment":[{"href":"http:\/\/klubmamgdynia.pl\/index.php\/wp-json\/wp\/v2\/media?parent=4479"}],"wp:term":[{"taxonomy":"product_cat","embeddable":true,"href":"http:\/\/klubmamgdynia.pl\/index.php\/wp-json\/wp\/v2\/product_cat?post=4479"},{"taxonomy":"product_tag","embeddable":true,"href":"http:\/\/klubmamgdynia.pl\/index.php\/wp-json\/wp\/v2\/product_tag?post=4479"}],"curies":[{"name":"wp","href":"https:\/\/api.w.org\/{rel}","templated":true}]}}