{"id":4481,"date":"2011-11-26T01:31:18","date_gmt":"2011-11-26T00:31:18","guid":{"rendered":"http:\/\/klubmamgdynia.pl\/index.php\/produkt\/gazelo-samochod-z-lalkami-na-baterie-dzwiek-i-swiatlo-0911\/"},"modified":"2026-04-03T23:03:53","modified_gmt":"2026-04-03T21:03:53","slug":"gazelo-samochod-z-lalkami-na-baterie-dzwiek-i-swiatlo-0911","status":"publish","type":"product","link":"http:\/\/klubmamgdynia.pl\/index.php\/produkt\/gazelo-samochod-z-lalkami-na-baterie-dzwiek-i-swiatlo-0911\/","title":{"rendered":"Gazelo Samoch\u00f3d Z Lalkami Na Baterie D\u017awi\u0119k I \u015awiat\u0142o 0911"},"content":{"rendered":"<p>Auto R\u00f3\u017cowy Kabriolet dla lalek 4551<\/p>\n<h2>Gazelo Samoch\u00f3d Z Lalkami Na Baterie D\u017awi\u0119k I \u015awiat\u0142o 0911 Gazelo<\/h2>\n<p>m\u0105dre cytaty dla dzieci, leonardo imi\u0119, stare piosenki, henryk, prezent dla 16 latki, kajko i kokosz test z lektury, kolorowanka peppa, rzadkie imiona \u017ce\u0144skie polskie, zaproszenie na urodziny do druku pdf, pomys\u0142y na dzie\u0144 dziecka dla nastolatk\u00f3w, \u015bwinka peppa kolorowanka, \u015bmieszne kanapki kanapki dla dzieci, gry edukacyjne dla dzieci online za darmo, tr\u00f3jmiasto atrakcje dla dzieci, oliwier, zabawy dla 10 latk\u00f3w, miko\u0142ajek quiz, sentencje napisy cytaty o rodzinie, kolysanki tekst, kwiecien plecien, na roczek dla dziewczynki<\/p>\n<p>yyyyy<\/p>\n<p>&nbsp;<\/p>\n","protected":false},"excerpt":{"rendered":"<p>Auto R\u00f3\u017cowy Kabriolet dla lalek 4551 Gazelo Samoch\u00f3d Z Lalkami Na Baterie D\u017awi\u0119k I \u015awiat\u0142o 0911 Gazelo m\u0105dre cytaty dla dzieci, leonardo imi\u0119, stare piosenki, henryk, prezent dla 16 latki, kajko i kokosz test z lektury, kolorowanka peppa, rzadkie imiona \u017ce\u0144skie polskie, zaproszenie na urodziny do druku pdf, pomys\u0142y na dzie\u0144 dziecka dla nastolatk\u00f3w, \u015bwinka [&hellip;]<\/p>\n","protected":false},"featured_media":4482,"comment_status":"closed","ping_status":"open","template":"","meta":[],"product_cat":[172,1213],"product_tag":[864,789,787,760],"class_list":["post-4481","product","type-product","status-publish","has-post-thumbnail","hentry","product_cat-akcesoria-dla-lalek","product_cat-gazelo","product_tag-basen-warszawa","product_tag-kaczuszka","product_tag-nauka-pisania-wyrazow-dla-dzieci-do-druku-pdf","product_tag-zagadka-matematyczna"],"_links":{"self":[{"href":"http:\/\/klubmamgdynia.pl\/index.php\/wp-json\/wp\/v2\/product\/4481","targetHints":{"allow":["GET"]}}],"collection":[{"href":"http:\/\/klubmamgdynia.pl\/index.php\/wp-json\/wp\/v2\/product"}],"about":[{"href":"http:\/\/klubmamgdynia.pl\/index.php\/wp-json\/wp\/v2\/types\/product"}],"replies":[{"embeddable":true,"href":"http:\/\/klubmamgdynia.pl\/index.php\/wp-json\/wp\/v2\/comments?post=4481"}],"wp:featuredmedia":[{"embeddable":true,"href":"http:\/\/klubmamgdynia.pl\/index.php\/wp-json\/wp\/v2\/media\/4482"}],"wp:attachment":[{"href":"http:\/\/klubmamgdynia.pl\/index.php\/wp-json\/wp\/v2\/media?parent=4481"}],"wp:term":[{"taxonomy":"product_cat","embeddable":true,"href":"http:\/\/klubmamgdynia.pl\/index.php\/wp-json\/wp\/v2\/product_cat?post=4481"},{"taxonomy":"product_tag","embeddable":true,"href":"http:\/\/klubmamgdynia.pl\/index.php\/wp-json\/wp\/v2\/product_tag?post=4481"}],"curies":[{"name":"wp","href":"https:\/\/api.w.org\/{rel}","templated":true}]}}