{"id":4483,"date":"2019-12-30T16:29:28","date_gmt":"2019-12-30T15:29:28","guid":{"rendered":"http:\/\/klubmamgdynia.pl\/index.php\/produkt\/elodie-details-gryzak-pure-khaki\/"},"modified":"2026-05-17T21:19:19","modified_gmt":"2026-05-17T19:19:19","slug":"elodie-details-gryzak-pure-khaki","status":"publish","type":"product","link":"http:\/\/klubmamgdynia.pl\/index.php\/produkt\/elodie-details-gryzak-pure-khaki\/","title":{"rendered":"Elodie Details Gryzak Pure Khaki"},"content":{"rendered":"<p>Elodie Details &#8211; drewniane gryzaki Elodie &#8211; naturalne, ekologiczne. Pomog\u0105 u\u015bmierzy\u0107 b\u00f3l i dyskomfort z\u0105bkowania. Wykonany ze szlifowanego drewna, nie zawiera olej\u00f3w &#8211; jest w pe\u0142ni bezpieczny dla dziecka.<\/p>\n<h2>Elodie Details Gryzak Pure Khaki Elodie Details<\/h2>\n<p>rysunki do druku, prezent dla 14 letniej dziewczyny, glupie zagadki, co kupi\u0107 dziecku na roczek, zagadki przyrodnicze, zagadki o zwierz\u0119tach le\u015bnych dla dzieci, \u0142amig\u0142\u00f3wki do druku, farma dyni poznan, koty do druku, 45 pa\u0144stw europy i ich stolice quiz, prezenty na urodziny dla nastolatk\u00f3w, cytaty przyja\u017a\u0144, zagadki o lesie, cytaty z ma\u0142ego ksi\u0119cia o przyja\u017ani, prezent dla ch\u0142opca na roczek, pomysly na prima aprilis, cicha noc po angielsku<\/p>\n<p>yyyyy<\/p>\n<p>&nbsp;<\/p>\n","protected":false},"excerpt":{"rendered":"<p>Elodie Details &#8211; drewniane gryzaki Elodie &#8211; naturalne, ekologiczne. Pomog\u0105 u\u015bmierzy\u0107 b\u00f3l i dyskomfort z\u0105bkowania. Wykonany ze szlifowanego drewna, nie zawiera olej\u00f3w &#8211; jest w pe\u0142ni bezpieczny dla dziecka. Elodie Details Gryzak Pure Khaki Elodie Details rysunki do druku, prezent dla 14 letniej dziewczyny, glupie zagadki, co kupi\u0107 dziecku na roczek, zagadki przyrodnicze, zagadki o [&hellip;]<\/p>\n","protected":false},"featured_media":4484,"comment_status":"closed","ping_status":"open","template":"","meta":[],"product_cat":[1235,63],"product_tag":[666,831,813,703,876,769],"class_list":["post-4483","product","type-product","status-publish","has-post-thumbnail","hentry","product_cat-elodie-details","product_cat-grzechotki-i-gryzaki","product_tag-afrykanskie-imiona","product_tag-bruno","product_tag-krotkie-zagadki-matematyczne-z-odpowiedziami","product_tag-prezent-dla-nastolatki","product_tag-przyjazn","product_tag-psi-patrol-do-czytania"],"_links":{"self":[{"href":"http:\/\/klubmamgdynia.pl\/index.php\/wp-json\/wp\/v2\/product\/4483","targetHints":{"allow":["GET"]}}],"collection":[{"href":"http:\/\/klubmamgdynia.pl\/index.php\/wp-json\/wp\/v2\/product"}],"about":[{"href":"http:\/\/klubmamgdynia.pl\/index.php\/wp-json\/wp\/v2\/types\/product"}],"replies":[{"embeddable":true,"href":"http:\/\/klubmamgdynia.pl\/index.php\/wp-json\/wp\/v2\/comments?post=4483"}],"wp:featuredmedia":[{"embeddable":true,"href":"http:\/\/klubmamgdynia.pl\/index.php\/wp-json\/wp\/v2\/media\/4484"}],"wp:attachment":[{"href":"http:\/\/klubmamgdynia.pl\/index.php\/wp-json\/wp\/v2\/media?parent=4483"}],"wp:term":[{"taxonomy":"product_cat","embeddable":true,"href":"http:\/\/klubmamgdynia.pl\/index.php\/wp-json\/wp\/v2\/product_cat?post=4483"},{"taxonomy":"product_tag","embeddable":true,"href":"http:\/\/klubmamgdynia.pl\/index.php\/wp-json\/wp\/v2\/product_tag?post=4483"}],"curies":[{"name":"wp","href":"https:\/\/api.w.org\/{rel}","templated":true}]}}