{"id":4485,"date":"2014-06-21T15:28:40","date_gmt":"2014-06-21T13:28:40","guid":{"rendered":"http:\/\/klubmamgdynia.pl\/index.php\/produkt\/gazelo-auto-straz-pozarna-137762\/"},"modified":"2026-04-05T15:22:11","modified_gmt":"2026-04-05T13:22:11","slug":"gazelo-auto-straz-pozarna-137762","status":"publish","type":"product","link":"http:\/\/klubmamgdynia.pl\/index.php\/produkt\/gazelo-auto-straz-pozarna-137762\/","title":{"rendered":"Gazelo Auto stra\u017c po\u017carna 137762"},"content":{"rendered":"<p>SUPER CENA &#8211; TANIA DOSTAWA ! &#8211; gazelo Auto stra\u017c po\u017carna 137762 &#8211; PACZKOMAT, POCZTA, KURIER<\/p>\n<h2>Gazelo Auto stra\u017c po\u017carna 137762 Gazelo<\/h2>\n<p>list do miko\u0142aja wz\u00f3r pdf, kolorowanki pokemon do druku, delfinarium polska, kolorowanka spiderman, julian, psi patrol kolorowanka, plac zamkowy, quizy o koniach, zagadki dla dzieci 7 lat, minecraft szablony do druku, ry\u017c z owocami, testy na znaki drogowe, maski superbohater\u00f3w do wydrukowania, kolorowanki dla dziewczyn, pokemony do druku, wyprawka warszawiaka 2021, kolorowanki lato, gry planszowe dla nastolatk\u00f3w<\/p>\n<p>yyyyy<\/p>\n<p>&nbsp;<\/p>\n","protected":false},"excerpt":{"rendered":"<p>SUPER CENA &#8211; TANIA DOSTAWA ! &#8211; gazelo Auto stra\u017c po\u017carna 137762 &#8211; PACZKOMAT, POCZTA, KURIER Gazelo Auto stra\u017c po\u017carna 137762 Gazelo list do miko\u0142aja wz\u00f3r pdf, kolorowanki pokemon do druku, delfinarium polska, kolorowanka spiderman, julian, psi patrol kolorowanka, plac zamkowy, quizy o koniach, zagadki dla dzieci 7 lat, minecraft szablony do druku, ry\u017c z [&hellip;]<\/p>\n","protected":false},"featured_media":4486,"comment_status":"closed","ping_status":"open","template":"","meta":[],"product_cat":[83,1213],"product_tag":[772,702,729,609],"class_list":["post-4485","product","type-product","status-publish","has-post-thumbnail","hentry","product_cat-auta-i-inne-pojazdy-do-zabawy","product_cat-gazelo","product_tag-45-panstw-europy-i-ich-stolice-quiz","product_tag-co-kupic-na-roczek-dla-dziewczynki","product_tag-madre-bajki-dla-dzieci-do-czytania","product_tag-quiz-flagi-europy"],"_links":{"self":[{"href":"http:\/\/klubmamgdynia.pl\/index.php\/wp-json\/wp\/v2\/product\/4485","targetHints":{"allow":["GET"]}}],"collection":[{"href":"http:\/\/klubmamgdynia.pl\/index.php\/wp-json\/wp\/v2\/product"}],"about":[{"href":"http:\/\/klubmamgdynia.pl\/index.php\/wp-json\/wp\/v2\/types\/product"}],"replies":[{"embeddable":true,"href":"http:\/\/klubmamgdynia.pl\/index.php\/wp-json\/wp\/v2\/comments?post=4485"}],"wp:featuredmedia":[{"embeddable":true,"href":"http:\/\/klubmamgdynia.pl\/index.php\/wp-json\/wp\/v2\/media\/4486"}],"wp:attachment":[{"href":"http:\/\/klubmamgdynia.pl\/index.php\/wp-json\/wp\/v2\/media?parent=4485"}],"wp:term":[{"taxonomy":"product_cat","embeddable":true,"href":"http:\/\/klubmamgdynia.pl\/index.php\/wp-json\/wp\/v2\/product_cat?post=4485"},{"taxonomy":"product_tag","embeddable":true,"href":"http:\/\/klubmamgdynia.pl\/index.php\/wp-json\/wp\/v2\/product_tag?post=4485"}],"curies":[{"name":"wp","href":"https:\/\/api.w.org\/{rel}","templated":true}]}}