{"id":4487,"date":"2011-01-12T17:33:43","date_gmt":"2011-01-12T16:33:43","guid":{"rendered":"http:\/\/klubmamgdynia.pl\/index.php\/produkt\/jabadabado-pociag-kolorowy\/"},"modified":"2026-05-17T22:20:47","modified_gmt":"2026-05-17T20:20:47","slug":"jabadabado-pociag-kolorowy","status":"publish","type":"product","link":"http:\/\/klubmamgdynia.pl\/index.php\/produkt\/jabadabado-pociag-kolorowy\/","title":{"rendered":"Jabadabado Poci\u0105g Kolorowy"},"content":{"rendered":"<p>Uroczy drewniany poci\u0105g z klockami do nak\u0142adania, i sznureczkiem do ci\u0105gni\u0119cia w pi\u0119knej \u017cywej kolorystyce ka\u017cdy klocek z innym motywem kolorystycznym, z pewno\u015bci\u0105 spodoba si\u0119 ka\u017cdemu maluchowi. Produkt szwedzkiej marki Jabadabado sk\u0142ada si\u0119 z dw\u00f3ch wagon\u00f3w, a ka\u017cdy z wagon\u00f3w przewozi swoje klocki. Poci\u0105g posiada wygodny sznurek do ci\u0105gni\u0119cia, co z pewno\u015bci\u0105 urozmaici zabaw\u0119. Zapakowany w estetyczne pude\u0142ko, idealnie sprawdzi si\u0119 na prezent.\u015awietna zabawka edukacyjna nie tylko do ci\u0105gni\u0119cia, ale r\u00f3wnie\u017c do nauki kszta\u0142t\u00f3w i poznawania kolor\u00f3w. \u0106wiczy ma\u0142a motoryk\u0119, i koordynacj\u0119 r\u0119ka-oko.Wiek: 18mscWymiary: 35 x 7 c 11 cmJabadabado to szwedzka firma istniej\u0105ca na rynku od 1993 roku specjalizuj\u0105ca si\u0119 w projektowaniu i produkcji zabawek drewnianych, element\u00f3w wyposa\u017cenia pokoi dzieci\u0119cych. Wszystkie produkty Jabadabado cechuje oryginalny design, pi\u0119kna kolorystyka i niezwykle staranne wykonanie. Wszystkie zabawki marki Jabadabado stworzone s\u0105 z my\u015bl\u0105 o dzieciach i pobudzaj\u0105 do kreatywnej zabawy.<\/p>\n<h2>Jabadabado Poci\u0105g Kolorowy Jabadabado<\/h2>\n<p>quizy o koniach, milan imie, zagadki logiczne dla dzieci, quiz o miko\u0142ajku, cytat o dzieciach, pani wiosna do druku, cytaty o dzieciach i rodzicach, beniamin imi\u0119, kolorowanka do wydruku, cytat o przyja\u017ani, kolorowanki wakacje, gdzie strumyk p\u0142ynie z wolna, jak narysowa\u0107 konia, nadie\u017cda imi\u0119, quiz felix net i nika oraz gang niewidzialnych ludzi, kotek kolorowanka do druku<\/p>\n<p>yyyyy<\/p>\n<p>&nbsp;<\/p>\n","protected":false},"excerpt":{"rendered":"<p>Uroczy drewniany poci\u0105g z klockami do nak\u0142adania, i sznureczkiem do ci\u0105gni\u0119cia w pi\u0119knej \u017cywej kolorystyce ka\u017cdy klocek z innym motywem kolorystycznym, z pewno\u015bci\u0105 spodoba si\u0119 ka\u017cdemu maluchowi. Produkt szwedzkiej marki Jabadabado sk\u0142ada si\u0119 z dw\u00f3ch wagon\u00f3w, a ka\u017cdy z wagon\u00f3w przewozi swoje klocki. Poci\u0105g posiada wygodny sznurek do ci\u0105gni\u0119cia, co z pewno\u015bci\u0105 urozmaici zabaw\u0119. Zapakowany [&hellip;]<\/p>\n","protected":false},"featured_media":4488,"comment_status":"closed","ping_status":"open","template":"","meta":[],"product_cat":[83,483],"product_tag":[802,795,812],"class_list":["post-4487","product","type-product","status-publish","has-post-thumbnail","hentry","product_cat-auta-i-inne-pojazdy-do-zabawy","product_cat-jabadabado","product_tag-co-kupic-dziewczynce-na-roczek","product_tag-mini-zoo-warszawa","product_tag-zagadki-logiczne-na-inteligencje"],"_links":{"self":[{"href":"http:\/\/klubmamgdynia.pl\/index.php\/wp-json\/wp\/v2\/product\/4487","targetHints":{"allow":["GET"]}}],"collection":[{"href":"http:\/\/klubmamgdynia.pl\/index.php\/wp-json\/wp\/v2\/product"}],"about":[{"href":"http:\/\/klubmamgdynia.pl\/index.php\/wp-json\/wp\/v2\/types\/product"}],"replies":[{"embeddable":true,"href":"http:\/\/klubmamgdynia.pl\/index.php\/wp-json\/wp\/v2\/comments?post=4487"}],"wp:featuredmedia":[{"embeddable":true,"href":"http:\/\/klubmamgdynia.pl\/index.php\/wp-json\/wp\/v2\/media\/4488"}],"wp:attachment":[{"href":"http:\/\/klubmamgdynia.pl\/index.php\/wp-json\/wp\/v2\/media?parent=4487"}],"wp:term":[{"taxonomy":"product_cat","embeddable":true,"href":"http:\/\/klubmamgdynia.pl\/index.php\/wp-json\/wp\/v2\/product_cat?post=4487"},{"taxonomy":"product_tag","embeddable":true,"href":"http:\/\/klubmamgdynia.pl\/index.php\/wp-json\/wp\/v2\/product_tag?post=4487"}],"curies":[{"name":"wp","href":"https:\/\/api.w.org\/{rel}","templated":true}]}}