{"id":4489,"date":"2016-01-10T08:25:56","date_gmt":"2016-01-10T07:25:56","guid":{"rendered":"http:\/\/klubmamgdynia.pl\/index.php\/produkt\/mega-creative-pistolet-z-dzwiekiem-500298\/"},"modified":"2026-04-24T17:01:59","modified_gmt":"2026-04-24T15:01:59","slug":"mega-creative-pistolet-z-dzwiekiem-500298","status":"publish","type":"product","link":"http:\/\/klubmamgdynia.pl\/index.php\/produkt\/mega-creative-pistolet-z-dzwiekiem-500298\/","title":{"rendered":"Mega Creative Pistolet Z D\u017awi\u0119kiem 500298"},"content":{"rendered":"<p>Zalety produktu: zabawka posiada efekt d\u017awi\u0119kowy kt\u00f3ry wydobywa si\u0119 po naci\u015bni\u0119ciu spustu. Ch\u0142opcy uwielbiaj\u0105 kosmiczne przebrania oraz wszelk\u0105 bro\u0144 do walki o nasz\u0105 planet\u0119 ze z\u0142ymi mocami. Pistolet MEGA CREATIVE przyda si\u0119 zar\u00f3wno do wspania\u0142ej zabawy w kosmicznych wojownik\u00f3w oraz jako element przebrania na bal przebiera\u0144c\u00f3w Zawarto\u015b\u0107 zestawu: pistolet, odznaka policyjna. Wymiary\/waga\/baterie: wymiary produktu d\u0142. x wys. x g\u0142. cm : 30x14x3, wymiary opakowania d\u0142. x wys. x g\u0142. cm : 16x24x4 , waga produktu bez opakowania kg : 0,08 kg, waga produktu w opakowaniu display kg : 0,10 kg, nie wymaga zasilania bateriami. Produkt przeznaczony dla dzieci w wieku: 3 . Pakowny na blistrze. W kartonie zbiorczym po 156 szt.<\/p>\n<h2>Mega Creative Pistolet Z D\u017awi\u0119kiem 500298 Mega Creative<\/h2>\n<p>zagadki i odpowiedzi, test z lektury felix net i nika oraz gang niewidzialnych ludzi, kolorowanki na andrzejki do wydruku, 1 listopada dzie\u0144 wszystkich \u015bwi\u0119tych kolorowanki, wakacyjne kolorowanki, test z opowie\u015bci z narnii, anastazja imi\u0119, cytaty o dzieciach i rodzinie, kolorowanka kotek, kolorowanka ninjago, quizy ortograficzne trudne, proste dekoracje \u015bwi\u0105teczne dla dzieci, piosenka na dzie\u0144 mamy tekst, quiz o bajkach, jad\u0105 jad\u0105 misie tekst, co na prezent dla nastolatk\u00f3w, miko\u0142ajek sprawdzian z lektury z odpowiedziami, zabawy z pi\u0142k\u0105, testy z lektury miko\u0142ajek<\/p>\n<p>yyyyy<\/p>\n<p>&nbsp;<\/p>\n","protected":false},"excerpt":{"rendered":"<p>Zalety produktu: zabawka posiada efekt d\u017awi\u0119kowy kt\u00f3ry wydobywa si\u0119 po naci\u015bni\u0119ciu spustu. Ch\u0142opcy uwielbiaj\u0105 kosmiczne przebrania oraz wszelk\u0105 bro\u0144 do walki o nasz\u0105 planet\u0119 ze z\u0142ymi mocami. Pistolet MEGA CREATIVE przyda si\u0119 zar\u00f3wno do wspania\u0142ej zabawy w kosmicznych wojownik\u00f3w oraz jako element przebrania na bal przebiera\u0144c\u00f3w Zawarto\u015b\u0107 zestawu: pistolet, odznaka policyjna. Wymiary\/waga\/baterie: wymiary produktu d\u0142. [&hellip;]<\/p>\n","protected":false},"featured_media":4490,"comment_status":"closed","ping_status":"open","template":"","meta":[],"product_cat":[64,40],"product_tag":[668,780,640,591,579],"class_list":["post-4489","product","type-product","status-publish","has-post-thumbnail","hentry","product_cat-mega-creative","product_cat-zabawki-militarne","product_tag-atrakcje-dla-dzieci-wroclaw","product_tag-krecik-bajka","product_tag-prezent-dla-rocznej-dziewczynki","product_tag-quiz-o-minecraft","product_tag-quiz-opowiesci-z-narnii-lew-czarownica-i-stara-szafa"],"_links":{"self":[{"href":"http:\/\/klubmamgdynia.pl\/index.php\/wp-json\/wp\/v2\/product\/4489","targetHints":{"allow":["GET"]}}],"collection":[{"href":"http:\/\/klubmamgdynia.pl\/index.php\/wp-json\/wp\/v2\/product"}],"about":[{"href":"http:\/\/klubmamgdynia.pl\/index.php\/wp-json\/wp\/v2\/types\/product"}],"replies":[{"embeddable":true,"href":"http:\/\/klubmamgdynia.pl\/index.php\/wp-json\/wp\/v2\/comments?post=4489"}],"wp:featuredmedia":[{"embeddable":true,"href":"http:\/\/klubmamgdynia.pl\/index.php\/wp-json\/wp\/v2\/media\/4490"}],"wp:attachment":[{"href":"http:\/\/klubmamgdynia.pl\/index.php\/wp-json\/wp\/v2\/media?parent=4489"}],"wp:term":[{"taxonomy":"product_cat","embeddable":true,"href":"http:\/\/klubmamgdynia.pl\/index.php\/wp-json\/wp\/v2\/product_cat?post=4489"},{"taxonomy":"product_tag","embeddable":true,"href":"http:\/\/klubmamgdynia.pl\/index.php\/wp-json\/wp\/v2\/product_tag?post=4489"}],"curies":[{"name":"wp","href":"https:\/\/api.w.org\/{rel}","templated":true}]}}