{"id":449,"date":"2025-10-03T14:47:23","date_gmt":"2025-10-03T12:47:23","guid":{"rendered":"http:\/\/klubmamgdynia.pl\/?post_type=product&#038;p=449"},"modified":"2026-04-05T21:06:30","modified_gmt":"2026-04-05T19:06:30","slug":"adar-ubranko-dla-lalki-45cm-506268","status":"publish","type":"product","link":"http:\/\/klubmamgdynia.pl\/index.php\/produkt\/adar-ubranko-dla-lalki-45cm-506268\/","title":{"rendered":"Adar Ubranko Dla Lalki 45Cm 506268"},"content":{"rendered":"<p>\u015apioszek wykonany z mi\u0119kkiego materia\u0142u, jest bardzo wygodny &#8211; idealny na d\u0142ugie godziny leniuchowania i przytulania na sofie. Wieszaczek w zestawie.<\/p>\n<h2>Adar Ubranko Dla Lalki 45Cm 506268 Adar<\/h2>\n<p>wszystkie kraje \u015bwiata quiz, malowanki dla dzieci do druku, imi\u0119 alan, gdzie strumyk p\u0142ynie z wolna tekst, bajka dla dzieci do czytania, rzadkie imiona japo\u0144skie, zdrowe dania dla dzieci, ma\u0142y ksi\u0105\u017c\u0119 cytaty o mi\u0142o\u015bci, gwiazdka do druku, prezent dla nastolatk\u00f3w ch\u0142opc\u00f3w, mandala kolorowanka, ferie warszawa 2022, irma, hot wheels kolorowanka, list do gwiazdora<\/p>\n<p>yyyyy<\/p>\n<p>&nbsp;<\/p>\n","protected":false},"excerpt":{"rendered":"<p>\u015apioszek wykonany z mi\u0119kkiego materia\u0142u, jest bardzo wygodny &#8211; idealny na d\u0142ugie godziny leniuchowania i przytulania na sofie. Wieszaczek w zestawie. Adar Ubranko Dla Lalki 45Cm 506268 Adar wszystkie kraje \u015bwiata quiz, malowanki dla dzieci do druku, imi\u0119 alan, gdzie strumyk p\u0142ynie z wolna tekst, bajka dla dzieci do czytania, rzadkie imiona japo\u0144skie, zdrowe dania [&hellip;]<\/p>\n","protected":false},"featured_media":450,"comment_status":"closed","ping_status":"open","template":"","meta":[],"product_cat":[175,50],"product_tag":[845,839,775,576,824,588],"class_list":["post-449","product","type-product","status-publish","has-post-thumbnail","hentry","product_cat-adar","product_cat-ubranka-i-buty-dla-lalek","product_tag-ach-spij-kochanie-tekst","product_tag-bajki-na-dobranoc-do-czytania","product_tag-kolorowanki-do-druku-pokemon","product_tag-trudne-zagadki","product_tag-warszawa-atrakcje-dla-dzieci","product_tag-wzruszajace-slowa-dla-przyjaciela"],"_links":{"self":[{"href":"http:\/\/klubmamgdynia.pl\/index.php\/wp-json\/wp\/v2\/product\/449","targetHints":{"allow":["GET"]}}],"collection":[{"href":"http:\/\/klubmamgdynia.pl\/index.php\/wp-json\/wp\/v2\/product"}],"about":[{"href":"http:\/\/klubmamgdynia.pl\/index.php\/wp-json\/wp\/v2\/types\/product"}],"replies":[{"embeddable":true,"href":"http:\/\/klubmamgdynia.pl\/index.php\/wp-json\/wp\/v2\/comments?post=449"}],"wp:featuredmedia":[{"embeddable":true,"href":"http:\/\/klubmamgdynia.pl\/index.php\/wp-json\/wp\/v2\/media\/450"}],"wp:attachment":[{"href":"http:\/\/klubmamgdynia.pl\/index.php\/wp-json\/wp\/v2\/media?parent=449"}],"wp:term":[{"taxonomy":"product_cat","embeddable":true,"href":"http:\/\/klubmamgdynia.pl\/index.php\/wp-json\/wp\/v2\/product_cat?post=449"},{"taxonomy":"product_tag","embeddable":true,"href":"http:\/\/klubmamgdynia.pl\/index.php\/wp-json\/wp\/v2\/product_tag?post=449"}],"curies":[{"name":"wp","href":"https:\/\/api.w.org\/{rel}","templated":true}]}}