{"id":4493,"date":"2015-02-19T16:50:16","date_gmt":"2015-02-19T15:50:16","guid":{"rendered":"http:\/\/klubmamgdynia.pl\/index.php\/produkt\/jabadabado-nalesniki-drewniany-zestaw-do-smazenia-nalesnikow-zabawka\/"},"modified":"2026-04-23T02:59:31","modified_gmt":"2026-04-23T00:59:31","slug":"jabadabado-nalesniki-drewniany-zestaw-do-smazenia-nalesnikow-zabawka","status":"publish","type":"product","link":"http:\/\/klubmamgdynia.pl\/index.php\/produkt\/jabadabado-nalesniki-drewniany-zestaw-do-smazenia-nalesnikow-zabawka\/","title":{"rendered":"Jabadabado Nale\u015bniki -Drewniany Zestaw Do Sma\u017cenia Nale\u015bnik\u00f3w &#8211; Zabawka"},"content":{"rendered":"<p>Nale\u015bniki-drewniany zestaw do sma\u017cenia nale\u015bnik\u00f3w JabadabadoDrewniany zestaw do przyrz\u0105dzania i sma\u017cenia nale\u015bnik\u00f3w od skandynawskiej marki Jabadabado &#8211; to idealna propozycja dla dzieci uwielbiaj\u0105cych si\u0119 wciela\u0107 w rol\u0119 kucharza! Nale\u015bniki to lek na ca\u0142e z\u0142o, ka\u017cde dziecko je uwielbia &#8211; pyszne nale\u015bniki poprawiaj\u0105 humor:)Dzisiaj mamy nale\u015bniki! Dzi\u0119ki naszemu drewnianemu zestawowi nale\u015bniki do zabawy nawet najm\u0142odsi kucharze mog\u0105 przygotowa\u0107 pyszne nale\u015bniki z ulubionymi dodatkami na rzep. Na patelni jest wystarczaj\u0105co du\u017co miejsca na nale\u015bniki, kt\u00f3re mo\u017cna ozdobi\u0107 swoimi ulubionymi dodatkami!Zabawa w dom i odgrywanie r\u00f3l doros\u0142ych to niezwykle kreatywna zabawa, kt\u00f3ra pobudza wyobra\u017ani\u0119 dzieci\u0119c\u0105, rozwija s\u0142ownictwa, pomaga w zdobywaniu pewno\u015bci siebie i kszta\u0142tuje koordynacj\u0119 r\u0119ka-oko.W tym bogatym zestawie jest:-drewniana patelnia do sma\u017cenia nale\u015bnik\u00f3w,-drewniana \u0142y\u017cka &#8211; \u0142opatka do przewracania,-dwa nale\u015bniki z rzepami,-trzy plastry banana na rzep,-trzy kawa\u0142ki truskawek na rzep,- jagody na sznureczku,-d\u017cem truskawkowy,-bita \u015bmietana,-nutella.Zabawka rozwija:- wyobra\u017anie,- zdolno\u015bci manualne,- kreatywno\u015b\u0107,- umiej\u0119tno\u015b\u0107 wsp\u00f3\u0142pracy z innymi,- ciekawo\u015b\u0107.Wiek: 2+Wymiary opakowania:- 25 x 5 x 18 cmJabadabado to szwedzka firma istniej\u0105ca na rynku od 1993 roku specjalizuj\u0105ca si\u0119 w projektowaniu i produkcji zabawek drewnianych, element\u00f3w wyposa\u017cenia pokoi dzieci\u0119cych. Wszystkie produkty Jabadabado cechuje oryginalny design, pi\u0119kna kolorystyka i niezwykle staranne wykonanie. Wszystkie zabawki marki Jabadabado stworzone s\u0105 z my\u015bl\u0105 o dzieciach i pobudzaj\u0105 do kreatywnej zabawy.<\/p>\n<h2>Jabadabado Nale\u015bniki -Drewniany Zestaw Do Sma\u017cenia Nale\u015bnik\u00f3w &#8211; Zabawka Jabadabado<\/h2>\n<p>lukrecja imi\u0119, origami kotek, zagadki wiosenne dla dzieci, kolorowanka minionki, nietypowe imiona damskie, zagadki logiczne i odpowiedzi, gabriela imie, ozdoby wielkanocne kt\u00f3re mog\u0105 zrobi\u0107 dzieci, wakacje kolorowanka, Keyword, wz\u00f3r dyplomu do pobrania, zaproszenia urodzinowe do druku, koty kolorowanki do druku, quiz opowie\u015bci z narnii lew czarownica i stara szafa, kolorowanka minecraft, imie kuba, podchwytliwe zagadki na inteligencj\u0119<\/p>\n<p>yyyyy<\/p>\n<p>&nbsp;<\/p>\n","protected":false},"excerpt":{"rendered":"<p>Nale\u015bniki-drewniany zestaw do sma\u017cenia nale\u015bnik\u00f3w JabadabadoDrewniany zestaw do przyrz\u0105dzania i sma\u017cenia nale\u015bnik\u00f3w od skandynawskiej marki Jabadabado &#8211; to idealna propozycja dla dzieci uwielbiaj\u0105cych si\u0119 wciela\u0107 w rol\u0119 kucharza! Nale\u015bniki to lek na ca\u0142e z\u0142o, ka\u017cde dziecko je uwielbia &#8211; pyszne nale\u015bniki poprawiaj\u0105 humor:)Dzisiaj mamy nale\u015bniki! Dzi\u0119ki naszemu drewnianemu zestawowi nale\u015bniki do zabawy nawet najm\u0142odsi kucharze [&hellip;]<\/p>\n","protected":false},"featured_media":4494,"comment_status":"closed","ping_status":"open","template":"","meta":[],"product_cat":[483,53],"product_tag":[825,793,756],"class_list":["post-4493","product","type-product","status-publish","has-post-thumbnail","hentry","product_cat-jabadabado","product_cat-kaciki-zabaw","product_tag-bajka-na-dobranoc-do-czytania","product_tag-zagadki-smieszne-podchwytliwe","product_tag-zaproszenie-na-urodziny-do-druku"],"_links":{"self":[{"href":"http:\/\/klubmamgdynia.pl\/index.php\/wp-json\/wp\/v2\/product\/4493","targetHints":{"allow":["GET"]}}],"collection":[{"href":"http:\/\/klubmamgdynia.pl\/index.php\/wp-json\/wp\/v2\/product"}],"about":[{"href":"http:\/\/klubmamgdynia.pl\/index.php\/wp-json\/wp\/v2\/types\/product"}],"replies":[{"embeddable":true,"href":"http:\/\/klubmamgdynia.pl\/index.php\/wp-json\/wp\/v2\/comments?post=4493"}],"wp:featuredmedia":[{"embeddable":true,"href":"http:\/\/klubmamgdynia.pl\/index.php\/wp-json\/wp\/v2\/media\/4494"}],"wp:attachment":[{"href":"http:\/\/klubmamgdynia.pl\/index.php\/wp-json\/wp\/v2\/media?parent=4493"}],"wp:term":[{"taxonomy":"product_cat","embeddable":true,"href":"http:\/\/klubmamgdynia.pl\/index.php\/wp-json\/wp\/v2\/product_cat?post=4493"},{"taxonomy":"product_tag","embeddable":true,"href":"http:\/\/klubmamgdynia.pl\/index.php\/wp-json\/wp\/v2\/product_tag?post=4493"}],"curies":[{"name":"wp","href":"https:\/\/api.w.org\/{rel}","templated":true}]}}