{"id":4495,"date":"2021-11-01T14:49:31","date_gmt":"2021-11-01T13:49:31","guid":{"rendered":"http:\/\/klubmamgdynia.pl\/index.php\/produkt\/clementoni-puzzle-1000el-life-collection-w-kinie\/"},"modified":"2026-04-04T01:28:37","modified_gmt":"2026-04-03T23:28:37","slug":"clementoni-puzzle-1000el-life-collection-w-kinie","status":"publish","type":"product","link":"http:\/\/klubmamgdynia.pl\/index.php\/produkt\/clementoni-puzzle-1000el-life-collection-w-kinie\/","title":{"rendered":"Clementoni Puzzle 1000el. Life Collection. W kinie"},"content":{"rendered":"<p>Puzzle 1000 el LIFE COLLECTIONGruba tektura puzzlowa i specjalna technologia druku zapewniaj\u0105 produkt wysokiej klasy.Wymiar uk\u0142adanki 69 50 cm&#8230;<\/p>\n<h2>Clementoni Puzzle 1000el. Life Collection. W kinie Clementoni<\/h2>\n<p>zagadki dla dzieci, bajki na dobranoc dla dzieci, historia pluszowego misia dla dzieci, prezent dla siedemnastolatka, prezent na 1 urodziny, przechowywanie zabawek, 45 pa\u0144stw europy i ich stolice quiz, pokemon kolorowanka, nauka pisania literek do wydruku pdf, tupu tup po \u015bniegu tekst, wiersze o wio\u015bnie jana brzechwy<\/p>\n<p>yyyyy<\/p>\n<p>&nbsp;<\/p>\n","protected":false},"excerpt":{"rendered":"<p>Puzzle 1000 el LIFE COLLECTIONGruba tektura puzzlowa i specjalna technologia druku zapewniaj\u0105 produkt wysokiej klasy.Wymiar uk\u0142adanki 69 50 cm&#8230; Clementoni Puzzle 1000el. Life Collection. W kinie Clementoni zagadki dla dzieci, bajki na dobranoc dla dzieci, historia pluszowego misia dla dzieci, prezent dla siedemnastolatka, prezent na 1 urodziny, przechowywanie zabawek, 45 pa\u0144stw europy i ich stolice [&hellip;]<\/p>\n","protected":false},"featured_media":4496,"comment_status":"closed","ping_status":"open","template":"","meta":[],"product_cat":[163,90],"product_tag":[834,662,858,711,579],"class_list":["post-4495","product","type-product","status-publish","has-post-thumbnail","hentry","product_cat-clementoni","product_cat-puzzle","product_tag-bajka-do-czytania-na-dobranoc","product_tag-bajki-na-dobranoc","product_tag-podchwytliwe-zagadki","product_tag-prezenty-dla-nastolatkow","product_tag-quiz-opowiesci-z-narnii-lew-czarownica-i-stara-szafa"],"_links":{"self":[{"href":"http:\/\/klubmamgdynia.pl\/index.php\/wp-json\/wp\/v2\/product\/4495","targetHints":{"allow":["GET"]}}],"collection":[{"href":"http:\/\/klubmamgdynia.pl\/index.php\/wp-json\/wp\/v2\/product"}],"about":[{"href":"http:\/\/klubmamgdynia.pl\/index.php\/wp-json\/wp\/v2\/types\/product"}],"replies":[{"embeddable":true,"href":"http:\/\/klubmamgdynia.pl\/index.php\/wp-json\/wp\/v2\/comments?post=4495"}],"wp:featuredmedia":[{"embeddable":true,"href":"http:\/\/klubmamgdynia.pl\/index.php\/wp-json\/wp\/v2\/media\/4496"}],"wp:attachment":[{"href":"http:\/\/klubmamgdynia.pl\/index.php\/wp-json\/wp\/v2\/media?parent=4495"}],"wp:term":[{"taxonomy":"product_cat","embeddable":true,"href":"http:\/\/klubmamgdynia.pl\/index.php\/wp-json\/wp\/v2\/product_cat?post=4495"},{"taxonomy":"product_tag","embeddable":true,"href":"http:\/\/klubmamgdynia.pl\/index.php\/wp-json\/wp\/v2\/product_tag?post=4495"}],"curies":[{"name":"wp","href":"https:\/\/api.w.org\/{rel}","templated":true}]}}