{"id":4497,"date":"2017-10-25T00:25:30","date_gmt":"2017-10-24T22:25:30","guid":{"rendered":"http:\/\/klubmamgdynia.pl\/index.php\/produkt\/pisarek-auto-pomoc-drogowa-816-6yw-pir-pis-5901353522308\/"},"modified":"2026-04-25T10:34:29","modified_gmt":"2026-04-25T08:34:29","slug":"pisarek-auto-pomoc-drogowa-816-6yw-pir-pis-5901353522308","status":"publish","type":"product","link":"http:\/\/klubmamgdynia.pl\/index.php\/produkt\/pisarek-auto-pomoc-drogowa-816-6yw-pir-pis-5901353522308\/","title":{"rendered":"Pisarek Auto Pomoc Drogowa (816 6Yw Pir Pis) (5901353522308)"},"content":{"rendered":"<p>Auto Pomoc drogowa pos\u0142u\u017cy z pomoc\u0105 przy kolizji drogowej.Zabawka przeznaczona dla dzieci od 3 lat.<\/p>\n<h2>Pisarek Auto Pomoc Drogowa (816 6Yw Pir Pis) (5901353522308) Pisarek<\/h2>\n<p>lucjan, nietypowe imiona, w\u0119gierska g\u00f3rka, ostatni dzwonek tekst, kartka walentynkowa r\u0119cznie robiona \u0142atwa<\/p>\n<p>yyyyy<\/p>\n<p>&nbsp;<\/p>\n","protected":false},"excerpt":{"rendered":"<p>Auto Pomoc drogowa pos\u0142u\u017cy z pomoc\u0105 przy kolizji drogowej.Zabawka przeznaczona dla dzieci od 3 lat. Pisarek Auto Pomoc Drogowa (816 6Yw Pir Pis) (5901353522308) Pisarek lucjan, nietypowe imiona, w\u0119gierska g\u00f3rka, ostatni dzwonek tekst, kartka walentynkowa r\u0119cznie robiona \u0142atwa yyyyy &nbsp;<\/p>\n","protected":false},"featured_media":4498,"comment_status":"closed","ping_status":"open","template":"","meta":[],"product_cat":[83,1236],"product_tag":[846,586,653,597],"class_list":["post-4497","product","type-product","status-publish","has-post-thumbnail","hentry","product_cat-auta-i-inne-pojazdy-do-zabawy","product_cat-pisarek","product_tag-rysowanki","product_tag-smieszne-zagadki","product_tag-warszawa-dla-dzieci","product_tag-zagadki-o-zimie"],"_links":{"self":[{"href":"http:\/\/klubmamgdynia.pl\/index.php\/wp-json\/wp\/v2\/product\/4497","targetHints":{"allow":["GET"]}}],"collection":[{"href":"http:\/\/klubmamgdynia.pl\/index.php\/wp-json\/wp\/v2\/product"}],"about":[{"href":"http:\/\/klubmamgdynia.pl\/index.php\/wp-json\/wp\/v2\/types\/product"}],"replies":[{"embeddable":true,"href":"http:\/\/klubmamgdynia.pl\/index.php\/wp-json\/wp\/v2\/comments?post=4497"}],"wp:featuredmedia":[{"embeddable":true,"href":"http:\/\/klubmamgdynia.pl\/index.php\/wp-json\/wp\/v2\/media\/4498"}],"wp:attachment":[{"href":"http:\/\/klubmamgdynia.pl\/index.php\/wp-json\/wp\/v2\/media?parent=4497"}],"wp:term":[{"taxonomy":"product_cat","embeddable":true,"href":"http:\/\/klubmamgdynia.pl\/index.php\/wp-json\/wp\/v2\/product_cat?post=4497"},{"taxonomy":"product_tag","embeddable":true,"href":"http:\/\/klubmamgdynia.pl\/index.php\/wp-json\/wp\/v2\/product_tag?post=4497"}],"curies":[{"name":"wp","href":"https:\/\/api.w.org\/{rel}","templated":true}]}}