{"id":4499,"date":"2014-02-25T10:12:09","date_gmt":"2014-02-25T09:12:09","guid":{"rendered":"http:\/\/klubmamgdynia.pl\/index.php\/produkt\/smoby-domek-nature-810704\/"},"modified":"2026-05-17T22:57:16","modified_gmt":"2026-05-17T20:57:16","slug":"smoby-domek-nature-810704","status":"publish","type":"product","link":"http:\/\/klubmamgdynia.pl\/index.php\/produkt\/smoby-domek-nature-810704\/","title":{"rendered":"Smoby Domek Nature 810704"},"content":{"rendered":"<p>Smoby Domek Nature 810704<\/p>\n<p>Niewielki domek dla<br \/>\ndzieci z serii Nature to kompaktowe centrum zabaw dla Twoich pociech. Domek<br \/>\njest w \u015blicznych jaskrawych kolorach, wi\u0119c idealnie wpasuje si\u0119 do ogrodu, by<br \/>\nmaluszki mog\u0142y swobodnie harcowa\u0107 w pogodne dni. Domek posiada 2 okna z<br \/>\n\u017caluzjami i odsuwanymi okiennicami po obu stronach. Na \u015bcianach znajduj\u0105 si\u0119<br \/>\nwizerunki zwierz\u0105t, wi\u0119c wygl\u0105d jest przyjazny i oryginalny. Posiada pow\u0142ok\u0119<br \/>\nANTI-UV, kt\u00f3ra chroni przed dzia\u0142aniem promieni s\u0142onecznych. Do domku pasuje<br \/>\ndzwonek do drzwi (810900). Cechy produktu: 2 okna z \u017caluzjami I odsuwanymi<br \/>\nokiennicami, podobizny zwierz\u0105t na \u015bcianach, przyjazny I oryginalny wygl\u0105d,<br \/>\npow\u0142oka ANTI \u2013 UV. Zestaw do samodzielnego monta\u017cu.                             <\/p>\n<p>Smoby to francuska<br \/>\nfirma z tradycjami si\u0119gaj\u0105cymi roku 1924, nale\u017c\u0105ca obecnie do niemieckiego<br \/>\nkoncernu zabawkarskiego Simba-Dickie Group, tworz\u0105ca, produkuj\u0105ca i dystrybuuj\u0105ca<br \/>\nbardzo szerok\u0105 gam\u0119 zabawek. Dzi\u015b produkty Smoby, wytwarzane w wi\u0119kszo\u015bci w<br \/>\nEuropie, ciesz\u0105 si\u0119 ogromn\u0105 popularno\u015bci\u0105, a cechuje je najwy\u017csza jako\u015b\u0107,<br \/>\nbezpiecze\u0144stwo i trwa\u0142o\u015b\u0107. Dzi\u0119ki temu, i\u017c s\u0105 one stuprocentowym gwarantem<br \/>\nrado\u015bci i dobrej zabawy dla najm\u0142odszych, trafi\u0142y ju\u017c niemal w ka\u017cdy zak\u0105tek<br \/>\n\u015bwiata.<\/p>\n<h2>Smoby Domek Nature 810704 Smoby<\/h2>\n<p>ela znaczenie imienia, \u015bmieszne kanapki kanapki dla dzieci, lato lato lato czeka tekst, zagadki dla dzieci 7 lat o zwierz\u0119tach, kr\u00f3tkie \u017cyczenia wielkanocne dla dzieci, drzewo genealogiczne do druku, cytaty o mi\u0142o\u015bci do dziecka, jak zrobi\u0107 samolot z papieru<\/p>\n<p>yyyyy<\/p>\n<p>&nbsp;<\/p>\n","protected":false},"excerpt":{"rendered":"<p>Smoby Domek Nature 810704 Niewielki domek dla dzieci z serii Nature to kompaktowe centrum zabaw dla Twoich pociech. Domek jest w \u015blicznych jaskrawych kolorach, wi\u0119c idealnie wpasuje si\u0119 do ogrodu, by maluszki mog\u0142y swobodnie harcowa\u0107 w pogodne dni. Domek posiada 2 okna z \u017caluzjami i odsuwanymi okiennicami po obu stronach. Na \u015bcianach znajduj\u0105 si\u0119 wizerunki [&hellip;]<\/p>\n","protected":false},"featured_media":4500,"comment_status":"closed","ping_status":"open","template":"","meta":[],"product_cat":[282,556],"product_tag":[664,817,722,830],"class_list":["post-4499","product","type-product","status-publish","has-post-thumbnail","hentry","product_cat-domki-i-namioty-dla-dzieci","product_cat-smoby","product_tag-atrakcje-dla-dzieci-trojmiasto","product_tag-bajka-terapeutyczna-o-emocjach","product_tag-cytaty-o-przyjazni","product_tag-rodzina-cytaty"],"_links":{"self":[{"href":"http:\/\/klubmamgdynia.pl\/index.php\/wp-json\/wp\/v2\/product\/4499","targetHints":{"allow":["GET"]}}],"collection":[{"href":"http:\/\/klubmamgdynia.pl\/index.php\/wp-json\/wp\/v2\/product"}],"about":[{"href":"http:\/\/klubmamgdynia.pl\/index.php\/wp-json\/wp\/v2\/types\/product"}],"replies":[{"embeddable":true,"href":"http:\/\/klubmamgdynia.pl\/index.php\/wp-json\/wp\/v2\/comments?post=4499"}],"wp:featuredmedia":[{"embeddable":true,"href":"http:\/\/klubmamgdynia.pl\/index.php\/wp-json\/wp\/v2\/media\/4500"}],"wp:attachment":[{"href":"http:\/\/klubmamgdynia.pl\/index.php\/wp-json\/wp\/v2\/media?parent=4499"}],"wp:term":[{"taxonomy":"product_cat","embeddable":true,"href":"http:\/\/klubmamgdynia.pl\/index.php\/wp-json\/wp\/v2\/product_cat?post=4499"},{"taxonomy":"product_tag","embeddable":true,"href":"http:\/\/klubmamgdynia.pl\/index.php\/wp-json\/wp\/v2\/product_tag?post=4499"}],"curies":[{"name":"wp","href":"https:\/\/api.w.org\/{rel}","templated":true}]}}